{"id":204422,"date":"2018-11-19T14:22:23","date_gmt":"2018-11-19T12:22:23","guid":{"rendered":"https:\/\/www.huntersfriend.eu\/product\/plano-protector-series-single-1111-bogenkoffer\/"},"modified":"2025-10-14T08:45:18","modified_gmt":"2025-10-14T06:45:18","slug":"plano-protector-series-single-1111-bogenkoffer","status":"publish","type":"product","link":"https:\/\/www.huntersfriend.eu\/de\/produkt\/plano-protector-series-single-1111-bogenkoffer\/","title":{"rendered":"GenericProductName Protector Series Single 1111 Bogenkoffer"},"content":{"rendered":"<p>Einfache Hartschalenbogenkoffer haben eine muschelartige Form, eine S\u00e4ulenstruktur, schaumstoffgepolsterte B\u00f6den, Bogengurte, Pfeilhalter, vier Schnappverschl\u00fcsse und Verriegelungsringe. Diese robusten Koffer sind \u00e4u\u00dferst widerstandsf\u00e4hig und erf\u00fcllen ihren Zweck zuverl\u00e4ssig. Das gr\u00f6\u00dfere Modell 1111 kann erforderlich sein, um bestimmte B\u00f6gen mit unregelm\u00e4\u00dfiger Form unterzubringen.  <\/p>\n<p id=\"tw-target-text\" class=\"tw-data-text tw-text-large tw-ta\" dir=\"ltr\" data-placeholder=\"Translation\"><span lang=\"en\" tabindex=\"0\">Der abgebildete Bogen und das Zubeh\u00f6r sind nicht im Lieferumfang enthalten.<\/span><\/p>\n","protected":false},"excerpt":{"rendered":"<p>125*50*16<\/p>\n","protected":false},"featured_media":211221,"comment_status":"open","ping_status":"closed","template":"","meta":[],"product_brand":[],"product_cat":[1087],"product_tag":[],"class_list":{"0":"post-204422","1":"product","2":"type-product","3":"status-publish","4":"has-post-thumbnail","6":"product_cat-koffer-compund","7":"product_shipping_class-big-de","9":"first","10":"instock","11":"taxable","12":"shipping-taxable","13":"purchasable","14":"product-type-simple"},"composite_virtual":false,"composite_layout":"","composite_add_to_cart_form_location":"","composite_editable_in_cart":false,"composite_sold_individually_context":"","composite_shop_price_calc":"","composite_components":[],"composite_scenarios":[],"group_of_quantity":0,"min_quantity":0,"max_quantity":"","exclude_order_quantity_value_rules":"no","exclude_category_quantity_rules":"no","combine_variations":"no","exclude_global_add_ons":[],"addons":[],"_links":{"self":[{"href":"https:\/\/www.huntersfriend.eu\/de\/wp-json\/wp\/v2\/product\/204422","targetHints":{"allow":["GET"]}}],"collection":[{"href":"https:\/\/www.huntersfriend.eu\/de\/wp-json\/wp\/v2\/product"}],"about":[{"href":"https:\/\/www.huntersfriend.eu\/de\/wp-json\/wp\/v2\/types\/product"}],"replies":[{"embeddable":true,"href":"https:\/\/www.huntersfriend.eu\/de\/wp-json\/wp\/v2\/comments?post=204422"}],"wp:featuredmedia":[{"embeddable":true,"href":"https:\/\/www.huntersfriend.eu\/de\/wp-json\/wp\/v2\/media\/211221"}],"wp:attachment":[{"href":"https:\/\/www.huntersfriend.eu\/de\/wp-json\/wp\/v2\/media?parent=204422"}],"wp:term":[{"taxonomy":"product_brand","embeddable":true,"href":"https:\/\/www.huntersfriend.eu\/de\/wp-json\/wp\/v2\/product_brand?post=204422"},{"taxonomy":"product_cat","embeddable":true,"href":"https:\/\/www.huntersfriend.eu\/de\/wp-json\/wp\/v2\/product_cat?post=204422"},{"taxonomy":"product_tag","embeddable":true,"href":"https:\/\/www.huntersfriend.eu\/de\/wp-json\/wp\/v2\/product_tag?post=204422"}],"curies":[{"name":"wp","href":"https:\/\/api.w.org\/{rel}","templated":true}]}}