{"id":204403,"date":"2018-11-19T16:04:54","date_gmt":"2018-11-19T14:04:54","guid":{"rendered":"https:\/\/www.huntersfriend.eu\/product\/plano-protector-series-compact-1110-bogenkoffer\/"},"modified":"2025-06-23T11:17:34","modified_gmt":"2025-06-23T09:17:34","slug":"plano-protector-series-compact-1110-bogenkoffer","status":"publish","type":"product","link":"https:\/\/www.huntersfriend.eu\/de\/produkt\/plano-protector-series-compact-1110-bogenkoffer\/","title":{"rendered":"Plano Protector Series Kompakt-Bogenkoffer 1110"},"content":{"rendered":"<p>Einfache Hartschalenbogenkoffer haben eine muschelartige Form, eine S\u00e4ulenstruktur, schaumstoffgepolsterte B\u00f6den, Bogengurte, Pfeilhalter, vier Schnappverschl\u00fcsse und Verriegelungsringe. Diese robusten Koffer sind \u00e4u\u00dferst widerstandsf\u00e4hig und erf\u00fcllen ihren Zweck zuverl\u00e4ssig. Das gr\u00f6\u00dfere Modell 1111 kann erforderlich sein, um bestimmte B\u00f6gen mit unregelm\u00e4\u00dfiger Form unterzubringen.  <\/p>\n<p>Der Koffer wird ohne den in den Abbildungen gezeigten Bogen oder Zubeh\u00f6r geliefert.<br class=\"innova\"><span style=\"float: none; background-color: transparent; color: #383733; font-family: 'Open Sans',sans-serif; font-size: 12px; font-style: normal; font-variant: normal; font-weight: 400; letter-spacing: normal; text-align: left; text-decoration: none; text-indent: 0px;\">             <\/span><\/p>\n","protected":false},"excerpt":{"rendered":"<p>110*50*16, schwarz<\/p>\n","protected":false},"featured_media":210932,"comment_status":"open","ping_status":"closed","template":"","meta":[],"product_brand":[],"product_cat":[1087],"product_tag":[],"class_list":{"0":"post-204403","1":"product","2":"type-product","3":"status-publish","4":"has-post-thumbnail","6":"product_cat-koffer-compund","7":"product_shipping_class-big-de","9":"first","10":"instock","11":"taxable","12":"shipping-taxable","13":"purchasable","14":"product-type-simple"},"composite_virtual":false,"composite_layout":"","composite_add_to_cart_form_location":"","composite_editable_in_cart":false,"composite_sold_individually_context":"","composite_shop_price_calc":"","composite_components":[],"composite_scenarios":[],"group_of_quantity":0,"min_quantity":0,"max_quantity":"","exclude_order_quantity_value_rules":"no","exclude_category_quantity_rules":"no","combine_variations":"no","exclude_global_add_ons":[],"addons":[],"_links":{"self":[{"href":"https:\/\/www.huntersfriend.eu\/de\/wp-json\/wp\/v2\/product\/204403","targetHints":{"allow":["GET"]}}],"collection":[{"href":"https:\/\/www.huntersfriend.eu\/de\/wp-json\/wp\/v2\/product"}],"about":[{"href":"https:\/\/www.huntersfriend.eu\/de\/wp-json\/wp\/v2\/types\/product"}],"replies":[{"embeddable":true,"href":"https:\/\/www.huntersfriend.eu\/de\/wp-json\/wp\/v2\/comments?post=204403"}],"wp:featuredmedia":[{"embeddable":true,"href":"https:\/\/www.huntersfriend.eu\/de\/wp-json\/wp\/v2\/media\/210932"}],"wp:attachment":[{"href":"https:\/\/www.huntersfriend.eu\/de\/wp-json\/wp\/v2\/media?parent=204403"}],"wp:term":[{"taxonomy":"product_brand","embeddable":true,"href":"https:\/\/www.huntersfriend.eu\/de\/wp-json\/wp\/v2\/product_brand?post=204403"},{"taxonomy":"product_cat","embeddable":true,"href":"https:\/\/www.huntersfriend.eu\/de\/wp-json\/wp\/v2\/product_cat?post=204403"},{"taxonomy":"product_tag","embeddable":true,"href":"https:\/\/www.huntersfriend.eu\/de\/wp-json\/wp\/v2\/product_tag?post=204403"}],"curies":[{"name":"wp","href":"https:\/\/api.w.org\/{rel}","templated":true}]}}