{"id":204390,"date":"2018-11-19T14:19:18","date_gmt":"2018-11-19T12:19:18","guid":{"rendered":"https:\/\/www.huntersfriend.eu\/product\/plano-premium-parallel-limb-hartschalenkoffer-1144\/"},"modified":"2024-08-29T07:15:18","modified_gmt":"2024-08-29T05:15:18","slug":"plano-premium-parallel-limb-hartschalenkoffer-1144","status":"publish","type":"product","link":"https:\/\/www.huntersfriend.eu\/de\/produkt\/plano-premium-parallel-limb-hartschalenkoffer-1144\/","title":{"rendered":"Plano Premium Parallel Limb Hartschalenkoffer 1144"},"content":{"rendered":"<p>Plano Premium #1144 Bogenkoffer<br \/>Der Plano #1144 ist ein gro\u00dfer, robuster Bogenkoffer (41 &#8222;x17 &#8222;x7&#8220;) mit der perfekten Erg\u00e4nzung um Premium-Funktionen. Dieses Etui passt sich praktisch jedem Bogenstil und jeder Bogengr\u00f6\u00dfe an. Beim #1144 k\u00f6nnen die Strukturs\u00e4ulen an jeder beliebigen Stelle des Rasters montiert werden. Das bedeutet, dass sich das Geh\u00e4use an den Bogen anpasst &#8211; nicht umgekehrt. Egal also, welche Form der Bogen hat &#8211; der Plano #1144 passt. Der Koffer ist au\u00dferdem wasserdicht und verf\u00fcgt \u00fcber ein st\u00e4rkeres Zugverschlusssystem.<\/p>\n","protected":false},"excerpt":{"rendered":"<p>110*49*19, schwarz<\/p>\n","protected":false},"featured_media":210514,"comment_status":"open","ping_status":"closed","template":"","meta":[],"product_brand":[],"product_cat":[1145],"product_tag":[],"class_list":{"0":"post-204390","1":"product","2":"type-product","3":"status-publish","4":"has-post-thumbnail","6":"product_cat-sonstiges","7":"product_shipping_class-big-de","9":"first","10":"onbackorder","11":"taxable","12":"shipping-taxable","13":"purchasable","14":"product-type-simple"},"composite_virtual":false,"composite_layout":"","composite_add_to_cart_form_location":"","composite_editable_in_cart":false,"composite_sold_individually_context":"","composite_shop_price_calc":"","composite_components":[],"composite_scenarios":[],"group_of_quantity":0,"min_quantity":0,"max_quantity":"","exclude_order_quantity_value_rules":"no","exclude_category_quantity_rules":"no","combine_variations":"no","exclude_global_add_ons":[],"addons":[],"_links":{"self":[{"href":"https:\/\/www.huntersfriend.eu\/de\/wp-json\/wp\/v2\/product\/204390","targetHints":{"allow":["GET"]}}],"collection":[{"href":"https:\/\/www.huntersfriend.eu\/de\/wp-json\/wp\/v2\/product"}],"about":[{"href":"https:\/\/www.huntersfriend.eu\/de\/wp-json\/wp\/v2\/types\/product"}],"replies":[{"embeddable":true,"href":"https:\/\/www.huntersfriend.eu\/de\/wp-json\/wp\/v2\/comments?post=204390"}],"wp:featuredmedia":[{"embeddable":true,"href":"https:\/\/www.huntersfriend.eu\/de\/wp-json\/wp\/v2\/media\/210514"}],"wp:attachment":[{"href":"https:\/\/www.huntersfriend.eu\/de\/wp-json\/wp\/v2\/media?parent=204390"}],"wp:term":[{"taxonomy":"product_brand","embeddable":true,"href":"https:\/\/www.huntersfriend.eu\/de\/wp-json\/wp\/v2\/product_brand?post=204390"},{"taxonomy":"product_cat","embeddable":true,"href":"https:\/\/www.huntersfriend.eu\/de\/wp-json\/wp\/v2\/product_cat?post=204390"},{"taxonomy":"product_tag","embeddable":true,"href":"https:\/\/www.huntersfriend.eu\/de\/wp-json\/wp\/v2\/product_tag?post=204390"}],"curies":[{"name":"wp","href":"https:\/\/api.w.org\/{rel}","templated":true}]}}