{"id":204337,"date":"2018-11-19T14:22:42","date_gmt":"2018-11-19T12:22:42","guid":{"rendered":"https:\/\/www.huntersfriend.eu\/product\/maximal-guardian-weiches-bogentasche\/"},"modified":"2026-03-24T15:48:12","modified_gmt":"2026-03-24T13:48:12","slug":"maximal-guardian-weiches-bogentasche","status":"publish","type":"product","link":"https:\/\/www.huntersfriend.eu\/de\/produkt\/maximal-guardian-weiches-bogentasche\/","title":{"rendered":"Maximaler Guardian Weichbogenkoffer"},"content":{"rendered":"<p>Softshell-Bogenkoffer in Tarnfarbe<br \/>\nEin ausgezeichneter Weichkoffer f\u00fcr den sicheren Transport Ihres Bogens in das und aus dem Jagdgebiet. Handgriffe, ein Schulterriemen und Rucksackgurte bieten mehrere komfortable M\u00f6glichkeiten, Ihre kostspielige Ausr\u00fcstung zu sch\u00fctzen. Im Inneren befinden sich zwei Fixiergurte zur Sicherung Ihres Bogens sowie Nockenpolster f\u00fcr zus\u00e4tzlichen Schutz. Der Koffer verf\u00fcgt zudem \u00fcber eine ger\u00e4umige Ausr\u00fcstungstasche und ein Pfeiltasche, in der auch Ihr K\u00f6cher Platz findet.<span style=\"font-size: medium;\"> <span style=\"text-decoration: underline;\">Abmessungen<\/span>: 102 cm L x 42 cm B x 12 cm T.<\/span>   <\/p>\n","protected":false},"excerpt":{"rendered":"<p>Tarnfarbe, Weichkoffer mit Handgriffen, Schulterriemen und Rucksackgurten, 102 x 42 x 12 cm<\/p>\n","protected":false},"featured_media":208580,"comment_status":"open","ping_status":"closed","template":"","meta":[],"product_brand":[],"product_cat":[1145],"product_tag":[],"class_list":{"0":"post-204337","1":"product","2":"type-product","3":"status-publish","4":"has-post-thumbnail","6":"product_cat-sonstiges","7":"product_shipping_class-medium-de","9":"first","10":"outofstock","11":"taxable","12":"shipping-taxable","13":"purchasable","14":"product-type-simple"},"composite_virtual":false,"composite_layout":"","composite_add_to_cart_form_location":"","composite_editable_in_cart":false,"composite_sold_individually_context":"","composite_shop_price_calc":"","composite_components":[],"composite_scenarios":[],"group_of_quantity":0,"min_quantity":0,"max_quantity":"","exclude_order_quantity_value_rules":"no","exclude_category_quantity_rules":"no","combine_variations":"no","exclude_global_add_ons":[],"addons":[],"_links":{"self":[{"href":"https:\/\/www.huntersfriend.eu\/de\/wp-json\/wp\/v2\/product\/204337","targetHints":{"allow":["GET"]}}],"collection":[{"href":"https:\/\/www.huntersfriend.eu\/de\/wp-json\/wp\/v2\/product"}],"about":[{"href":"https:\/\/www.huntersfriend.eu\/de\/wp-json\/wp\/v2\/types\/product"}],"replies":[{"embeddable":true,"href":"https:\/\/www.huntersfriend.eu\/de\/wp-json\/wp\/v2\/comments?post=204337"}],"wp:featuredmedia":[{"embeddable":true,"href":"https:\/\/www.huntersfriend.eu\/de\/wp-json\/wp\/v2\/media\/208580"}],"wp:attachment":[{"href":"https:\/\/www.huntersfriend.eu\/de\/wp-json\/wp\/v2\/media?parent=204337"}],"wp:term":[{"taxonomy":"product_brand","embeddable":true,"href":"https:\/\/www.huntersfriend.eu\/de\/wp-json\/wp\/v2\/product_brand?post=204337"},{"taxonomy":"product_cat","embeddable":true,"href":"https:\/\/www.huntersfriend.eu\/de\/wp-json\/wp\/v2\/product_cat?post=204337"},{"taxonomy":"product_tag","embeddable":true,"href":"https:\/\/www.huntersfriend.eu\/de\/wp-json\/wp\/v2\/product_tag?post=204337"}],"curies":[{"name":"wp","href":"https:\/\/api.w.org\/{rel}","templated":true}]}}