{"id":204229,"date":"2018-11-19T14:58:48","date_gmt":"2018-11-19T12:58:48","guid":{"rendered":"https:\/\/www.huntersfriend.eu\/product\/bowmaster-tragbarer-bogenpressen-adapter\/"},"modified":"2025-06-23T10:23:44","modified_gmt":"2025-06-23T08:23:44","slug":"bowmaster-tragbarer-bogenpressen-adapter","status":"publish","type":"product","link":"https:\/\/www.huntersfriend.eu\/de\/produkt\/bowmaster-tragbarer-bogenpressen-adapter\/","title":{"rendered":"Bowmaster tragbare Bogenpressenadapter"},"content":{"rendered":"<ul>\n<li>Zwei Gr\u00f6\u00dfen zur Anpassung an eine Vielzahl von Compoundb\u00f6gen.<\/li>\n<li>G2-Version f\u00fcr erweiterte Kompatibilit\u00e4t &#8211; l\u00e4ngeres Design passend f\u00fcr B\u00f6gen mit gr\u00f6\u00dferen Nockrollen.<\/li>\n<li>Geeignet f\u00fcr B\u00f6gen bis zu 6\u00b0 \u00fcber parallel hinaus.<\/li>\n<li><span class=\"itemDesc\">Maximale Nockrollenbreite von 3\/4 Zoll<\/span><\/li>\n<\/ul>\n<p><em><strong>BITTE BEACHTEN SIE:<\/strong> In einigen F\u00e4llen genehmigen Hersteller nicht die Verwendung aller Bogenpressen. Die Nutzung einer nicht genehmigten Bogenpresse kann Ihre Garantie beeinflussen. <\/em><\/p>\n","protected":false},"excerpt":{"rendered":"<p>Breit<\/p>\n","protected":false},"featured_media":210472,"comment_status":"open","ping_status":"closed","template":"","meta":[],"product_brand":[],"product_cat":[1145],"product_tag":[],"class_list":{"0":"post-204229","1":"product","2":"type-product","3":"status-publish","4":"has-post-thumbnail","6":"product_cat-sonstiges","8":"first","9":"outofstock","10":"taxable","11":"shipping-taxable","12":"purchasable","13":"product-type-simple"},"composite_virtual":false,"composite_layout":"","composite_add_to_cart_form_location":"","composite_editable_in_cart":false,"composite_sold_individually_context":"","composite_shop_price_calc":"","composite_components":[],"composite_scenarios":[],"group_of_quantity":0,"min_quantity":0,"max_quantity":"","exclude_order_quantity_value_rules":"no","exclude_category_quantity_rules":"no","combine_variations":"no","exclude_global_add_ons":[],"addons":[],"_links":{"self":[{"href":"https:\/\/www.huntersfriend.eu\/de\/wp-json\/wp\/v2\/product\/204229","targetHints":{"allow":["GET"]}}],"collection":[{"href":"https:\/\/www.huntersfriend.eu\/de\/wp-json\/wp\/v2\/product"}],"about":[{"href":"https:\/\/www.huntersfriend.eu\/de\/wp-json\/wp\/v2\/types\/product"}],"replies":[{"embeddable":true,"href":"https:\/\/www.huntersfriend.eu\/de\/wp-json\/wp\/v2\/comments?post=204229"}],"wp:featuredmedia":[{"embeddable":true,"href":"https:\/\/www.huntersfriend.eu\/de\/wp-json\/wp\/v2\/media\/210472"}],"wp:attachment":[{"href":"https:\/\/www.huntersfriend.eu\/de\/wp-json\/wp\/v2\/media?parent=204229"}],"wp:term":[{"taxonomy":"product_brand","embeddable":true,"href":"https:\/\/www.huntersfriend.eu\/de\/wp-json\/wp\/v2\/product_brand?post=204229"},{"taxonomy":"product_cat","embeddable":true,"href":"https:\/\/www.huntersfriend.eu\/de\/wp-json\/wp\/v2\/product_cat?post=204229"},{"taxonomy":"product_tag","embeddable":true,"href":"https:\/\/www.huntersfriend.eu\/de\/wp-json\/wp\/v2\/product_tag?post=204229"}],"curies":[{"name":"wp","href":"https:\/\/api.w.org\/{rel}","templated":true}]}}