{"id":204201,"date":"2021-04-16T11:21:37","date_gmt":"2021-04-16T09:21:37","guid":{"rendered":"https:\/\/www.huntersfriend.eu\/product\/truglo-detonator-boa-release-camo\/"},"modified":"2026-02-23T21:13:44","modified_gmt":"2026-02-23T19:13:44","slug":"truglo-detonator-boa-release-camo","status":"publish","type":"product","link":"https:\/\/www.huntersfriend.eu\/de\/produkt\/truglo-detonator-boa-release-camo\/","title":{"rendered":"Truglo Detonator Boa Ausl\u00f6ser"},"content":{"rendered":"<ul>\n<li>Leise, schnell und pr\u00e4zise<\/li>\n<li>Optimiertes Design mit offenem Haken und einzelner Backe f\u00fcr schnelles und einfaches Laden \u2014 perfekt f\u00fcr Sehnen-D-Schlaufen<\/li>\n<li>Haken \u00f6ffnet sich vom Sch\u00fctzen weg<\/li>\n<li>Ultraglatter, mikro-justierbarer Abzug mit pr\u00e4zisem Gef\u00fchl<\/li>\n<li>Pr\u00e4ziser, verschlei\u00dffreier Kiefer aus rostfreiem Stahl<\/li>\n<li>Ausl\u00f6semechanismus aus rostfreiem Stahl f\u00fcr erh\u00f6hte Haltbarkeit und Wiederholgenauigkeit<\/li>\n<li>Vorverlagerte Abzugsposition erm\u00f6glicht h\u00f6here Pfeilgeschwindigkeiten<\/li>\n<li>Ergonomische Hand- und Fingerposition<\/li>\n<li>360-Grad-Drehkopf eliminiert Sehnenverdrehen<\/li>\n<li>Hochwertiger Ausl\u00f6seriemen f\u00fcr langanhaltenden Komfort<\/li>\n<\/ul>\n","protected":false},"excerpt":{"rendered":"<p>Mit Pfostenanschluss<\/p>\n","protected":false},"featured_media":257366,"comment_status":"open","ping_status":"closed","template":"","meta":[],"product_brand":[],"product_cat":[1095],"product_tag":[],"class_list":{"0":"post-204201","1":"product","2":"type-product","3":"status-publish","4":"has-post-thumbnail","6":"product_cat-handgelenks-release","8":"first","9":"instock","10":"taxable","11":"shipping-taxable","12":"purchasable","13":"product-type-variable"},"composite_virtual":false,"composite_layout":"","composite_add_to_cart_form_location":"","composite_editable_in_cart":false,"composite_sold_individually_context":"","composite_shop_price_calc":"","composite_components":[],"composite_scenarios":[],"group_of_quantity":0,"min_quantity":0,"max_quantity":"","exclude_order_quantity_value_rules":"no","exclude_category_quantity_rules":"no","combine_variations":"no","exclude_global_add_ons":[],"addons":[],"_links":{"self":[{"href":"https:\/\/www.huntersfriend.eu\/de\/wp-json\/wp\/v2\/product\/204201","targetHints":{"allow":["GET"]}}],"collection":[{"href":"https:\/\/www.huntersfriend.eu\/de\/wp-json\/wp\/v2\/product"}],"about":[{"href":"https:\/\/www.huntersfriend.eu\/de\/wp-json\/wp\/v2\/types\/product"}],"replies":[{"embeddable":true,"href":"https:\/\/www.huntersfriend.eu\/de\/wp-json\/wp\/v2\/comments?post=204201"}],"wp:featuredmedia":[{"embeddable":true,"href":"https:\/\/www.huntersfriend.eu\/de\/wp-json\/wp\/v2\/media\/257366"}],"wp:attachment":[{"href":"https:\/\/www.huntersfriend.eu\/de\/wp-json\/wp\/v2\/media?parent=204201"}],"wp:term":[{"taxonomy":"product_brand","embeddable":true,"href":"https:\/\/www.huntersfriend.eu\/de\/wp-json\/wp\/v2\/product_brand?post=204201"},{"taxonomy":"product_cat","embeddable":true,"href":"https:\/\/www.huntersfriend.eu\/de\/wp-json\/wp\/v2\/product_cat?post=204201"},{"taxonomy":"product_tag","embeddable":true,"href":"https:\/\/www.huntersfriend.eu\/de\/wp-json\/wp\/v2\/product_tag?post=204201"}],"curies":[{"name":"wp","href":"https:\/\/api.w.org\/{rel}","templated":true}]}}