{"id":204183,"date":"2021-01-20T12:22:24","date_gmt":"2021-01-20T10:22:24","guid":{"rendered":"https:\/\/www.huntersfriend.eu\/product\/trophy-ridge-react-pro-5-pin-tahtain-rh-musta\/"},"modified":"2025-06-04T12:22:04","modified_gmt":"2025-06-04T10:22:04","slug":"trophy-ridge-react-pro-5-pin-tahtain-rh-musta","status":"publish","type":"product","link":"https:\/\/www.huntersfriend.eu\/de\/produkt\/trophy-ridge-react-pro-5-pin-tahtain-rh-musta\/","title":{"rendered":"Trophy Ridge React Pro 5 pin Visier"},"content":{"rendered":"<p>Das Trophy Ridge React\u00ae Pro 5-Pin\u2122-Visier ist leichter, st\u00e4rker und zuverl\u00e4ssiger. Es nutzt die exklusive React\u00ae -Technologie in Kombination mit den erstklassigen Merkmalen eines Top-Target-visiers, um Ihnen eine konstant hohe Leistung auf jeder Jagd zu bieten. Das Rechtshandmodell ist in den Pingr\u00f6\u00dfen .010&#8243; und .019&#8243; und Linkshandmodell in den Pingr\u00f6\u00dfen .019&#8243; erh\u00e4ltlich.<\/p>\n<ul>\n<li>Die ultrahellen .019&#8243;-Mittel-Faseroptik-Pins sind unabh\u00e4ngig von den verschiedenen Umgebungsbedingungen sichtbar<\/li>\n<li>Einfache Korrekturen sind durch die fortschrittlichen, werkzeuglosen Mikro-Klick-Einstellungen f\u00fcr H\u00f6he und Neigung m\u00f6glich<\/li>\n<li>Mit der Rheostat-Leuchte k\u00f6nnen Sie die Helligkeit erh\u00f6hen, um sie an jede Sichtbedingung anzupassen<\/li>\n<li>Erh\u00f6ht die Genauigkeit bei starken Winkeln \u00fcber l\u00e4ngere Distanzen<\/li>\n<li>Langlebige aus rostfreiem Stahl gefertigt<\/li>\n<li>Solide Aluminium-Baugruppe<\/li>\n<li>Linkshand- und 0,010-Pin-Versionen auf Sonderbestellung erh\u00e4ltlich<\/li>\n<\/ul>\n","protected":false},"excerpt":{"rendered":"<p>5 pin, 0.019, RH Schwarz<\/p>\n","protected":false},"featured_media":222189,"comment_status":"open","ping_status":"closed","template":"","meta":[],"product_brand":[],"product_cat":[731,1119],"product_tag":[],"class_list":{"0":"post-204183","1":"product","2":"type-product","3":"status-publish","4":"has-post-thumbnail","6":"product_cat-bowhunting-sights","7":"product_cat-jagd-visiere","9":"first","10":"onbackorder","11":"taxable","12":"shipping-taxable","13":"purchasable","14":"product-type-simple"},"composite_virtual":false,"composite_layout":"","composite_add_to_cart_form_location":"","composite_editable_in_cart":false,"composite_sold_individually_context":"","composite_shop_price_calc":"","composite_components":[],"composite_scenarios":[],"group_of_quantity":0,"min_quantity":0,"max_quantity":"","exclude_order_quantity_value_rules":"no","exclude_category_quantity_rules":"no","combine_variations":"no","exclude_global_add_ons":[],"addons":[],"_links":{"self":[{"href":"https:\/\/www.huntersfriend.eu\/de\/wp-json\/wp\/v2\/product\/204183","targetHints":{"allow":["GET"]}}],"collection":[{"href":"https:\/\/www.huntersfriend.eu\/de\/wp-json\/wp\/v2\/product"}],"about":[{"href":"https:\/\/www.huntersfriend.eu\/de\/wp-json\/wp\/v2\/types\/product"}],"replies":[{"embeddable":true,"href":"https:\/\/www.huntersfriend.eu\/de\/wp-json\/wp\/v2\/comments?post=204183"}],"wp:featuredmedia":[{"embeddable":true,"href":"https:\/\/www.huntersfriend.eu\/de\/wp-json\/wp\/v2\/media\/222189"}],"wp:attachment":[{"href":"https:\/\/www.huntersfriend.eu\/de\/wp-json\/wp\/v2\/media?parent=204183"}],"wp:term":[{"taxonomy":"product_brand","embeddable":true,"href":"https:\/\/www.huntersfriend.eu\/de\/wp-json\/wp\/v2\/product_brand?post=204183"},{"taxonomy":"product_cat","embeddable":true,"href":"https:\/\/www.huntersfriend.eu\/de\/wp-json\/wp\/v2\/product_cat?post=204183"},{"taxonomy":"product_tag","embeddable":true,"href":"https:\/\/www.huntersfriend.eu\/de\/wp-json\/wp\/v2\/product_tag?post=204183"}],"curies":[{"name":"wp","href":"https:\/\/api.w.org\/{rel}","templated":true}]}}