{"id":203320,"date":"2020-06-17T09:20:34","date_gmt":"2020-06-17T07:20:34","guid":{"rendered":"https:\/\/www.huntersfriend.eu\/product\/scent-thief-field-spray\/"},"modified":"2026-04-14T16:27:45","modified_gmt":"2026-04-14T14:27:45","slug":"scent-thief-field-spray","status":"publish","type":"product","link":"https:\/\/www.huntersfriend.eu\/de\/produkt\/scent-thief-field-spray\/","title":{"rendered":"Duftdieb Feldspray"},"content":{"rendered":"<p>Die revolution\u00e4re Formel von Scent Thief ist das erste und einzige Produkt, das den Geruchssinn eines Tieres f\u00fcr bedrohliche Ger\u00fcche vollst\u00e4ndig ausschaltet. Die patentierte No Smell Technologie entspannt das Riechepithel und schaltet den Geruchssinn eines Tieres vor\u00fcbergehend ab. Wenn ein Tier Scent Thief Feldspray in die Nase bekommt, kann es nichts anderes mehr riechen. Garantiert. Der Wind kann nun zu Ihrem Vorteil wirken. Alle nat\u00fcrlichen, rein biologischen Inhaltsstoffe sind sicher f\u00fcr Haut, Kleidung und die Umwelt. Erfahren Sie, wie Scent Thief Spray funktioniert <a href=\"https:\/\/scentthief.com\/pages\/how-it-works\" target=\"_blank\" rel=\"noopener noreferrer\">hier<\/a>. Das Scent Thief Spray: Machen Sie den Wind zu Ihrer Deckung!       <\/p>\n<p>Dies ist kein Tarnspray. Es ist eine Revolution in der Geruchsbeseitigung, die Sie selbst erleben m\u00fcssen, um sie zu glauben! <\/p>\n","protected":false},"excerpt":{"rendered":"<p>24 oz \/ 0,7 Liter<\/p>\n","protected":false},"featured_media":210259,"comment_status":"open","ping_status":"closed","template":"","meta":[],"product_brand":[],"product_cat":[1185,1187,1355],"product_tag":[],"class_list":{"0":"post-203320","1":"product","2":"type-product","3":"status-publish","4":"has-post-thumbnail","6":"product_cat-duft","7":"product_cat-geruchsueberdecker","8":"product_cat-geruchsneutralisator","10":"first","11":"instock","12":"taxable","13":"shipping-taxable","14":"purchasable","15":"product-type-simple"},"composite_virtual":false,"composite_layout":"","composite_add_to_cart_form_location":"","composite_editable_in_cart":false,"composite_sold_individually_context":"","composite_shop_price_calc":"","composite_components":[],"composite_scenarios":[],"group_of_quantity":0,"min_quantity":0,"max_quantity":"","exclude_order_quantity_value_rules":"no","exclude_category_quantity_rules":"no","combine_variations":"no","exclude_global_add_ons":[],"addons":[],"_links":{"self":[{"href":"https:\/\/www.huntersfriend.eu\/de\/wp-json\/wp\/v2\/product\/203320","targetHints":{"allow":["GET"]}}],"collection":[{"href":"https:\/\/www.huntersfriend.eu\/de\/wp-json\/wp\/v2\/product"}],"about":[{"href":"https:\/\/www.huntersfriend.eu\/de\/wp-json\/wp\/v2\/types\/product"}],"replies":[{"embeddable":true,"href":"https:\/\/www.huntersfriend.eu\/de\/wp-json\/wp\/v2\/comments?post=203320"}],"wp:featuredmedia":[{"embeddable":true,"href":"https:\/\/www.huntersfriend.eu\/de\/wp-json\/wp\/v2\/media\/210259"}],"wp:attachment":[{"href":"https:\/\/www.huntersfriend.eu\/de\/wp-json\/wp\/v2\/media?parent=203320"}],"wp:term":[{"taxonomy":"product_brand","embeddable":true,"href":"https:\/\/www.huntersfriend.eu\/de\/wp-json\/wp\/v2\/product_brand?post=203320"},{"taxonomy":"product_cat","embeddable":true,"href":"https:\/\/www.huntersfriend.eu\/de\/wp-json\/wp\/v2\/product_cat?post=203320"},{"taxonomy":"product_tag","embeddable":true,"href":"https:\/\/www.huntersfriend.eu\/de\/wp-json\/wp\/v2\/product_tag?post=203320"}],"curies":[{"name":"wp","href":"https:\/\/api.w.org\/{rel}","templated":true}]}}