{"id":203042,"date":"2020-06-17T14:20:16","date_gmt":"2020-06-17T12:20:16","guid":{"rendered":"https:\/\/www.huntersfriend.eu\/product\/scent-thief-nachfullung\/"},"modified":"2026-04-30T13:30:14","modified_gmt":"2026-04-30T11:30:14","slug":"scent-thief-nachfullung","status":"publish","type":"product","link":"https:\/\/www.huntersfriend.eu\/de\/produkt\/scent-thief-nachfullung\/","title":{"rendered":"Scent Thief Nachf\u00fcllpackung"},"content":{"rendered":"<p>Nachf\u00fcllgr\u00f6\u00dfen f\u00fcr Ihren Scent Thief Spr\u00fcher. Wichtig: VERWENDEN SIE NUR DIE SCENT THIEF SPR\u00dcHFLASCHE. Kreuzkontamination durch andere Flaschen verringert die Wirksamkeit von Scent Thief.  <\/p>\n<p>&nbsp;<\/p>\n<p>Sie m\u00fcssen es ausprobieren, um es zu glauben!<\/p>\n","protected":false},"excerpt":{"rendered":"<p>32 oz \/ 0,95 Liter<\/p>\n","protected":false},"featured_media":210265,"comment_status":"open","ping_status":"closed","template":"","meta":[],"product_brand":[],"product_cat":[1145],"product_tag":[],"class_list":{"0":"post-203042","1":"product","2":"type-product","3":"status-publish","4":"has-post-thumbnail","6":"product_cat-sonstiges","8":"first","9":"outofstock","10":"sale","11":"taxable","12":"shipping-taxable","13":"purchasable","14":"product-type-simple"},"composite_virtual":false,"composite_layout":"","composite_add_to_cart_form_location":"","composite_editable_in_cart":false,"composite_sold_individually_context":"","composite_shop_price_calc":"","composite_components":[],"composite_scenarios":[],"group_of_quantity":0,"min_quantity":0,"max_quantity":"","exclude_order_quantity_value_rules":"no","exclude_category_quantity_rules":"no","combine_variations":"no","exclude_global_add_ons":[],"addons":[],"_links":{"self":[{"href":"https:\/\/www.huntersfriend.eu\/de\/wp-json\/wp\/v2\/product\/203042","targetHints":{"allow":["GET"]}}],"collection":[{"href":"https:\/\/www.huntersfriend.eu\/de\/wp-json\/wp\/v2\/product"}],"about":[{"href":"https:\/\/www.huntersfriend.eu\/de\/wp-json\/wp\/v2\/types\/product"}],"replies":[{"embeddable":true,"href":"https:\/\/www.huntersfriend.eu\/de\/wp-json\/wp\/v2\/comments?post=203042"}],"wp:featuredmedia":[{"embeddable":true,"href":"https:\/\/www.huntersfriend.eu\/de\/wp-json\/wp\/v2\/media\/210265"}],"wp:attachment":[{"href":"https:\/\/www.huntersfriend.eu\/de\/wp-json\/wp\/v2\/media?parent=203042"}],"wp:term":[{"taxonomy":"product_brand","embeddable":true,"href":"https:\/\/www.huntersfriend.eu\/de\/wp-json\/wp\/v2\/product_brand?post=203042"},{"taxonomy":"product_cat","embeddable":true,"href":"https:\/\/www.huntersfriend.eu\/de\/wp-json\/wp\/v2\/product_cat?post=203042"},{"taxonomy":"product_tag","embeddable":true,"href":"https:\/\/www.huntersfriend.eu\/de\/wp-json\/wp\/v2\/product_tag?post=203042"}],"curies":[{"name":"wp","href":"https:\/\/api.w.org\/{rel}","templated":true}]}}