{"id":202975,"date":"2020-06-17T14:20:18","date_gmt":"2020-06-17T12:20:18","guid":{"rendered":"https:\/\/www.huntersfriend.eu\/product\/scent-thief-combo-pakkaus\/"},"modified":"2025-11-27T11:14:55","modified_gmt":"2025-11-27T09:14:55","slug":"scent-thief-combo-pakkaus","status":"publish","type":"product","link":"https:\/\/www.huntersfriend.eu\/de\/produkt\/scent-thief-combo-pakkaus\/","title":{"rendered":"Scent Thief Combo Pack"},"content":{"rendered":"<p>Das Scent Thief Combo Pack hat die perfekte Gr\u00f6\u00dfe f\u00fcr deinen Jagdrucksack!<\/p>\n<p><span class=\"hiddenSpellError\">Scent<\/span> <span class=\"hiddenSpellError\">Thiefs<\/span> revolution\u00e4re Formel ist das erste und einzige Mittel welches, f\u00fcr Tiere erkennbare Ger\u00fcche, komplett eliminiert. Unsere patentierte <span class=\"hiddenGrammarError\">&#8222;<\/span>Kein Geruch Technologie<span class=\"hiddenGrammarError\">&#8222;<\/span> entspannt das olfaktorische Epithel, und negiert so die Geruchsf\u00e4higkeit von Tieren tempor\u00e4r. <span class=\"hiddenGrammarError\">Wenn<\/span> ein Tier <span class=\"hiddenSpellError\">Scent<\/span> <span class=\"hiddenSpellError\">Thief<\/span> in die Nase bekommt. Kann es nichts anderes mehr riechen<span class=\"hiddenGrammarError\">.<\/span> Garantiert. Alle Inhaltsstoffe sind nat\u00fcrlich und sicher f\u00fcr Haut, Kleidung und Umwelt.<\/p>\n<p>Mache den Wind zu deiner Deckung!<\/p>\n<p>Du musst es probieren um es zu glauben. Spare jetzt Geld mit diesem Combo Pack<\/p>\n","protected":false},"excerpt":{"rendered":"<p>24oz Spray und 32oz zum nachf\u00fcllen<\/p>\n","protected":false},"featured_media":210277,"comment_status":"open","ping_status":"closed","template":"","meta":[],"product_brand":[],"product_cat":[1145],"product_tag":[],"class_list":{"0":"post-202975","1":"product","2":"type-product","3":"status-publish","4":"has-post-thumbnail","6":"product_cat-sonstiges","8":"first","9":"outofstock","10":"taxable","11":"shipping-taxable","12":"purchasable","13":"product-type-simple"},"composite_virtual":false,"composite_layout":"","composite_add_to_cart_form_location":"","composite_editable_in_cart":false,"composite_sold_individually_context":"","composite_shop_price_calc":"","composite_components":[],"composite_scenarios":[],"group_of_quantity":0,"min_quantity":0,"max_quantity":"","exclude_order_quantity_value_rules":"no","exclude_category_quantity_rules":"no","combine_variations":"no","exclude_global_add_ons":[],"addons":[],"_links":{"self":[{"href":"https:\/\/www.huntersfriend.eu\/de\/wp-json\/wp\/v2\/product\/202975","targetHints":{"allow":["GET"]}}],"collection":[{"href":"https:\/\/www.huntersfriend.eu\/de\/wp-json\/wp\/v2\/product"}],"about":[{"href":"https:\/\/www.huntersfriend.eu\/de\/wp-json\/wp\/v2\/types\/product"}],"replies":[{"embeddable":true,"href":"https:\/\/www.huntersfriend.eu\/de\/wp-json\/wp\/v2\/comments?post=202975"}],"wp:featuredmedia":[{"embeddable":true,"href":"https:\/\/www.huntersfriend.eu\/de\/wp-json\/wp\/v2\/media\/210277"}],"wp:attachment":[{"href":"https:\/\/www.huntersfriend.eu\/de\/wp-json\/wp\/v2\/media?parent=202975"}],"wp:term":[{"taxonomy":"product_brand","embeddable":true,"href":"https:\/\/www.huntersfriend.eu\/de\/wp-json\/wp\/v2\/product_brand?post=202975"},{"taxonomy":"product_cat","embeddable":true,"href":"https:\/\/www.huntersfriend.eu\/de\/wp-json\/wp\/v2\/product_cat?post=202975"},{"taxonomy":"product_tag","embeddable":true,"href":"https:\/\/www.huntersfriend.eu\/de\/wp-json\/wp\/v2\/product_tag?post=202975"}],"curies":[{"name":"wp","href":"https:\/\/api.w.org\/{rel}","templated":true}]}}