{"id":189623,"date":"2020-08-11T14:20:32","date_gmt":"2020-08-11T12:20:32","guid":{"rendered":"https:\/\/www.huntersfriend.eu\/product\/delta-mckenzie-3d-challenger-bock\/"},"modified":"2025-09-02T09:03:59","modified_gmt":"2025-09-02T07:03:59","slug":"delta-mckenzie-3d-challenger-bock","status":"publish","type":"product","link":"https:\/\/www.huntersfriend.eu\/de\/produkt\/delta-mckenzie-3d-challenger-bock\/","title":{"rendered":"Delta McKenzie 3D Challenger Hirsch"},"content":{"rendered":"<p>Der Challenger verf\u00fcgt \u00fcber einen gro\u00dfen K\u00f6rper und ein gro\u00dfes Geweih, das Sie auf den entscheidenden Moment in Ihrem Ansitz oder Hochsitz vorbereitet. Mit einem austauschbaren Vitalbereich aus unserer selbstheilenden Schaumstofftechnologie ist das Entfernen von Pfeilen ein Kinderspiel, und die Ersatzkosten werden Sie nicht ruinieren. W\u00e4hlen Sie ein Ziel, das von Bogenj\u00e4gern entwickelt wurde \u2013 den Challenger.  <\/p>\n<p>H\u00f6he: 40\u2033<\/p>\n<p>K\u00f6rperl\u00e4nge: 43\u2033<\/p>\n<p>K\u00f6rpertiefe: 10\u2033<\/p>\n<p>Wertungsringe: IBO<\/p>\n<p>Pfeilspitze: Jagdspitze, mechanische Spitze oder Feldspitze<\/p>\n<p>Bogengeschwindigkeit: 300-350 fps<\/p>\n<p><strong>Achtung: Online-Bestellungen sind auf eine Packung pro Bestellung begrenzt. F\u00fcr gr\u00f6\u00dfere Mengen kontaktieren Sie bitte direkt den Kundenservice, um Informationen zu den Lieferkosten zu erhalten. <\/strong><\/p>\n","protected":false},"excerpt":{"rendered":"<p><strong>Achtung: Online-Bestellungen sind auf eine Packung pro Bestellung begrenzt. F\u00fcr gr\u00f6\u00dfere Mengen kontaktieren Sie bitte direkt den Kundenservice, um Informationen zu den Lieferkosten zu erhalten. <\/strong><\/p>\n","protected":false},"featured_media":210304,"comment_status":"open","ping_status":"closed","template":"","meta":[],"product_brand":[],"product_cat":[1139],"product_tag":[],"class_list":{"0":"post-189623","1":"product","2":"type-product","3":"status-publish","4":"has-post-thumbnail","6":"product_cat-3d-gross","7":"product_shipping_class-big-de","9":"first","10":"instock","11":"taxable","12":"shipping-taxable","13":"purchasable","14":"product-type-simple"},"composite_virtual":false,"composite_layout":"","composite_add_to_cart_form_location":"","composite_editable_in_cart":false,"composite_sold_individually_context":"","composite_shop_price_calc":"","composite_components":[],"composite_scenarios":[],"group_of_quantity":0,"min_quantity":0,"max_quantity":"","exclude_order_quantity_value_rules":"no","exclude_category_quantity_rules":"no","combine_variations":"no","exclude_global_add_ons":[],"addons":[],"_links":{"self":[{"href":"https:\/\/www.huntersfriend.eu\/de\/wp-json\/wp\/v2\/product\/189623","targetHints":{"allow":["GET"]}}],"collection":[{"href":"https:\/\/www.huntersfriend.eu\/de\/wp-json\/wp\/v2\/product"}],"about":[{"href":"https:\/\/www.huntersfriend.eu\/de\/wp-json\/wp\/v2\/types\/product"}],"replies":[{"embeddable":true,"href":"https:\/\/www.huntersfriend.eu\/de\/wp-json\/wp\/v2\/comments?post=189623"}],"wp:featuredmedia":[{"embeddable":true,"href":"https:\/\/www.huntersfriend.eu\/de\/wp-json\/wp\/v2\/media\/210304"}],"wp:attachment":[{"href":"https:\/\/www.huntersfriend.eu\/de\/wp-json\/wp\/v2\/media?parent=189623"}],"wp:term":[{"taxonomy":"product_brand","embeddable":true,"href":"https:\/\/www.huntersfriend.eu\/de\/wp-json\/wp\/v2\/product_brand?post=189623"},{"taxonomy":"product_cat","embeddable":true,"href":"https:\/\/www.huntersfriend.eu\/de\/wp-json\/wp\/v2\/product_cat?post=189623"},{"taxonomy":"product_tag","embeddable":true,"href":"https:\/\/www.huntersfriend.eu\/de\/wp-json\/wp\/v2\/product_tag?post=189623"}],"curies":[{"name":"wp","href":"https:\/\/api.w.org\/{rel}","templated":true}]}}