{"id":185867,"date":"2020-03-13T12:20:16","date_gmt":"2020-03-13T10:20:16","guid":{"rendered":"https:\/\/www.huntersfriend.eu\/product\/natur-foam-3d-target-repair-kit-small\/"},"modified":"2025-09-02T09:05:56","modified_gmt":"2025-09-02T07:05:56","slug":"natur-foam-3d-target-repair-kit-small","status":"publish","type":"product","link":"https:\/\/www.huntersfriend.eu\/de\/produkt\/natur-foam-3d-target-repair-kit-small\/","title":{"rendered":"Natur-Schaumstoff 3D-Ziel Reparatur-Set"},"content":{"rendered":"<p><span style=\"display: inline !important; float: none; background-color: #f5f5f5; color: rgba(0, 0, 0, 0.87); font-family: 'Roboto',arial,sans-serif; font-size: 18px; font-style: normal; font-variant: normal; font-weight: 400; letter-spacing: normal; line-height: 28px; orphans: 2; text-align: left; text-decoration: none; text-indent: 0px; text-transform: none; -webkit-text-stroke-width: 0px; white-space: pre-wrap; word-spacing: 0px;\">Wird verwendet, um L\u00f6cher zu f\u00fcllen, die durch Pfeilsch\u00e4den an 3D-Zielen verursacht wurden.<\/span><\/p>\n<p><span style=\"display: inline !important; float: none; background-color: #f5f5f5; color: rgba(0, 0, 0, 0.87); font-family: 'Roboto',arial,sans-serif; font-size: 18px; font-style: normal; font-variant: normal; font-weight: 400; letter-spacing: normal; line-height: 28px; orphans: 2; text-align: left; text-decoration: none; text-indent: 0px; text-transform: none; -webkit-text-stroke-width: 0px; white-space: pre-wrap; word-spacing: 0px;\">Diese beiden Komponenten sind sehr empfindlich gegen\u00fcber K\u00e4lte und Feuchtigkeit und sollten nur in gut bel\u00fcfteten R\u00e4umen gelagert und verarbeitet werden. Die ideale Verarbeitungstemperatur betr\u00e4gt 18 \u00b0C &#8211; 20 \u00b0C.<br \/>\n<\/span><br \/>\n<span style=\"display: inline !important; float: none; background-color: #f5f5f5; color: rgba(0, 0, 0, 0.87); font-family: 'Roboto',arial,sans-serif; font-size: 18px; font-style: normal; font-variant: normal; font-weight: 400; letter-spacing: normal; line-height: 28px; orphans: 2; text-align: left; text-decoration: none; text-indent: 0px; text-transform: none; -webkit-text-stroke-width: 0px; white-space: pre-wrap; word-spacing: 0px;\">Verarbeiten Sie die Produkte nur in einem sauberen, trockenen Mischbeh\u00e4lter mit ausreichendem Volumen.<br \/>\n<\/span><br \/>\n<span style=\"display: inline !important; float: none; background-color: #f5f5f5; color: rgba(0, 0, 0, 0.87); font-family: 'Roboto',arial,sans-serif; font-size: 18px; font-style: normal; font-variant: normal; font-weight: 400; letter-spacing: normal; line-height: 28px; orphans: 2; text-align: left; text-decoration: none; text-indent: 0px; text-transform: none; -webkit-text-stroke-width: 0px; white-space: pre-wrap; word-spacing: 0px;\">Sch\u00fctzen Sie Haut und Augen mit geeigneter Kleidung. Das Tragen einer Atemschutzmaske wird empfohlen. <\/span><br \/>\n<span style=\"display: inline !important; float: none; background-color: #f5f5f5; color: rgba(0, 0, 0, 0.87); font-family: 'Roboto',arial,sans-serif; font-size: 18px; font-style: normal; font-variant: normal; font-weight: 400; letter-spacing: normal; line-height: 28px; orphans: 2; text-align: left; text-decoration: none; text-indent: 0px; text-transform: none; -webkit-text-stroke-width: 0px; white-space: pre-wrap; word-spacing: 0px;\"><br \/>\nDie Fl\u00fcssigkeiten werden im Verh\u00e4ltnis 2 (A) : 1 (B) gemischt.<br \/>\n<\/span><br \/>\n<span style=\"display: inline !important; float: none; background-color: #f5f5f5; color: rgba(0, 0, 0, 0.87); font-family: 'Roboto',arial,sans-serif; font-size: 18px; font-style: normal; font-variant: normal; font-weight: 400; letter-spacing: normal; line-height: 28px; orphans: 2; text-align: left; text-decoration: none; text-indent: 0px; text-transform: none; -webkit-text-stroke-width: 0px; white-space: pre-wrap; word-spacing: 0px;\">Mischen Sie die beiden Teile 20-30 Sekunden lang kr\u00e4ftig manuell oder elektrisch.<br \/>\n<\/span><br \/>\n<span style=\"display: inline !important; float: none; background-color: #f5f5f5; color: rgba(0, 0, 0, 0.87); font-family: 'Roboto',arial,sans-serif; font-size: 18px; font-style: normal; font-variant: normal; font-weight: 400; letter-spacing: normal; line-height: 28px; orphans: 2; text-align: left; text-decoration: none; text-indent: 0px; text-transform: none; -webkit-text-stroke-width: 0px; white-space: pre-wrap; word-spacing: 0px;\">Gie\u00dfen Sie das Material vorsichtig in die zu reparierenden L\u00f6cher und Hohlr\u00e4ume. M\u00f6glicherweise m\u00fcssen Sie die L\u00f6cher und Hohlr\u00e4ume etwas erweitern, damit die Fl\u00fcssigkeit einflie\u00dfen kann und keine Hohlr\u00e4ume hinterl\u00e4sst. Das Produkt dehnt sich beim Aush\u00e4rten um etwa 1\/3 aus.<br \/>\n<\/span><br \/>\n<span style=\"display: inline !important; float: none; background-color: #f5f5f5; color: rgba(0, 0, 0, 0.87); font-family: 'Roboto',arial,sans-serif; font-size: 18px; font-style: normal; font-variant: normal; font-weight: 400; letter-spacing: normal; line-height: 28px; orphans: 2; text-align: left; text-decoration: none; text-indent: 0px; text-transform: none; -webkit-text-stroke-width: 0px; white-space: pre-wrap; word-spacing: 0px;\">Nach etwa 12 Minuten ist die Reaktion der beiden Substanzen abgeschlossen und Sie k\u00f6nnen \u00fcbersch\u00fcssige R\u00fcckst\u00e4nde von Ihrem 3D-Ziel entfernen.<\/span><\/p>\n<p>Nach 24 &#8211; 36 Stunden hat das Material seine volle H\u00e4rte erreicht.<\/p>\n<div class=\"row attr-weight\">\n<div class=\"col-xs-6 col-sm-3 attr-label word-break\">Versandgewicht kleines Set: 2,00 kg<\/div>\n<\/div>\n<div class=\"row attr-weight\">\n<div class=\"col-xs-6 col-sm-3 attr-label word-break\">Produktgewicht: 1,50 kg<\/div>\n<\/div>\n<div class=\"row attr-contents\">\n<div class=\"col-xs-6 col-sm-3 attr-label word-break\">\n<p>Inhalt: 1,35 Liter<\/p>\n<\/div>\n<\/div>\n<div>\n<div class=\"row attr-weight\">\n<div class=\"col-xs-6 col-sm-3 attr-label word-break\">Versandgewicht gro\u00dfes Set: 3,50 kg<\/div>\n<\/div>\n<div class=\"row attr-weight\">\n<div class=\"col-xs-6 col-sm-3 attr-label word-break\">Produktgewicht: 3,00 kg<\/div>\n<\/div>\n<div class=\"row attr-contents\">\n<div class=\"col-xs-6 col-sm-3 attr-label word-break\">Inhalt: 2,85 l<\/div>\n<\/div>\n<\/div>\n","protected":false},"excerpt":{"rendered":"<p>Wird verwendet, um L\u00f6cher zu f\u00fcllen, die durch Pfeilsch\u00e4den an 3D-Zielen verursacht wurden. Diese beiden Komponenten sind sehr empfindlich gegen\u00fcber K\u00e4lte und Feuchtigkeit und sollten nur in gut bel\u00fcfteten R\u00e4umen gelagert und verarbeitet werden. Die ideale Verarbeitungstemperatur betr\u00e4gt 18 \u00b0C &#8211; 20 \u00b0C. Verarbeiten Sie die Produkte nur in einem sauberen, trockenen Mischbeh\u00e4lter mit ausreichendem [&#8230;]\n","protected":false},"featured_media":185862,"comment_status":"open","ping_status":"closed","template":"","meta":[],"product_brand":[],"product_cat":[3102],"product_tag":[],"class_list":{"0":"post-185867","1":"product","2":"type-product","3":"status-publish","4":"has-post-thumbnail","6":"product_cat-ersatzkerne-reparatur-sets","8":"first","9":"instock","10":"featured","11":"taxable","12":"shipping-taxable","13":"purchasable","14":"product-type-variable"},"composite_virtual":false,"composite_layout":"","composite_add_to_cart_form_location":"","composite_editable_in_cart":false,"composite_sold_individually_context":"","composite_shop_price_calc":"","composite_components":[],"composite_scenarios":[],"group_of_quantity":0,"min_quantity":0,"max_quantity":"","exclude_order_quantity_value_rules":"no","exclude_category_quantity_rules":"no","combine_variations":"no","exclude_global_add_ons":[],"addons":[],"_links":{"self":[{"href":"https:\/\/www.huntersfriend.eu\/de\/wp-json\/wp\/v2\/product\/185867","targetHints":{"allow":["GET"]}}],"collection":[{"href":"https:\/\/www.huntersfriend.eu\/de\/wp-json\/wp\/v2\/product"}],"about":[{"href":"https:\/\/www.huntersfriend.eu\/de\/wp-json\/wp\/v2\/types\/product"}],"replies":[{"embeddable":true,"href":"https:\/\/www.huntersfriend.eu\/de\/wp-json\/wp\/v2\/comments?post=185867"}],"wp:featuredmedia":[{"embeddable":true,"href":"https:\/\/www.huntersfriend.eu\/de\/wp-json\/wp\/v2\/media\/185862"}],"wp:attachment":[{"href":"https:\/\/www.huntersfriend.eu\/de\/wp-json\/wp\/v2\/media?parent=185867"}],"wp:term":[{"taxonomy":"product_brand","embeddable":true,"href":"https:\/\/www.huntersfriend.eu\/de\/wp-json\/wp\/v2\/product_brand?post=185867"},{"taxonomy":"product_cat","embeddable":true,"href":"https:\/\/www.huntersfriend.eu\/de\/wp-json\/wp\/v2\/product_cat?post=185867"},{"taxonomy":"product_tag","embeddable":true,"href":"https:\/\/www.huntersfriend.eu\/de\/wp-json\/wp\/v2\/product_tag?post=185867"}],"curies":[{"name":"wp","href":"https:\/\/api.w.org\/{rel}","templated":true}]}}