{"id":185773,"date":"2018-12-21T08:25:13","date_gmt":"2018-12-21T06:25:13","guid":{"rendered":"https:\/\/www.huntersfriend.eu\/product\/tightspot-kocher-camo\/"},"modified":"2024-03-23T05:30:36","modified_gmt":"2024-03-23T03:30:36","slug":"tightspot-kocher-camo","status":"publish","type":"product","link":"https:\/\/www.huntersfriend.eu\/de\/produkt\/tightspot-kocher-camo\/","title":{"rendered":"TightSpot K\u00f6cher Camo"},"content":{"rendered":"<p>5 Pfeil K\u00f6cher<\/p>\n<ul>\n<li>Gewicht: 9.9 oz.<\/li>\n<li>L\u00e4nge: 19 3\/4&#8243;<\/li>\n<li>\u00dcberzieher: 18&#8243;<\/li>\n<\/ul>\n<p>3 Pfeil K\u00f6cher<\/p>\n<ul>\n<li>Gewicht: 6.86 oz.<\/li>\n<li>L\u00e4nge: 15.75&#8243;<\/li>\n<li>\u00dcberzieher: 14&#8243;<\/li>\n<\/ul>\n<p>Der K\u00f6cher der dicht am Bogen sitzt!<\/p>\n<p>TightSpots patentiertes RightSpot Einstellungssystem l\u00e4sst dich den K\u00f6cher dicht an den Bogen bewegen und fixieren wodurch der Bogen weniger Seitengewicht erh\u00e4lt.<\/p>\n<p>Unglaubliche lebenslange Garantie f\u00fcr den Erstk\u00e4ufer!<\/p>\n<ul>\n<li>Sitzt dicht am Bogen und ist so leicht dass man ihn kaum bemerkt<\/li>\n<li>Pfeile sind leicht zu ziehen um einen schnellen zweiten Schuss zu gew\u00e4hrleisten<\/li>\n<li>Super leise zu bedienen. Ideal f\u00fcr nahe Sch\u00fcsse<\/li>\n<li>fungiert als Stabilisator f\u00fcr pr\u00e4ziesere Sch\u00fcsse<\/li>\n<li>h\u00e4lt Pfeile zuverl\u00e4ssig, um Pfeilverlust vorzubeugen<\/li>\n<\/ul>\n","protected":false},"excerpt":{"rendered":"<p>5 Pfeil K\u00f6cher Gewicht: 9.9 oz. L\u00e4nge: 19 3\/4&#8243; \u00dcberzieher: 18&#8243; 3 Pfeil K\u00f6cher Gewicht: 6.86 oz. L\u00e4nge: 15.75&#8243; \u00dcberzieher: 14&#8243; Der K\u00f6cher der dicht am Bogen sitzt! TightSpots patentiertes RightSpot Einstellungssystem l\u00e4sst dich den K\u00f6cher dicht an den Bogen bewegen und fixieren wodurch der Bogen weniger Seitengewicht erh\u00e4lt. Unglaubliche lebenslange Garantie f\u00fcr den Erstk\u00e4ufer! [&#8230;]\n","protected":false},"featured_media":59915,"comment_status":"open","ping_status":"closed","template":"","meta":[],"product_brand":[],"product_cat":[1090],"product_tag":[],"class_list":{"0":"post-185773","1":"product","2":"type-product","3":"status-publish","4":"has-post-thumbnail","6":"product_cat-bogen-und-jagd-koecher","8":"first","9":"instock","10":"taxable","11":"shipping-taxable","12":"purchasable","13":"product-type-variable"},"composite_virtual":false,"composite_layout":"","composite_add_to_cart_form_location":"","composite_editable_in_cart":false,"composite_sold_individually_context":"","composite_shop_price_calc":"","composite_components":[],"composite_scenarios":[],"group_of_quantity":0,"min_quantity":0,"max_quantity":"","exclude_order_quantity_value_rules":"no","exclude_category_quantity_rules":"no","combine_variations":"no","exclude_global_add_ons":[],"addons":[],"_links":{"self":[{"href":"https:\/\/www.huntersfriend.eu\/de\/wp-json\/wp\/v2\/product\/185773","targetHints":{"allow":["GET"]}}],"collection":[{"href":"https:\/\/www.huntersfriend.eu\/de\/wp-json\/wp\/v2\/product"}],"about":[{"href":"https:\/\/www.huntersfriend.eu\/de\/wp-json\/wp\/v2\/types\/product"}],"replies":[{"embeddable":true,"href":"https:\/\/www.huntersfriend.eu\/de\/wp-json\/wp\/v2\/comments?post=185773"}],"wp:featuredmedia":[{"embeddable":true,"href":"https:\/\/www.huntersfriend.eu\/de\/wp-json\/wp\/v2\/media\/59915"}],"wp:attachment":[{"href":"https:\/\/www.huntersfriend.eu\/de\/wp-json\/wp\/v2\/media?parent=185773"}],"wp:term":[{"taxonomy":"product_brand","embeddable":true,"href":"https:\/\/www.huntersfriend.eu\/de\/wp-json\/wp\/v2\/product_brand?post=185773"},{"taxonomy":"product_cat","embeddable":true,"href":"https:\/\/www.huntersfriend.eu\/de\/wp-json\/wp\/v2\/product_cat?post=185773"},{"taxonomy":"product_tag","embeddable":true,"href":"https:\/\/www.huntersfriend.eu\/de\/wp-json\/wp\/v2\/product_tag?post=185773"}],"curies":[{"name":"wp","href":"https:\/\/api.w.org\/{rel}","templated":true}]}}