{"id":185769,"date":"2018-12-21T08:25:13","date_gmt":"2018-12-21T08:25:13","guid":{"rendered":"https:\/\/www.huntersfriend.eu\/product\/tightspot-kocher-black\/"},"modified":"2025-08-27T14:11:39","modified_gmt":"2025-08-27T12:11:39","slug":"tightspot-kocher-black","status":"publish","type":"product","link":"https:\/\/www.huntersfriend.eu\/de\/produkt\/tightspot-kocher-black\/","title":{"rendered":"TightSpot 5 Arrow Lite K\u00f6cher"},"content":{"rendered":"<p>Erstmalig wird ein am Bogen montierter K\u00f6cher die Leistung des Bogens unterst\u00fctzen, anstatt sie zu beeintr\u00e4chtigen. Der TightSpot 5-Pfeil-K\u00f6cher l\u00e4sst sich an der richtigen Stelle justieren, um Ihnen eine ausgewogene Gesamtsystembalance zu bieten und leistungsminderndes Drehmoment zu bek\u00e4mpfen. Mit dem TightSpot 5-Pfeil-K\u00f6cher werden Sie mit montiertem K\u00f6cher besser schie\u00dfen, als Sie es je ohne K\u00f6cher getan haben!  <\/p>\n<ul>\n<li><b>PREMIUM-KONSTRUKTION:<\/b> Aluminium und gewebte Kohlefaser f\u00fcr Gewichtsreduktion und maximale Haltbarkeit.<\/li>\n<li><b>GROSSES BEL\u00dcFTETES HAUBENDESIGN:<\/b> Speziell entwickelt, um die heutigen gr\u00f6\u00dferen und l\u00e4ngeren feststehenden Klingen und expandierbaren Jagdspitzen aufzunehmen.<\/li>\n<li><b>VERBESSERTE BOGENBALANCE:<\/b> Der TightSpot-K\u00f6cher mit der exklusiven 3-Wege-Einstellung erm\u00f6glicht eine Feinabstimmung der Bogenbalance mittels des K\u00f6chers. Einstellbar nach oben, unten, vorne, hinten, innen und au\u00dfen. Das Ergebnis ist ein pr\u00e4zise ausbalancierter Bogen, der die Genauigkeit erh\u00f6ht.  <\/li>\n<li><b>PRAKTISCH KEIN DREHMOMENT:<\/b> TightSpot ist der weltweit erste K\u00f6cher mit geringem Drehmoment. Er sitzt eng am Bogen und ist au\u00dfergew\u00f6hnlich leicht. Dies reduziert das Drehmoment beim Schuss erheblich.  <\/li>\n<li><b>ELIMINIERT VIBRATIONEN:<\/b> Der 5-Pfeil-K\u00f6cher bek\u00e4mpft Vibrationen aus allen Richtungen. Im Gegensatz zu anderen K\u00f6chern reduziert TightSpot Vibrationen, anstatt sie wie konkurrierende K\u00f6cher zu erzeugen. <\/li>\n<li><b>H\u00c4LT PFEILE FEST:<\/b> Das patentierte Bulldog-Greifersystem mit Pfeilkeilen bietet individuell einstellbare Pfeilspannung. Anpassbar an nahezu jeden Pfeildurchmesser. <\/li>\n<li><b>SCHNELLABNAHME:<\/b> Erm\u00f6glicht dem Benutzer, den K\u00f6cher schnell und leise vom Bogen zu entfernen.<\/li>\n<li><b>GEWICHT:<\/b> 280,7 Gramm.<\/li>\n<\/ul>\n","protected":false},"excerpt":{"rendered":"<p>Erstmalig wird ein am Bogen montierter K\u00f6cher die Leistung des Bogens unterst\u00fctzen, anstatt sie zu beeintr\u00e4chtigen. Der TightSpot 5-Pfeil-K\u00f6cher l\u00e4sst sich an der richtigen Stelle justieren, um Ihnen eine ausgewogene Gesamtsystembalance zu bieten und leistungsminderndes Drehmoment zu bek\u00e4mpfen. Mit dem TightSpot 5-Pfeil-K\u00f6cher werden Sie mit montiertem K\u00f6cher besser schie\u00dfen, als Sie es je ohne K\u00f6cher [&#8230;]\n","protected":false},"featured_media":59912,"comment_status":"open","ping_status":"closed","template":"","meta":[],"product_brand":[],"product_cat":[1090,1222],"product_tag":[],"class_list":{"0":"post-185769","1":"product","2":"type-product","3":"status-publish","4":"has-post-thumbnail","6":"product_cat-bogen-und-jagd-koecher","7":"product_cat-sonderangebote","9":"first","10":"instock","11":"sale","12":"taxable","13":"shipping-taxable","14":"purchasable","15":"product-type-variable"},"composite_virtual":false,"composite_layout":"","composite_add_to_cart_form_location":"","composite_editable_in_cart":false,"composite_sold_individually_context":"","composite_shop_price_calc":"","composite_components":[],"composite_scenarios":[],"group_of_quantity":0,"min_quantity":0,"max_quantity":"","exclude_order_quantity_value_rules":"no","exclude_category_quantity_rules":"no","combine_variations":"no","exclude_global_add_ons":[],"addons":[],"_links":{"self":[{"href":"https:\/\/www.huntersfriend.eu\/de\/wp-json\/wp\/v2\/product\/185769","targetHints":{"allow":["GET"]}}],"collection":[{"href":"https:\/\/www.huntersfriend.eu\/de\/wp-json\/wp\/v2\/product"}],"about":[{"href":"https:\/\/www.huntersfriend.eu\/de\/wp-json\/wp\/v2\/types\/product"}],"replies":[{"embeddable":true,"href":"https:\/\/www.huntersfriend.eu\/de\/wp-json\/wp\/v2\/comments?post=185769"}],"wp:featuredmedia":[{"embeddable":true,"href":"https:\/\/www.huntersfriend.eu\/de\/wp-json\/wp\/v2\/media\/59912"}],"wp:attachment":[{"href":"https:\/\/www.huntersfriend.eu\/de\/wp-json\/wp\/v2\/media?parent=185769"}],"wp:term":[{"taxonomy":"product_brand","embeddable":true,"href":"https:\/\/www.huntersfriend.eu\/de\/wp-json\/wp\/v2\/product_brand?post=185769"},{"taxonomy":"product_cat","embeddable":true,"href":"https:\/\/www.huntersfriend.eu\/de\/wp-json\/wp\/v2\/product_cat?post=185769"},{"taxonomy":"product_tag","embeddable":true,"href":"https:\/\/www.huntersfriend.eu\/de\/wp-json\/wp\/v2\/product_tag?post=185769"}],"curies":[{"name":"wp","href":"https:\/\/api.w.org\/{rel}","templated":true}]}}