{"id":185749,"date":"2019-12-17T15:40:48","date_gmt":"2019-12-17T13:40:48","guid":{"rendered":"https:\/\/www.huntersfriend.eu\/product\/nap-nitro-100gr\/"},"modified":"2025-09-02T09:05:52","modified_gmt":"2025-09-02T07:05:52","slug":"nap-nitro-100gr","status":"publish","type":"product","link":"https:\/\/www.huntersfriend.eu\/de\/produkt\/nap-nitro-100gr\/","title":{"rendered":"NAP Thunderhead Nitro 100gr"},"content":{"rendered":"<p><span style=\"display: inline !important; float: none; background-color: #ffffff; color: #212529; font-family: 'Unicod Sans',serif; font-size: 20px; font-style: normal; font-variant: normal; font-weight: 300; letter-spacing: normal; orphans: 2; text-align: left; text-decoration: none; text-indent: 0px; text-transform: none; -webkit-text-stroke-width: 0px; white-space: normal; word-spacing: 0px;\">Der Thunderhead Nitro ist die perfekte Jagdspitze f\u00fcr Sch\u00fctzen, die Jagdspitzen mit fester Klinge verwenden und extreme Pr\u00e4zision und Robustheit verlangen. Mit einer Vollstahlkonstruktion und 1-1\/16 Zoll ultrascharfen Klingen ist sie darauf ausgelegt, die gr\u00f6\u00dften Wildtiere zu erlegen. Hergestellt in den USA f\u00fcr die schnellsten und leistungsst\u00e4rksten B\u00f6gen und Armbr\u00fcste, die erh\u00e4ltlich sind.  <\/span><\/p>\n","protected":false},"excerpt":{"rendered":"<p>3 St\u00fcck \/ Packung, 100 Grain<\/p>\n","protected":false},"featured_media":211184,"comment_status":"open","ping_status":"closed","template":"","meta":[],"product_brand":[],"product_cat":[1079],"product_tag":[],"class_list":{"0":"post-185749","1":"product","2":"type-product","3":"status-publish","4":"has-post-thumbnail","6":"product_cat-jagd-spitzen","8":"first","9":"instock","10":"taxable","11":"shipping-taxable","12":"purchasable","13":"product-type-simple"},"composite_virtual":false,"composite_layout":"","composite_add_to_cart_form_location":"","composite_editable_in_cart":false,"composite_sold_individually_context":"","composite_shop_price_calc":"","composite_components":[],"composite_scenarios":[],"group_of_quantity":0,"min_quantity":0,"max_quantity":"","exclude_order_quantity_value_rules":"no","exclude_category_quantity_rules":"no","combine_variations":"no","exclude_global_add_ons":[],"addons":[],"_links":{"self":[{"href":"https:\/\/www.huntersfriend.eu\/de\/wp-json\/wp\/v2\/product\/185749","targetHints":{"allow":["GET"]}}],"collection":[{"href":"https:\/\/www.huntersfriend.eu\/de\/wp-json\/wp\/v2\/product"}],"about":[{"href":"https:\/\/www.huntersfriend.eu\/de\/wp-json\/wp\/v2\/types\/product"}],"replies":[{"embeddable":true,"href":"https:\/\/www.huntersfriend.eu\/de\/wp-json\/wp\/v2\/comments?post=185749"}],"wp:featuredmedia":[{"embeddable":true,"href":"https:\/\/www.huntersfriend.eu\/de\/wp-json\/wp\/v2\/media\/211184"}],"wp:attachment":[{"href":"https:\/\/www.huntersfriend.eu\/de\/wp-json\/wp\/v2\/media?parent=185749"}],"wp:term":[{"taxonomy":"product_brand","embeddable":true,"href":"https:\/\/www.huntersfriend.eu\/de\/wp-json\/wp\/v2\/product_brand?post=185749"},{"taxonomy":"product_cat","embeddable":true,"href":"https:\/\/www.huntersfriend.eu\/de\/wp-json\/wp\/v2\/product_cat?post=185749"},{"taxonomy":"product_tag","embeddable":true,"href":"https:\/\/www.huntersfriend.eu\/de\/wp-json\/wp\/v2\/product_tag?post=185749"}],"curies":[{"name":"wp","href":"https:\/\/api.w.org\/{rel}","templated":true}]}}