{"id":185732,"date":"2018-12-21T09:24:47","date_gmt":"2018-12-21T07:24:47","guid":{"rendered":"https:\/\/www.huntersfriend.eu\/product\/nockturnal-leuchtnocken\/"},"modified":"2025-11-05T14:44:45","modified_gmt":"2025-11-05T12:44:45","slug":"nockturnal-leuchtnocken","status":"publish","type":"product","link":"https:\/\/www.huntersfriend.eu\/de\/produkt\/nockturnal-leuchtnocken\/","title":{"rendered":"Nockturnal beleuchtete Nocken 3er-Pack"},"content":{"rendered":"<p>Verleihen Sie dem Video Ihrer Jagd mehr Spannung und erleichtern Sie das Auffinden Ihres Pfeils nach dem Schuss. Dieses ausgezeichnete Hilfsmittel kann Ihnen sogar dabei helfen, fehlerhafte Pfeilflugbahnen w\u00e4hrend des Einschie\u00dfens und \u00dcbens zu erkennen. <\/p>\n<p>Nockturnal ist ein f\u00fchrender Entwickler und Hersteller von beleuchteten Nocken f\u00fcr Pfeile und Armbrustbolzen. Der einzigartige, zum Patent angemeldete, durch die Bogensehne aktivierte lineare Schalter von Nockturnal wird durch einen Kolben angetrieben und gew\u00e4hrleistet jedes Mal eine L.E.D.-Beleuchtung. Ohne erforderliche Montage verf\u00fcgen Nockturnal-Nocken \u00fcber superhelle LEDs und langlebige Lithiumbatterien f\u00fcr eine \u00fcberlegene, langanhaltende Illumination.  <\/p>\n<p>Jetzt in Universal-Ausf\u00fchrung f\u00fcr jeden Pfeiltyp erh\u00e4ltlich (Adapter inklusive)<br \/>\nMit und ohne Stroboskop-Funktion verf\u00fcgbar<br \/>\nFarben: Rot\/Gr\u00fcn Stroboskop, Wei\u00df, Gr\u00fcn, sowie Orange und Rot ohne Stroboskop<br \/>\n3er-Packungen<\/p>\n","protected":false},"excerpt":{"rendered":"<p>Verleihen Sie dem Video Ihrer Jagd mehr Spannung und erleichtern Sie das Auffinden Ihres Pfeils nach dem Schuss. Dieses ausgezeichnete Hilfsmittel kann Ihnen sogar dabei helfen, fehlerhafte Pfeilflugbahnen w\u00e4hrend des Einschie\u00dfens und \u00dcbens zu erkennen. Nockturnal ist ein f\u00fchrender Entwickler und Hersteller von beleuchteten Nocken f\u00fcr Pfeile und Armbrustbolzen. Der einzigartige, zum Patent angemeldete, durch [&#8230;]\n","protected":false},"featured_media":59808,"comment_status":"open","ping_status":"closed","template":"","meta":[],"product_brand":[],"product_cat":[1098],"product_tag":[],"class_list":{"0":"post-185732","1":"product","2":"type-product","3":"status-publish","4":"has-post-thumbnail","6":"product_cat-nocken-und-inserts","8":"first","9":"instock","10":"taxable","11":"shipping-taxable","12":"purchasable","13":"product-type-variable"},"composite_virtual":false,"composite_layout":"","composite_add_to_cart_form_location":"","composite_editable_in_cart":false,"composite_sold_individually_context":"","composite_shop_price_calc":"","composite_components":[],"composite_scenarios":[],"group_of_quantity":0,"min_quantity":0,"max_quantity":"","exclude_order_quantity_value_rules":"no","exclude_category_quantity_rules":"no","combine_variations":"no","exclude_global_add_ons":[],"addons":[],"_links":{"self":[{"href":"https:\/\/www.huntersfriend.eu\/de\/wp-json\/wp\/v2\/product\/185732","targetHints":{"allow":["GET"]}}],"collection":[{"href":"https:\/\/www.huntersfriend.eu\/de\/wp-json\/wp\/v2\/product"}],"about":[{"href":"https:\/\/www.huntersfriend.eu\/de\/wp-json\/wp\/v2\/types\/product"}],"replies":[{"embeddable":true,"href":"https:\/\/www.huntersfriend.eu\/de\/wp-json\/wp\/v2\/comments?post=185732"}],"wp:featuredmedia":[{"embeddable":true,"href":"https:\/\/www.huntersfriend.eu\/de\/wp-json\/wp\/v2\/media\/59808"}],"wp:attachment":[{"href":"https:\/\/www.huntersfriend.eu\/de\/wp-json\/wp\/v2\/media?parent=185732"}],"wp:term":[{"taxonomy":"product_brand","embeddable":true,"href":"https:\/\/www.huntersfriend.eu\/de\/wp-json\/wp\/v2\/product_brand?post=185732"},{"taxonomy":"product_cat","embeddable":true,"href":"https:\/\/www.huntersfriend.eu\/de\/wp-json\/wp\/v2\/product_cat?post=185732"},{"taxonomy":"product_tag","embeddable":true,"href":"https:\/\/www.huntersfriend.eu\/de\/wp-json\/wp\/v2\/product_tag?post=185732"}],"curies":[{"name":"wp","href":"https:\/\/api.w.org\/{rel}","templated":true}]}}