{"id":185728,"date":"2018-12-21T08:24:51","date_gmt":"2018-12-21T08:24:51","guid":{"rendered":"https:\/\/www.huntersfriend.eu\/product\/g5-meta-pro-peep\/"},"modified":"2025-10-18T05:29:18","modified_gmt":"2025-10-18T03:29:18","slug":"g5-meta-pro-peep","status":"publish","type":"product","link":"https:\/\/www.huntersfriend.eu\/de\/produkt\/g5-meta-pro-peep\/","title":{"rendered":"G5 Meta Pro Peep"},"content":{"rendered":"<p>Der G5 Meta Pro Peep verf\u00fcgt \u00fcber einen patentierten konvexen Innendurchmesser, der das Sichtfeld bei schwachem Licht maximiert. Der konvexe Innenraum sorgt zudem f\u00fcr einen perfekten Kreis, wenn sich der Peep zu neigen beginnt. Es entsteht kein Oval mehr beim Durchblicken. Die Sehnenrille ist ebenfalls konvex gestaltet, wodurch die tats\u00e4chliche Kontaktfl\u00e4che mit der Sehne reduziert und der Sehnenverschlei\u00df erheblich verringert wird. Dies in einem solchen Ma\u00dfe, dass f\u00fcr den Meta Pro eine *KEINE-SCHNITT-GARANTIE!! gew\u00e4hrt wird. Der Meta Pro ist in den Farben Schwarz, Lila, Pink, Gr\u00fcn, Blau und Rot sowie in den Gr\u00f6\u00dfen 3\/16&#8243;, 1\/4&#8243; und 5\/16&#8243; erh\u00e4ltlich.     <\/p>\n<p>Wir haben im Moment nur Schwarz auf Lager.<\/p>\n<p><em><strong>F\u00fcr weitere G5-Produkte kontaktieren Sie uns bitte direkt.<\/strong><\/em><\/p>\n","protected":false},"excerpt":{"rendered":"<p>Der G5 Meta Pro Peep verf\u00fcgt \u00fcber einen patentierten konvexen Innendurchmesser, der das Sichtfeld bei schwachem Licht maximiert. Der konvexe Innenraum sorgt zudem f\u00fcr einen perfekten Kreis, wenn sich der Peep zu neigen beginnt. Es entsteht kein Oval mehr beim Durchblicken. Die Sehnenrille ist ebenfalls konvex gestaltet, wodurch die tats\u00e4chliche Kontaktfl\u00e4che mit der Sehne reduziert [&#8230;]\n","protected":false},"featured_media":60586,"comment_status":"open","ping_status":"closed","template":"","meta":[],"product_brand":[],"product_cat":[1137],"product_tag":[],"class_list":{"0":"post-185728","1":"product","2":"type-product","3":"status-publish","4":"has-post-thumbnail","6":"product_cat-peeps-nocken-kisserbottons-und-zubehoer","8":"first","9":"instock","10":"taxable","11":"shipping-taxable","12":"purchasable","13":"product-type-variable"},"composite_virtual":false,"composite_layout":"","composite_add_to_cart_form_location":"","composite_editable_in_cart":false,"composite_sold_individually_context":"","composite_shop_price_calc":"","composite_components":[],"composite_scenarios":[],"group_of_quantity":0,"min_quantity":0,"max_quantity":"","exclude_order_quantity_value_rules":"no","exclude_category_quantity_rules":"no","combine_variations":"no","exclude_global_add_ons":[],"addons":[],"_links":{"self":[{"href":"https:\/\/www.huntersfriend.eu\/de\/wp-json\/wp\/v2\/product\/185728","targetHints":{"allow":["GET"]}}],"collection":[{"href":"https:\/\/www.huntersfriend.eu\/de\/wp-json\/wp\/v2\/product"}],"about":[{"href":"https:\/\/www.huntersfriend.eu\/de\/wp-json\/wp\/v2\/types\/product"}],"replies":[{"embeddable":true,"href":"https:\/\/www.huntersfriend.eu\/de\/wp-json\/wp\/v2\/comments?post=185728"}],"wp:featuredmedia":[{"embeddable":true,"href":"https:\/\/www.huntersfriend.eu\/de\/wp-json\/wp\/v2\/media\/60586"}],"wp:attachment":[{"href":"https:\/\/www.huntersfriend.eu\/de\/wp-json\/wp\/v2\/media?parent=185728"}],"wp:term":[{"taxonomy":"product_brand","embeddable":true,"href":"https:\/\/www.huntersfriend.eu\/de\/wp-json\/wp\/v2\/product_brand?post=185728"},{"taxonomy":"product_cat","embeddable":true,"href":"https:\/\/www.huntersfriend.eu\/de\/wp-json\/wp\/v2\/product_cat?post=185728"},{"taxonomy":"product_tag","embeddable":true,"href":"https:\/\/www.huntersfriend.eu\/de\/wp-json\/wp\/v2\/product_tag?post=185728"}],"curies":[{"name":"wp","href":"https:\/\/api.w.org\/{rel}","templated":true}]}}