{"id":185725,"date":"2018-12-21T08:24:52","date_gmt":"2018-12-21T08:24:52","guid":{"rendered":"https:\/\/www.huntersfriend.eu\/product\/g5-striker\/"},"modified":"2026-03-18T22:00:48","modified_gmt":"2026-03-18T20:00:48","slug":"g5-striker","status":"publish","type":"product","link":"https:\/\/www.huntersfriend.eu\/de\/produkt\/g5-striker\/","title":{"rendered":"G5 V2 Striker"},"content":{"rendered":"<div><strong>Der Striker V2 stellt eine beachtliche Verbesserung gegen\u00fcber dem originalen <a href=\"https:\/\/www.g5outdoors.com\/\">G5<\/a> Striker dar. Mit einem gr\u00f6\u00dferen Schnittdurchmesser und einer H\u00fclse aus Maschinenstahl ist der Striker V2 robuster, gr\u00f6\u00dfer und fliegt besser als je zuvor. <\/strong><\/div>\n<div><\/div>\n<div><strong>\u2022 Zu 100% st\u00e4hlern robust<\/strong><\/div>\n<div><strong>\u2022 H\u00fclse aus maschinell bearbeitetem Stahl<\/strong><\/div>\n<div><strong>\u2022 Verbesserter Pfeilflug<\/strong><\/div>\n<div><strong>\u2022 3,18 cm (1,25 Zoll) Schnittdurchmesser<\/strong><\/div>\n<div><strong>\u2022 Ultrascharfe Lutz-Klingen<\/strong><\/div>\n<div><strong>\u2022 Anix Klingensicherungssystem<\/strong><\/div>\n","protected":false},"excerpt":{"rendered":"<p>Der Striker V2 stellt eine beachtliche Verbesserung gegen\u00fcber dem originalen G5 Striker dar. Mit einem gr\u00f6\u00dferen Schnittdurchmesser und einer H\u00fclse aus Maschinenstahl ist der Striker V2 robuster, gr\u00f6\u00dfer und fliegt besser als je zuvor. \u2022 Zu 100% st\u00e4hlern robust \u2022 H\u00fclse aus maschinell bearbeitetem Stahl \u2022 Verbesserter Pfeilflug \u2022 3,18 cm (1,25 Zoll) Schnittdurchmesser \u2022 [&#8230;]\n","protected":false},"featured_media":46705,"comment_status":"open","ping_status":"closed","template":"","meta":[],"product_brand":[],"product_cat":[1079],"product_tag":[],"class_list":{"0":"post-185725","1":"product","2":"type-product","3":"status-publish","4":"has-post-thumbnail","6":"product_cat-jagd-spitzen","8":"first","9":"instock","10":"taxable","11":"shipping-taxable","12":"purchasable","13":"product-type-variable"},"composite_virtual":false,"composite_layout":"","composite_add_to_cart_form_location":"","composite_editable_in_cart":false,"composite_sold_individually_context":"","composite_shop_price_calc":"","composite_components":[],"composite_scenarios":[],"group_of_quantity":0,"min_quantity":0,"max_quantity":"","exclude_order_quantity_value_rules":"no","exclude_category_quantity_rules":"no","combine_variations":"no","exclude_global_add_ons":[],"addons":[],"_links":{"self":[{"href":"https:\/\/www.huntersfriend.eu\/de\/wp-json\/wp\/v2\/product\/185725","targetHints":{"allow":["GET"]}}],"collection":[{"href":"https:\/\/www.huntersfriend.eu\/de\/wp-json\/wp\/v2\/product"}],"about":[{"href":"https:\/\/www.huntersfriend.eu\/de\/wp-json\/wp\/v2\/types\/product"}],"replies":[{"embeddable":true,"href":"https:\/\/www.huntersfriend.eu\/de\/wp-json\/wp\/v2\/comments?post=185725"}],"wp:featuredmedia":[{"embeddable":true,"href":"https:\/\/www.huntersfriend.eu\/de\/wp-json\/wp\/v2\/media\/46705"}],"wp:attachment":[{"href":"https:\/\/www.huntersfriend.eu\/de\/wp-json\/wp\/v2\/media?parent=185725"}],"wp:term":[{"taxonomy":"product_brand","embeddable":true,"href":"https:\/\/www.huntersfriend.eu\/de\/wp-json\/wp\/v2\/product_brand?post=185725"},{"taxonomy":"product_cat","embeddable":true,"href":"https:\/\/www.huntersfriend.eu\/de\/wp-json\/wp\/v2\/product_cat?post=185725"},{"taxonomy":"product_tag","embeddable":true,"href":"https:\/\/www.huntersfriend.eu\/de\/wp-json\/wp\/v2\/product_tag?post=185725"}],"curies":[{"name":"wp","href":"https:\/\/api.w.org\/{rel}","templated":true}]}}