{"id":185722,"date":"2019-01-28T09:52:35","date_gmt":"2019-01-28T09:52:35","guid":{"rendered":"https:\/\/www.huntersfriend.eu\/product\/g5-montec-pre-season\/"},"modified":"2026-03-18T22:00:49","modified_gmt":"2026-03-18T20:00:49","slug":"g5-montec-pre-season","status":"publish","type":"product","link":"https:\/\/www.huntersfriend.eu\/de\/produkt\/g5-montec-pre-season\/","title":{"rendered":"G5 Montec Vorsaison"},"content":{"rendered":"<p>Montec Vorsaison (Ungesch\u00e4rft)<\/p>\n<p>Die Vorsaison-Montec ist in ihren Abmessungen identisch mit der Montec und bietet vorhersehbare Flugeigenschaften und Pr\u00e4zision bei der Verwendung beider Jagdspitzen. Dies eliminiert den schwierigen \u00dcbergang von Feldspitze zu Jagdspitze und minimiert den Bedarf an Feldspitzen. Die abgerundeten Kanten der Vorsaison-Montec reduzieren den Verschlei\u00df an Zielen und machen sie sicher f\u00fcr den Einsatz beim \u00dcben. Die schwarze Farbe der gleitf\u00e4higen, verschlei\u00dffesten Beschichtung unterscheidet sie leicht von der Jagdversion der Montec.   <\/p>\n<ul>\n<li>100% st\u00e4hlerne H\u00e4rte<\/li>\n<li>Eliminiert die Notwendigkeit einer Neujustierung<\/li>\n<li>Erh\u00e4ltlich in 100 und 125 Grain<\/li>\n<li>Einteilige Konstruktion<\/li>\n<li>100% rotationsgetestet<\/li>\n<li>3 Jagdspitzen pro Packung<\/li>\n<li>\u201e1 bis 1 1\/8\u201c Zoll Schnittdurchmesser<\/li>\n<\/ul>\n","protected":false},"excerpt":{"rendered":"<p>100 und 125 Grain.<\/p>\n","protected":false},"featured_media":60847,"comment_status":"open","ping_status":"closed","template":"","meta":[],"product_brand":[],"product_cat":[1078],"product_tag":[],"class_list":{"0":"post-185722","1":"product","2":"type-product","3":"status-publish","4":"has-post-thumbnail","6":"product_cat-uebungs-spitzen","8":"first","9":"instock","10":"taxable","11":"shipping-taxable","12":"purchasable","13":"product-type-variable"},"composite_virtual":false,"composite_layout":"","composite_add_to_cart_form_location":"","composite_editable_in_cart":false,"composite_sold_individually_context":"","composite_shop_price_calc":"","composite_components":[],"composite_scenarios":[],"group_of_quantity":0,"min_quantity":0,"max_quantity":"","exclude_order_quantity_value_rules":"no","exclude_category_quantity_rules":"no","combine_variations":"no","exclude_global_add_ons":[],"addons":[],"_links":{"self":[{"href":"https:\/\/www.huntersfriend.eu\/de\/wp-json\/wp\/v2\/product\/185722","targetHints":{"allow":["GET"]}}],"collection":[{"href":"https:\/\/www.huntersfriend.eu\/de\/wp-json\/wp\/v2\/product"}],"about":[{"href":"https:\/\/www.huntersfriend.eu\/de\/wp-json\/wp\/v2\/types\/product"}],"replies":[{"embeddable":true,"href":"https:\/\/www.huntersfriend.eu\/de\/wp-json\/wp\/v2\/comments?post=185722"}],"wp:featuredmedia":[{"embeddable":true,"href":"https:\/\/www.huntersfriend.eu\/de\/wp-json\/wp\/v2\/media\/60847"}],"wp:attachment":[{"href":"https:\/\/www.huntersfriend.eu\/de\/wp-json\/wp\/v2\/media?parent=185722"}],"wp:term":[{"taxonomy":"product_brand","embeddable":true,"href":"https:\/\/www.huntersfriend.eu\/de\/wp-json\/wp\/v2\/product_brand?post=185722"},{"taxonomy":"product_cat","embeddable":true,"href":"https:\/\/www.huntersfriend.eu\/de\/wp-json\/wp\/v2\/product_cat?post=185722"},{"taxonomy":"product_tag","embeddable":true,"href":"https:\/\/www.huntersfriend.eu\/de\/wp-json\/wp\/v2\/product_tag?post=185722"}],"curies":[{"name":"wp","href":"https:\/\/api.w.org\/{rel}","templated":true}]}}