{"id":185707,"date":"2018-11-19T12:23:22","date_gmt":"2018-11-19T12:23:22","guid":{"rendered":"https:\/\/www.huntersfriend.eu\/product\/g5-montec-cs\/"},"modified":"2026-03-18T22:00:18","modified_gmt":"2026-03-18T20:00:18","slug":"g5-montec-cs","status":"publish","type":"product","link":"https:\/\/www.huntersfriend.eu\/de\/produkt\/g5-montec-cs\/","title":{"rendered":"G5 montec CS"},"content":{"rendered":"<p>Die Montec CS aus Kohlenstoffstahl ist die feinste einteilige Jagdspitze, die heute erh\u00e4ltlich ist. Hergestellt mittels G5&#8217;s patentiertem MIM-Verfahren (Metallpulverspritzguss), ist diese 100 Grain schwere Jagdspitze zu 100% rotationsgepr\u00fcft und aus Kohlenstoffstahl gefertigt. Durch die Verwendung von Kohlenstoffstahl ist die Montec CS au\u00dferordentlich scharf und l\u00e4sst sich nach wiederholtem Gebrauch leicht nachsch\u00e4rfen. Drei (3) Jagdspitzen pro Packung.   <\/p>\n<ul>\n<li>100% st\u00e4hlerne H\u00e4rte<\/li>\n<li>Einteilige MIM-Kohlenstoffstahlkonstruktion<\/li>\n<li>Diamantgeschliffene Sch\u00e4rfe mit einem zus\u00e4tzlichen Abziehprozess zur Maximierung der Klingenschneide<\/li>\n<li>3 Jagdspitzen pro Packung<\/li>\n<li>2,7 cm (1 1\/16&#8243;) Schnittdurchmesser<\/li>\n<\/ul>\n","protected":false},"excerpt":{"rendered":"<p>3er-Packung, 100 Grain<\/p>\n","protected":false},"featured_media":211121,"comment_status":"open","ping_status":"closed","template":"","meta":[],"product_brand":[],"product_cat":[1079],"product_tag":[],"class_list":{"0":"post-185707","1":"product","2":"type-product","3":"status-publish","4":"has-post-thumbnail","6":"product_cat-jagd-spitzen","8":"first","9":"instock","10":"taxable","11":"shipping-taxable","12":"purchasable","13":"product-type-simple"},"composite_virtual":false,"composite_layout":"","composite_add_to_cart_form_location":"","composite_editable_in_cart":false,"composite_sold_individually_context":"","composite_shop_price_calc":"","composite_components":[],"composite_scenarios":[],"group_of_quantity":0,"min_quantity":0,"max_quantity":"","exclude_order_quantity_value_rules":"no","exclude_category_quantity_rules":"no","combine_variations":"no","exclude_global_add_ons":[],"addons":[],"_links":{"self":[{"href":"https:\/\/www.huntersfriend.eu\/de\/wp-json\/wp\/v2\/product\/185707","targetHints":{"allow":["GET"]}}],"collection":[{"href":"https:\/\/www.huntersfriend.eu\/de\/wp-json\/wp\/v2\/product"}],"about":[{"href":"https:\/\/www.huntersfriend.eu\/de\/wp-json\/wp\/v2\/types\/product"}],"replies":[{"embeddable":true,"href":"https:\/\/www.huntersfriend.eu\/de\/wp-json\/wp\/v2\/comments?post=185707"}],"wp:featuredmedia":[{"embeddable":true,"href":"https:\/\/www.huntersfriend.eu\/de\/wp-json\/wp\/v2\/media\/211121"}],"wp:attachment":[{"href":"https:\/\/www.huntersfriend.eu\/de\/wp-json\/wp\/v2\/media?parent=185707"}],"wp:term":[{"taxonomy":"product_brand","embeddable":true,"href":"https:\/\/www.huntersfriend.eu\/de\/wp-json\/wp\/v2\/product_brand?post=185707"},{"taxonomy":"product_cat","embeddable":true,"href":"https:\/\/www.huntersfriend.eu\/de\/wp-json\/wp\/v2\/product_cat?post=185707"},{"taxonomy":"product_tag","embeddable":true,"href":"https:\/\/www.huntersfriend.eu\/de\/wp-json\/wp\/v2\/product_tag?post=185707"}],"curies":[{"name":"wp","href":"https:\/\/api.w.org\/{rel}","templated":true}]}}