{"id":185702,"date":"2018-12-21T08:24:52","date_gmt":"2018-12-21T08:24:52","guid":{"rendered":"https:\/\/www.huntersfriend.eu\/product\/g5-ontec\/"},"modified":"2026-05-04T06:22:00","modified_gmt":"2026-05-04T04:22:00","slug":"g5-ontec","status":"publish","type":"product","link":"https:\/\/www.huntersfriend.eu\/de\/produkt\/g5-ontec\/","title":{"rendered":"G5 montec"},"content":{"rendered":"<p>Der Montec ist eine massive dreifl\u00fcgelige Jagdspitze aus rostfreiem Edelstahl. Gefertigt mit der patentierten Monoflow-Technologie, bietet er un\u00fcbertroffene Pr\u00e4zision, Haltbarkeit und Penetration. Der Montec zeichnet sich durch robuste, mehrfach konische Klingen, eine schneidende Spitze und leicht zu sch\u00e4rfende Kanten aus. Die 100- und 125-Grain-Modelle verf\u00fcgen alle \u00fcber einen Schnittdurchmesser von 1-1\/8 Zoll.   <\/p>\n<ul>\n<li>100% st\u00e4hlerne H\u00e4rte<\/li>\n<li>Schneidendes Kontaktdesign<\/li>\n<li>Diamantschliff-Sch\u00e4rfe<\/li>\n<li>Erh\u00e4ltlich in 85, 100 und 125 Grain<\/li>\n<li>Hochgeschwindigkeits-Armbrustmodell verf\u00fcgbar in 100 und 125 Grain<\/li>\n<li>Einteilige MIM-Konstruktion<\/li>\n<li>100% rotationsgetestet<\/li>\n<li>Vorsaison-Modell verf\u00fcgbar<\/li>\n<li>\u201e1 bis 1 1\/8\u201c Zoll Schnittdurchmesser<\/li>\n<li>3 Jagdspitzen pro Packung<\/li>\n<\/ul>\n","protected":false},"excerpt":{"rendered":"<p>Der Montec ist eine massive dreifl\u00fcgelige Jagdspitze aus rostfreiem Edelstahl. Gefertigt mit der patentierten Monoflow-Technologie, bietet er un\u00fcbertroffene Pr\u00e4zision, Haltbarkeit und Penetration. Der Montec zeichnet sich durch robuste, mehrfach konische Klingen, eine schneidende Spitze und leicht zu sch\u00e4rfende Kanten aus. Die 100- und 125-Grain-Modelle verf\u00fcgen alle \u00fcber einen Schnittdurchmesser von 1-1\/8 Zoll. 100% st\u00e4hlerne H\u00e4rte [&#8230;]\n","protected":false},"featured_media":64329,"comment_status":"open","ping_status":"closed","template":"","meta":[],"product_brand":[],"product_cat":[1079],"product_tag":[],"class_list":{"0":"post-185702","1":"product","2":"type-product","3":"status-publish","4":"has-post-thumbnail","6":"product_cat-jagd-spitzen","8":"first","9":"instock","10":"taxable","11":"shipping-taxable","12":"purchasable","13":"product-type-variable","14":"has-default-attributes"},"composite_virtual":false,"composite_layout":"","composite_add_to_cart_form_location":"","composite_editable_in_cart":false,"composite_sold_individually_context":"","composite_shop_price_calc":"","composite_components":[],"composite_scenarios":[],"group_of_quantity":0,"min_quantity":0,"max_quantity":"","exclude_order_quantity_value_rules":"no","exclude_category_quantity_rules":"no","combine_variations":"no","exclude_global_add_ons":[],"addons":[],"_links":{"self":[{"href":"https:\/\/www.huntersfriend.eu\/de\/wp-json\/wp\/v2\/product\/185702","targetHints":{"allow":["GET"]}}],"collection":[{"href":"https:\/\/www.huntersfriend.eu\/de\/wp-json\/wp\/v2\/product"}],"about":[{"href":"https:\/\/www.huntersfriend.eu\/de\/wp-json\/wp\/v2\/types\/product"}],"replies":[{"embeddable":true,"href":"https:\/\/www.huntersfriend.eu\/de\/wp-json\/wp\/v2\/comments?post=185702"}],"wp:featuredmedia":[{"embeddable":true,"href":"https:\/\/www.huntersfriend.eu\/de\/wp-json\/wp\/v2\/media\/64329"}],"wp:attachment":[{"href":"https:\/\/www.huntersfriend.eu\/de\/wp-json\/wp\/v2\/media?parent=185702"}],"wp:term":[{"taxonomy":"product_brand","embeddable":true,"href":"https:\/\/www.huntersfriend.eu\/de\/wp-json\/wp\/v2\/product_brand?post=185702"},{"taxonomy":"product_cat","embeddable":true,"href":"https:\/\/www.huntersfriend.eu\/de\/wp-json\/wp\/v2\/product_cat?post=185702"},{"taxonomy":"product_tag","embeddable":true,"href":"https:\/\/www.huntersfriend.eu\/de\/wp-json\/wp\/v2\/product_tag?post=185702"}],"curies":[{"name":"wp","href":"https:\/\/api.w.org\/{rel}","templated":true}]}}