{"id":176789,"date":"2019-05-20T14:20:28","date_gmt":"2019-11-04T16:17:34","guid":{"rendered":"https:\/\/www.huntersfriend.eu\/product\/avalon-classic-huftkocher\/"},"modified":"2025-09-24T08:55:51","modified_gmt":"2025-09-24T06:55:51","slug":"avalon-classic-putkinuoliviini-2","status":"publish","type":"product","link":"https:\/\/www.huntersfriend.eu\/de\/produkt\/avalon-classic-putkinuoliviini-2\/","title":{"rendered":"Avalon Classic H\u00fcftk\u00f6cher"},"content":{"rendered":"<p>Dies ist ein langlebiger, hochwertiger K\u00f6cher mit 3 R\u00f6hren, 2 Taschen und einem G\u00fcrtel. Gutes Preis-Leistungs-Verh\u00e4ltnis.<\/p>\n<p>Andere Farben sind verf\u00fcgbar, bitte kontaktieren Sie uns, um diese zu bestellen.<\/p>\n","protected":false},"excerpt":{"rendered":"<p>RH Schwarz<\/p>\n","protected":false},"featured_media":210448,"comment_status":"open","ping_status":"closed","template":"","meta":[],"product_brand":[],"product_cat":[1154,1155],"product_tag":[],"class_list":{"0":"post-176789","1":"product","2":"type-product","3":"status-publish","4":"has-post-thumbnail","6":"product_cat-feldkoecher","7":"product_cat-scheiben-huftkocher","9":"first","10":"instock","11":"taxable","12":"shipping-taxable","13":"purchasable","14":"product-type-simple"},"composite_virtual":false,"composite_layout":"","composite_add_to_cart_form_location":"","composite_editable_in_cart":false,"composite_sold_individually_context":"","composite_shop_price_calc":"","composite_components":[],"composite_scenarios":[],"group_of_quantity":0,"min_quantity":0,"max_quantity":"","exclude_order_quantity_value_rules":"no","exclude_category_quantity_rules":"no","combine_variations":"no","exclude_global_add_ons":[],"addons":[],"_links":{"self":[{"href":"https:\/\/www.huntersfriend.eu\/de\/wp-json\/wp\/v2\/product\/176789","targetHints":{"allow":["GET"]}}],"collection":[{"href":"https:\/\/www.huntersfriend.eu\/de\/wp-json\/wp\/v2\/product"}],"about":[{"href":"https:\/\/www.huntersfriend.eu\/de\/wp-json\/wp\/v2\/types\/product"}],"replies":[{"embeddable":true,"href":"https:\/\/www.huntersfriend.eu\/de\/wp-json\/wp\/v2\/comments?post=176789"}],"wp:featuredmedia":[{"embeddable":true,"href":"https:\/\/www.huntersfriend.eu\/de\/wp-json\/wp\/v2\/media\/210448"}],"wp:attachment":[{"href":"https:\/\/www.huntersfriend.eu\/de\/wp-json\/wp\/v2\/media?parent=176789"}],"wp:term":[{"taxonomy":"product_brand","embeddable":true,"href":"https:\/\/www.huntersfriend.eu\/de\/wp-json\/wp\/v2\/product_brand?post=176789"},{"taxonomy":"product_cat","embeddable":true,"href":"https:\/\/www.huntersfriend.eu\/de\/wp-json\/wp\/v2\/product_cat?post=176789"},{"taxonomy":"product_tag","embeddable":true,"href":"https:\/\/www.huntersfriend.eu\/de\/wp-json\/wp\/v2\/product_tag?post=176789"}],"curies":[{"name":"wp","href":"https:\/\/api.w.org\/{rel}","templated":true}]}}