{"id":176788,"date":"2019-05-22T11:20:17","date_gmt":"2019-11-04T15:47:09","guid":{"rendered":"https:\/\/www.huntersfriend.eu\/product\/ams-safety-slide-kit-2\/"},"modified":"2025-08-27T14:13:48","modified_gmt":"2025-08-27T12:13:48","slug":"ams-safety-slide-kit-2","status":"publish","type":"product","link":"https:\/\/www.huntersfriend.eu\/de\/produkt\/ams-safety-slide-kit-2\/","title":{"rendered":"AMS Safety Slide Kit"},"content":{"rendered":"<p>Die AMS EverGlide-Sicherheitsrutsche hat sich immer wieder bew\u00e4hrt, da Tausende von Fischen gefangen wurden, darunter viele gro\u00dfe Fische mit \u00fcber 300 Pfund. Nocken Sie einfach einen Pfeil mit dem Pfeilschieber nach vorne, ziehen Sie die Leine an der Rolle fest und schie\u00dfen Sie. W\u00e4hrend Sie zur\u00fcckziehen, bleibt der Sicherheitsschlitten vor dem Rest fixiert. Beim Loslassen bewegt sich der Schlitten zur\u00fcck zum Pfeilende und stoppt am Sto\u00dfd\u00e4mpfer, so dass Sie einen perfekten Pfeilflug haben. Verwenden Sie immer einen Arrow Slide und binden Sie Ihre Leine niemals direkt an das Ende Ihres Pfeils. Auf diese Weise gebundene Pfeile k\u00f6nnen sich unerwartet mit der Sehne verwickeln und den Pfeil nach dem Schuss zur\u00fcckschnellen lassen. AMS EverGlide-Sicherheitsrutschen verhindern ein Zur\u00fcckschnappen, indem die Angelschnur jederzeit von der Sehne getrennt bleibt. Verwenden Sie aus Sicherheitsgr\u00fcnden immer AMS EverGlide Safety Slides.<\/p>\n<p>Made in America. <strong>Warnhinweis f\u00fcr Benutzer eines Spin Cast.<\/strong> Durch die ordnungsgem\u00e4\u00dfe Verwendung von AMS EverGlide Safety Slides mit Spin Cast-Rollen wird ein Zur\u00fcckspringen des Pfeils verhindert, wenn sich die Leine mit der Sehne ausversehen verwickelt. Es kann auch passieren, dass Sie vergessen, den B\u00fcgel an Ihrer Rolle freizugeben, was ebenfalls zu einem &#8222;Zur\u00fcckschnappen&#8220; f\u00fchren kann. Vergessen Sie nicht den B\u00fcgel ihrer Rolle vor jedem Schuss zu l\u00f6sen. (AMS Retriever haben keine Sicherung, einfach nur ziehen, zielen und schie\u00dfen!)<\/p>\n","protected":false},"excerpt":{"rendered":"<p>5\/16&#8243; 5-teiliges Paket ausschlie\u00dflich f\u00fcr Bogenfischpfeile<\/p>\n","protected":false},"featured_media":211028,"comment_status":"open","ping_status":"closed","template":"","meta":[],"product_brand":[],"product_cat":[1113],"product_tag":[],"class_list":{"0":"post-176788","1":"product","2":"type-product","3":"status-publish","4":"has-post-thumbnail","6":"product_cat-ersatzteile-fuers-bogenfischen","8":"first","9":"instock","10":"taxable","11":"shipping-taxable","12":"purchasable","13":"product-type-simple"},"composite_virtual":false,"composite_layout":"","composite_add_to_cart_form_location":"","composite_editable_in_cart":false,"composite_sold_individually_context":"","composite_shop_price_calc":"","composite_components":[],"composite_scenarios":[],"group_of_quantity":0,"min_quantity":0,"max_quantity":"","exclude_order_quantity_value_rules":"no","exclude_category_quantity_rules":"no","combine_variations":"no","exclude_global_add_ons":[],"addons":[],"_links":{"self":[{"href":"https:\/\/www.huntersfriend.eu\/de\/wp-json\/wp\/v2\/product\/176788","targetHints":{"allow":["GET"]}}],"collection":[{"href":"https:\/\/www.huntersfriend.eu\/de\/wp-json\/wp\/v2\/product"}],"about":[{"href":"https:\/\/www.huntersfriend.eu\/de\/wp-json\/wp\/v2\/types\/product"}],"replies":[{"embeddable":true,"href":"https:\/\/www.huntersfriend.eu\/de\/wp-json\/wp\/v2\/comments?post=176788"}],"wp:featuredmedia":[{"embeddable":true,"href":"https:\/\/www.huntersfriend.eu\/de\/wp-json\/wp\/v2\/media\/211028"}],"wp:attachment":[{"href":"https:\/\/www.huntersfriend.eu\/de\/wp-json\/wp\/v2\/media?parent=176788"}],"wp:term":[{"taxonomy":"product_brand","embeddable":true,"href":"https:\/\/www.huntersfriend.eu\/de\/wp-json\/wp\/v2\/product_brand?post=176788"},{"taxonomy":"product_cat","embeddable":true,"href":"https:\/\/www.huntersfriend.eu\/de\/wp-json\/wp\/v2\/product_cat?post=176788"},{"taxonomy":"product_tag","embeddable":true,"href":"https:\/\/www.huntersfriend.eu\/de\/wp-json\/wp\/v2\/product_tag?post=176788"}],"curies":[{"name":"wp","href":"https:\/\/api.w.org\/{rel}","templated":true}]}}