{"id":176782,"date":"2019-07-30T11:20:18","date_gmt":"2019-07-30T09:20:18","guid":{"rendered":"https:\/\/www.huntersfriend.eu\/product\/scott-archery-recon-release\/"},"modified":"2025-11-27T11:15:16","modified_gmt":"2025-11-27T09:15:16","slug":"scott-archery-recon-laukaisulaite-2","status":"publish","type":"product","link":"https:\/\/www.huntersfriend.eu\/de\/produkt\/scott-archery-recon-laukaisulaite-2\/","title":{"rendered":"Scott Archery Recon Release"},"content":{"rendered":"<ul>\n<li>Rollentriggersystem f\u00fcr reibungslose Abzugsr\u00fcckf\u00fchrung<\/li>\n<li>Mit dem neuen Cam-Lock-Verbindungsgurt zum Zur\u00fcckklappen f\u00fcr freie H\u00e4nde<\/li>\n<li>Edelstahl, selbstschlie\u00dfende Backe<\/li>\n<li>Das neue, gebogene Trigger-Design bietet ein direktes Gef\u00fchl und verbesserte Fingerplatzierungsoptionen<\/li>\n<li>Der ergonomische Kopf erleichtert die wiederholbare Platzierung der Finger<\/li>\n<li>Einstellbarer Abzugsweg<\/li>\n<li>Bew\u00e4hrtes Scott Single Caliper Roller Sear Konstruktion<\/li>\n<li>Stabiler Drehverbinder mit 5-Loch-Spirall\u00e4ngenverstellung<\/li>\n<\/ul>\n<p>Die Familie Scott brachte als erste ein Release mit sich wieder automatisch schlie\u00dfenden Schlie\u00dfmechanismus auf den Markt. Diese Funktion wurde zuerst beim Mongoose XT und dann wieder beim Freedom XT verbaut. Das Recon mit dem Roller Trigger System und dem Cam-Lock, dem Fold-Back-Anschluss und dem Flinten-Abzug wird das Release in Kombination mit den automatische Schlie\u00dfmechanismus auf eine neues Level angehoben.<\/p>\n<p>&nbsp;<\/p>\n","protected":false},"excerpt":{"rendered":"<p>Schnalle in Camo und Schnalle in Schwarz<\/p>\n","protected":false},"featured_media":46558,"comment_status":"open","ping_status":"closed","template":"","meta":[],"product_brand":[],"product_cat":[1095,1222],"product_tag":[],"class_list":{"0":"post-176782","1":"product","2":"type-product","3":"status-publish","4":"has-post-thumbnail","6":"product_cat-handgelenks-release","7":"product_cat-sonderangebote","9":"first","10":"instock","11":"sale","12":"taxable","13":"shipping-taxable","14":"purchasable","15":"product-type-variable"},"composite_virtual":false,"composite_layout":"","composite_add_to_cart_form_location":"","composite_editable_in_cart":false,"composite_sold_individually_context":"","composite_shop_price_calc":"","composite_components":[],"composite_scenarios":[],"group_of_quantity":0,"min_quantity":0,"max_quantity":"","exclude_order_quantity_value_rules":"no","exclude_category_quantity_rules":"no","combine_variations":"no","exclude_global_add_ons":[],"addons":[],"_links":{"self":[{"href":"https:\/\/www.huntersfriend.eu\/de\/wp-json\/wp\/v2\/product\/176782","targetHints":{"allow":["GET"]}}],"collection":[{"href":"https:\/\/www.huntersfriend.eu\/de\/wp-json\/wp\/v2\/product"}],"about":[{"href":"https:\/\/www.huntersfriend.eu\/de\/wp-json\/wp\/v2\/types\/product"}],"replies":[{"embeddable":true,"href":"https:\/\/www.huntersfriend.eu\/de\/wp-json\/wp\/v2\/comments?post=176782"}],"wp:featuredmedia":[{"embeddable":true,"href":"https:\/\/www.huntersfriend.eu\/de\/wp-json\/wp\/v2\/media\/46558"}],"wp:attachment":[{"href":"https:\/\/www.huntersfriend.eu\/de\/wp-json\/wp\/v2\/media?parent=176782"}],"wp:term":[{"taxonomy":"product_brand","embeddable":true,"href":"https:\/\/www.huntersfriend.eu\/de\/wp-json\/wp\/v2\/product_brand?post=176782"},{"taxonomy":"product_cat","embeddable":true,"href":"https:\/\/www.huntersfriend.eu\/de\/wp-json\/wp\/v2\/product_cat?post=176782"},{"taxonomy":"product_tag","embeddable":true,"href":"https:\/\/www.huntersfriend.eu\/de\/wp-json\/wp\/v2\/product_tag?post=176782"}],"curies":[{"name":"wp","href":"https:\/\/api.w.org\/{rel}","templated":true}]}}