{"id":176779,"date":"2019-08-22T22:20:53","date_gmt":"2019-08-22T20:20:53","guid":{"rendered":"https:\/\/www.huntersfriend.eu\/product\/wasp-dart-jagdspitze\/"},"modified":"2025-08-27T14:14:13","modified_gmt":"2025-08-27T12:14:13","slug":"wasp-dart-100gr","status":"publish","type":"product","link":"https:\/\/www.huntersfriend.eu\/de\/produkt\/wasp-dart-100gr\/","title":{"rendered":"Wasp Dart Jagdspitze"},"content":{"rendered":"<p>Diese Jagdspitze mit 4 Klingen verf\u00fcgt \u00fcber ein unauff\u00e4lliges und aerodynamisches Klingendesign, das eine hohe Feldpunktgenauigkeit \u00fcber gr\u00f6\u00dfere Entfernungen erm\u00f6glicht. Insbesondere bei Verwendung mit B\u00f6gen oder Armbr\u00fcsten mit h\u00f6heren Geschwindigkeiten. Die zus\u00e4tzliche Schneidfl\u00e4che einer vierten Klinge bietet noch mehr Schnittfl\u00e4che f\u00fcr den n\u00f6tigen Ausschusss. 3 pro Packung<\/p>\n","protected":false},"excerpt":{"rendered":"<p>100 und 125 gr Jagdspitzen 3er Pack + Wechselklingen<\/p>\n","protected":false},"featured_media":46571,"comment_status":"open","ping_status":"closed","template":"","meta":[],"product_brand":[],"product_cat":[1079,1222],"product_tag":[],"class_list":{"0":"post-176779","1":"product","2":"type-product","3":"status-publish","4":"has-post-thumbnail","6":"product_cat-jagd-spitzen","7":"product_cat-sonderangebote","9":"first","10":"instock","11":"sale","12":"taxable","13":"shipping-taxable","14":"purchasable","15":"product-type-variable"},"composite_virtual":false,"composite_layout":"","composite_add_to_cart_form_location":"","composite_editable_in_cart":false,"composite_sold_individually_context":"","composite_shop_price_calc":"","composite_components":[],"composite_scenarios":[],"group_of_quantity":0,"min_quantity":0,"max_quantity":"","exclude_order_quantity_value_rules":"no","exclude_category_quantity_rules":"no","combine_variations":"no","exclude_global_add_ons":[],"addons":[],"_links":{"self":[{"href":"https:\/\/www.huntersfriend.eu\/de\/wp-json\/wp\/v2\/product\/176779","targetHints":{"allow":["GET"]}}],"collection":[{"href":"https:\/\/www.huntersfriend.eu\/de\/wp-json\/wp\/v2\/product"}],"about":[{"href":"https:\/\/www.huntersfriend.eu\/de\/wp-json\/wp\/v2\/types\/product"}],"replies":[{"embeddable":true,"href":"https:\/\/www.huntersfriend.eu\/de\/wp-json\/wp\/v2\/comments?post=176779"}],"wp:featuredmedia":[{"embeddable":true,"href":"https:\/\/www.huntersfriend.eu\/de\/wp-json\/wp\/v2\/media\/46571"}],"wp:attachment":[{"href":"https:\/\/www.huntersfriend.eu\/de\/wp-json\/wp\/v2\/media?parent=176779"}],"wp:term":[{"taxonomy":"product_brand","embeddable":true,"href":"https:\/\/www.huntersfriend.eu\/de\/wp-json\/wp\/v2\/product_brand?post=176779"},{"taxonomy":"product_cat","embeddable":true,"href":"https:\/\/www.huntersfriend.eu\/de\/wp-json\/wp\/v2\/product_cat?post=176779"},{"taxonomy":"product_tag","embeddable":true,"href":"https:\/\/www.huntersfriend.eu\/de\/wp-json\/wp\/v2\/product_tag?post=176779"}],"curies":[{"name":"wp","href":"https:\/\/api.w.org\/{rel}","templated":true}]}}