{"id":176778,"date":"2019-10-24T02:40:29","date_gmt":"2019-10-24T00:40:29","guid":{"rendered":"https:\/\/www.huntersfriend.eu\/product\/mtm-plus-arrow-case-pfeilkoffer\/"},"modified":"2026-04-30T12:41:07","modified_gmt":"2026-04-30T10:41:07","slug":"mtm-nuolilaukku-plus-2","status":"publish","type":"product","link":"https:\/\/www.huntersfriend.eu\/de\/produkt\/mtm-nuolilaukku-plus-2\/","title":{"rendered":"MTM Plus Arrow Case &#8211; Pfeilkoffer"},"content":{"rendered":"<ul>\n<li>H\u00e4lt bis zu 48 Pfeile zur sicheren Aufbewahrung<\/li>\n<li>Vier ger\u00e4umige Zubeh\u00f6rf\u00e4cher f\u00fcr Releases, Jagdspitzen, usw.<\/li>\n<li>Gro\u00dfer komfortabler Griff mit eingebautem Schl\u00fcssel f\u00fcr ihre Jagdspitzen<\/li>\n<li>Die bewegliche Schaumstoffpolsterung mit Kerben sch\u00fctzt und trennt die Pfeilbefiederung<\/li>\n<li>F\u00fcr Pfeile bis zu 88,9 cm (35 &#8222;) Gesamtl\u00e4nge &#8211; Abmessungen: 91,44cm x 25,90cm x 13,20cm &#8211; 5 Jahre Garantie &#8211; Hergestellt in den USA<\/li>\n<\/ul>\n<p>&nbsp;<\/p>\n<p>Das Arrow-Plus-Etui besteht aus Kunststoff in Gep\u00e4ckqualit\u00e4t und bietet somit eine optimale und sichere M\u00f6glichkeit, Ihr Pfeilbogenzubeh\u00f6r zu organisieren. Es hat die Kapazit\u00e4t f\u00fcr bis zu 48 Pfeile (bis zu 88,9cm (35 &#8222;)Gesamtl\u00e4nge) oder 24 Pfeile und einen durchschnittlich gro\u00dfen K\u00f6cher. Schaumstoffpolster halten ultrad\u00fcnne Pfeile sicher und getrennt. Zus\u00e4tzlich kann diese Pfeilh\u00fclle zwei abnehmbare Visiere aufnehmen. Die Konstruktion wurde f\u00fcr \u00e4ltere Visiere entwickelt und ist m\u00f6glicherweise nicht in der Lage, die moderneren Visiere zu halten. Vier gro\u00dfe F\u00e4cher bieten Platz f\u00fcr Releases, Handschlaufenreleases, Laschen, Stabilisatoren, M\u00fcckenspray, Entfernungsmesser usw. Gro\u00dfer komfortabler Griff mit eingebautem Schl\u00fcssel f\u00fcr ihre Jagdspitzen      <\/p>\n<p>Weitere Merkmale sind Schnappverschl\u00fcsse, doppelte Vorh\u00e4ngeschlosslaschen f\u00fcr die Sicherheit und Scharnierstiftdesign aus Edelstahl.<\/p>\n<p>Der Pfeilkoffer wird ohne Pfeile geliefert, es sei denn, Sie bestellen diese gesondert.<\/p>\n","protected":false},"excerpt":{"rendered":"<p>91cm x 26cm x 13cm &#8211; Black<\/p>\n","protected":false},"featured_media":221370,"comment_status":"open","ping_status":"closed","template":"","meta":[],"product_brand":[],"product_cat":[1086],"product_tag":[],"class_list":{"0":"post-176778","1":"product","2":"type-product","3":"status-publish","4":"has-post-thumbnail","6":"product_cat-pfeil-rohre-und-taschen","8":"first","9":"outofstock","10":"taxable","11":"shipping-taxable","12":"purchasable","13":"product-type-simple"},"composite_virtual":false,"composite_layout":"","composite_add_to_cart_form_location":"","composite_editable_in_cart":false,"composite_sold_individually_context":"","composite_shop_price_calc":"","composite_components":[],"composite_scenarios":[],"group_of_quantity":0,"min_quantity":0,"max_quantity":"","exclude_order_quantity_value_rules":"no","exclude_category_quantity_rules":"no","combine_variations":"no","exclude_global_add_ons":[],"addons":[],"_links":{"self":[{"href":"https:\/\/www.huntersfriend.eu\/de\/wp-json\/wp\/v2\/product\/176778","targetHints":{"allow":["GET"]}}],"collection":[{"href":"https:\/\/www.huntersfriend.eu\/de\/wp-json\/wp\/v2\/product"}],"about":[{"href":"https:\/\/www.huntersfriend.eu\/de\/wp-json\/wp\/v2\/types\/product"}],"replies":[{"embeddable":true,"href":"https:\/\/www.huntersfriend.eu\/de\/wp-json\/wp\/v2\/comments?post=176778"}],"wp:featuredmedia":[{"embeddable":true,"href":"https:\/\/www.huntersfriend.eu\/de\/wp-json\/wp\/v2\/media\/221370"}],"wp:attachment":[{"href":"https:\/\/www.huntersfriend.eu\/de\/wp-json\/wp\/v2\/media?parent=176778"}],"wp:term":[{"taxonomy":"product_brand","embeddable":true,"href":"https:\/\/www.huntersfriend.eu\/de\/wp-json\/wp\/v2\/product_brand?post=176778"},{"taxonomy":"product_cat","embeddable":true,"href":"https:\/\/www.huntersfriend.eu\/de\/wp-json\/wp\/v2\/product_cat?post=176778"},{"taxonomy":"product_tag","embeddable":true,"href":"https:\/\/www.huntersfriend.eu\/de\/wp-json\/wp\/v2\/product_tag?post=176778"}],"curies":[{"name":"wp","href":"https:\/\/api.w.org\/{rel}","templated":true}]}}