{"id":125776,"date":"2019-09-12T08:20:17","date_gmt":"2019-09-12T06:20:17","guid":{"rendered":"https:\/\/www.huntersfriend.eu\/product\/final-approach-full-body-graugans-locker\/"},"modified":"2026-04-15T11:47:37","modified_gmt":"2026-04-15T09:47:37","slug":"final-approach-fullbody-greylag-goose-decoy-2","status":"publish","type":"product","link":"https:\/\/www.huntersfriend.eu\/de\/produkt\/final-approach-fullbody-greylag-goose-decoy-2\/","title":{"rendered":"Final Approach Bemalte Vollk\u00f6rper-Graugans, 6er-Pack"},"content":{"rendered":"<p>Final Approach Bemalte Vollk\u00f6rper-Graugans, 6er-Pack.<\/p>\n<ul>\n<li>Robuste Mischung aus weicherem Kunststoff f\u00fcr erh\u00f6hte Haltbarkeit und bessere Farbhaftung<\/li>\n<li>Modelliert und bemalt speziell f\u00fcr den eingefleischten Graugansj\u00e4ger<\/li>\n<li>Hervorragende Bemalung und realistische Formgebung, um die V\u00f6gel nah heranzulocken<\/li>\n<li>45,7 cm (18 Zoll) Fiberglas-Erdspie\u00dfe<\/li>\n<li>Inhalt: 2 ruhende, 2 aggressiv fressende und 2 fressende mit kurzem Hals<\/li>\n<\/ul>\n<p><strong>Achtung: Online-Bestellungen sind auf eine Box pro Bestellung begrenzt. Bei gr\u00f6\u00dferen Mengen wenden Sie sich bitte direkt an den Kundenservice, um die Lieferkosten zu erfragen.<\/strong><\/p>\n","protected":false},"excerpt":{"rendered":"<p><strong>Achtung: Online-Bestellungen sind auf eine Box pro Bestellung begrenzt. F\u00fcr gr\u00f6\u00dfere Mengen kontaktieren Sie bitte direkt den Kundenservice bez\u00fcglich der Lieferkosten <\/strong><\/p>\n","protected":false},"featured_media":208451,"comment_status":"open","ping_status":"closed","template":"","meta":[],"product_brand":[],"product_cat":[1394],"product_tag":[],"class_list":{"0":"post-125776","1":"product","2":"type-product","3":"status-publish","4":"has-post-thumbnail","6":"product_cat-ganse-lockvogel","7":"product_shipping_class-big-de","9":"first","10":"instock","11":"sale","12":"taxable","13":"shipping-taxable","14":"purchasable","15":"product-type-simple"},"composite_virtual":false,"composite_layout":"","composite_add_to_cart_form_location":"","composite_editable_in_cart":false,"composite_sold_individually_context":"","composite_shop_price_calc":"","composite_components":[],"composite_scenarios":[],"group_of_quantity":0,"min_quantity":0,"max_quantity":"","exclude_order_quantity_value_rules":"no","exclude_category_quantity_rules":"no","combine_variations":"no","exclude_global_add_ons":[],"addons":[],"_links":{"self":[{"href":"https:\/\/www.huntersfriend.eu\/de\/wp-json\/wp\/v2\/product\/125776","targetHints":{"allow":["GET"]}}],"collection":[{"href":"https:\/\/www.huntersfriend.eu\/de\/wp-json\/wp\/v2\/product"}],"about":[{"href":"https:\/\/www.huntersfriend.eu\/de\/wp-json\/wp\/v2\/types\/product"}],"replies":[{"embeddable":true,"href":"https:\/\/www.huntersfriend.eu\/de\/wp-json\/wp\/v2\/comments?post=125776"}],"wp:featuredmedia":[{"embeddable":true,"href":"https:\/\/www.huntersfriend.eu\/de\/wp-json\/wp\/v2\/media\/208451"}],"wp:attachment":[{"href":"https:\/\/www.huntersfriend.eu\/de\/wp-json\/wp\/v2\/media?parent=125776"}],"wp:term":[{"taxonomy":"product_brand","embeddable":true,"href":"https:\/\/www.huntersfriend.eu\/de\/wp-json\/wp\/v2\/product_brand?post=125776"},{"taxonomy":"product_cat","embeddable":true,"href":"https:\/\/www.huntersfriend.eu\/de\/wp-json\/wp\/v2\/product_cat?post=125776"},{"taxonomy":"product_tag","embeddable":true,"href":"https:\/\/www.huntersfriend.eu\/de\/wp-json\/wp\/v2\/product_tag?post=125776"}],"curies":[{"name":"wp","href":"https:\/\/api.w.org\/{rel}","templated":true}]}}