{"id":279486,"date":"2025-06-18T07:26:09","date_gmt":"2025-06-18T05:26:09","guid":{"rendered":"https:\/\/www.huntersfriend.eu\/rueckgabe-und-erstattungsrichtlinie\/"},"modified":"2025-06-18T07:26:09","modified_gmt":"2025-06-18T05:26:09","slug":"rueckgabe-und-erstattungsrichtlinie","status":"publish","type":"page","link":"https:\/\/www.huntersfriend.eu\/de\/rueckgabe-und-erstattungsrichtlinie\/","title":{"rendered":"R\u00fcckgabe- und Erstattungsrichtlinie"},"content":{"rendered":"\n<p><b>Dies ist eine Beispielseite.<\/b><\/p>\n\n<h3>Overview<\/h3>\n\n<p>Unsere R\u00fcckgabe- und R\u00fcckerstattungsrichtlinie gilt f\u00fcr 30 Tage. Sollten seit Ihrem Kauf 30 Tage verstrichen sein, k\u00f6nnen wir Ihnen leider keine vollst\u00e4ndige R\u00fcckerstattung oder keinen Umtausch mehr anbieten. <\/p>\n\n<p>Um f\u00fcr eine R\u00fcckgabe berechtigt zu sein, muss Ihr Artikel unbenutzt und in demselben Zustand sein, in dem Sie ihn erhalten haben. Er muss sich zudem in der Originalverpackung befinden. <\/p>\n\n<p>Mehrere Arten von Waren sind von der R\u00fcckgabe ausgeschlossen. Verderbliche Waren wie Lebensmittel, Blumen, Zeitungen oder Zeitschriften k\u00f6nnen nicht zur\u00fcckgegeben werden. Wir akzeptieren auch keine Produkte, die Intim- oder Hygieneartikel, Gefahrstoffe oder brennbare Fl\u00fcssigkeiten oder Gase sind.  <\/p>\n\n<p>Zus\u00e4tzliche nicht r\u00fcckgabef\u00e4hige Artikel:<\/p>\n\n<ul class=\"wp-block-list\">\n<li>Geschenkkarten<\/li>\n<li>Herunterladbare Softwareprodukte<\/li>\n<li>Bestimmte Gesundheits- und K\u00f6rperpflegeartikel<\/li>\n<\/ul>\n\n<p>Um Ihre R\u00fcckgabe abzuschlie\u00dfen, ben\u00f6tigen wir einen Kaufbeleg oder einen Kaufnachweis.<\/p>\n\n<p>Bitte senden Sie Ihren Einkauf nicht an den Hersteller zur\u00fcck.<\/p>\n\n<p>Es gibt bestimmte Situationen, in denen nur teilweise R\u00fcckerstattungen gew\u00e4hrt werden:<\/p>\n\n<ul class=\"wp-block-list\">\n<li>B\u00fccher mit offensichtlichen Gebrauchsspuren<\/li>\n<li>CD, DVD, VHS-Kassette, Software, Videospiel, Kassette oder Schallplatte, die ge\u00f6ffnet wurde.<\/li>\n<li>Jeder Artikel, der sich nicht in seinem Originalzustand befindet, besch\u00e4digt ist oder Teile fehlen, aus Gr\u00fcnden, die nicht auf unseren Fehler zur\u00fcckzuf\u00fchren sind.<\/li>\n<li>Jeder Artikel, der mehr als 30 Tage nach der Lieferung zur\u00fcckgegeben wird<\/li>\n<\/ul>\n\n<h2>Refunds<\/h2>\n\n<p>Sobald Ihre R\u00fccksendung eingegangen und \u00fcberpr\u00fcft wurde, werden wir Ihnen eine E-Mail senden, um Sie dar\u00fcber zu informieren, dass wir Ihren zur\u00fcckgesandten Artikel erhalten haben. Wir werden Sie auch \u00fcber die Genehmigung oder Ablehnung Ihrer R\u00fcckerstattung informieren. <\/p>\n\n<p>Wenn Ihre R\u00fcckerstattung genehmigt wird, wird diese bearbeitet und eine Gutschrift wird automatisch auf Ihre Kreditkarte oder die urspr\u00fcngliche Zahlungsmethode angewendet, innerhalb einer bestimmten Anzahl von Tagen.<\/p>\n\n<b>Late or missing refunds<\/b>\n\n<p>Wenn Sie noch keine R\u00fcckerstattung erhalten haben, \u00fcberpr\u00fcfen Sie zun\u00e4chst erneut Ihr Bankkonto.<\/p>\n\n<p>Kontaktieren Sie dann Ihr Kreditkartenunternehmen, es kann einige Zeit dauern, bis Ihre R\u00fcckerstattung offiziell verbucht wird.<\/p>\n\n<p>Wenden Sie sich als N\u00e4chstes an Ihre Bank. Es gibt oft eine gewisse Bearbeitungszeit, bevor eine R\u00fcckerstattung verbucht wird. <\/p>\n\n<p>Wenn Sie all dies getan haben und Ihre R\u00fcckerstattung immer noch nicht erhalten haben, kontaktieren Sie uns bitte unter {E-Mail-Adresse}.<\/p>\n\n<b>Sale items<\/b>\n\n<p>Nur Artikel zum regul\u00e4ren Preis k\u00f6nnen erstattet werden. Sonderangebote k\u00f6nnen nicht erstattet werden. <\/p>\n\n<h2>Exchanges<\/h2>\n\n<p>Wir ersetzen Artikel nur, wenn sie defekt oder besch\u00e4digt sind. Wenn Sie den Artikel gegen denselben Artikel umtauschen m\u00f6chten, senden Sie uns eine E-Mail an {E-Mail-Adresse} und senden Sie Ihren Artikel an: {physische Adresse}. <\/p>\n\n<h2>Gifts<\/h2>\n\n<p>Wenn der Artikel beim Kauf als Geschenk gekennzeichnet und direkt an Sie versandt wurde, erhalten Sie eine Geschenkgutschrift in H\u00f6he des R\u00fcckgabewertes. Sobald der zur\u00fcckgesandte Artikel eingegangen ist, wird Ihnen ein Geschenkgutschein zugesandt. <\/p>\n\n<p>Wenn der Artikel beim Kauf nicht als Geschenk gekennzeichnet wurde oder der Schenkende die Bestellung an sich selbst liefern lie\u00df, um sie Ihnen sp\u00e4ter zu \u00fcberreichen, senden wir die R\u00fcckerstattung an den Schenkenden, und dieser wird \u00fcber Ihre R\u00fcckgabe informiert.<\/p>\n\n<h2>Shipping returns<\/h2>\n\n<p>Um Ihr Produkt zur\u00fcckzusenden, sollten Sie Ihr Produkt an folgende Adresse schicken: {physische Adresse}.<\/p>\n\n<p>Sie sind f\u00fcr die \u00dcbernahme der Versandkosten f\u00fcr die R\u00fccksendung Ihres Artikels verantwortlich. Versandkosten sind nicht erstattungsf\u00e4hig. Wenn Sie eine R\u00fcckerstattung erhalten, werden die Kosten f\u00fcr den R\u00fcckversand von Ihrer R\u00fcckerstattung abgezogen.  <\/p>\n\n<p>Je nachdem, wo Sie wohnen, kann die Zeit variieren, die Ihr umgetauschtes Produkt ben\u00f6tigt, um Sie zu erreichen.<\/p>\n\n<p>Wenn Sie teurere Artikel zur\u00fccksenden, sollten Sie eventuell einen nachverfolgbaren Versandservice in Betracht ziehen oder eine Versandversicherung abschlie\u00dfen. Wir garantieren nicht, dass wir Ihren zur\u00fcckgesandten Artikel erhalten werden. <\/p>\n\n<h2>Need help?<\/h2>\n\n<p>Kontaktieren Sie uns unter {email} f\u00fcr Fragen bez\u00fcglich R\u00fcckerstattungen und R\u00fccksendungen.<\/p>\n","protected":false},"excerpt":{"rendered":"<p>Dies ist eine Beispielseite. Overview Unsere R\u00fcckgabe- und R\u00fcckerstattungsrichtlinie gilt f\u00fcr 30 Tage. Sollten seit Ihrem Kauf 30 Tage verstrichen sein, k\u00f6nnen wir Ihnen leider keine vollst\u00e4ndige R\u00fcckerstattung oder keinen Umtausch mehr anbieten. Um f\u00fcr eine R\u00fcckgabe berechtigt zu sein, muss Ihr Artikel unbenutzt und in demselben Zustand sein, in dem Sie ihn erhalten haben. [&#8230;]\n","protected":false},"author":1,"featured_media":0,"parent":0,"menu_order":0,"comment_status":"closed","ping_status":"closed","template":"","meta":{"footnotes":""},"class_list":["post-279486","page","type-page","status-publish","hentry"],"_links":{"self":[{"href":"https:\/\/www.huntersfriend.eu\/de\/wp-json\/wp\/v2\/pages\/279486","targetHints":{"allow":["GET"]}}],"collection":[{"href":"https:\/\/www.huntersfriend.eu\/de\/wp-json\/wp\/v2\/pages"}],"about":[{"href":"https:\/\/www.huntersfriend.eu\/de\/wp-json\/wp\/v2\/types\/page"}],"author":[{"embeddable":true,"href":"https:\/\/www.huntersfriend.eu\/de\/wp-json\/wp\/v2\/users\/1"}],"replies":[{"embeddable":true,"href":"https:\/\/www.huntersfriend.eu\/de\/wp-json\/wp\/v2\/comments?post=279486"}],"version-history":[{"count":1,"href":"https:\/\/www.huntersfriend.eu\/de\/wp-json\/wp\/v2\/pages\/279486\/revisions"}],"predecessor-version":[{"id":279487,"href":"https:\/\/www.huntersfriend.eu\/de\/wp-json\/wp\/v2\/pages\/279486\/revisions\/279487"}],"wp:attachment":[{"href":"https:\/\/www.huntersfriend.eu\/de\/wp-json\/wp\/v2\/media?parent=279486"}],"curies":[{"name":"wp","href":"https:\/\/api.w.org\/{rel}","templated":true}]}}