{"id":279164,"date":"2025-06-03T08:23:52","date_gmt":"2025-06-03T06:23:52","guid":{"rendered":"https:\/\/www.huntersfriend.eu\/?page_id=279164"},"modified":"2025-06-18T07:27:28","modified_gmt":"2025-06-18T05:27:28","slug":"newsletter-danke","status":"publish","type":"page","link":"https:\/\/www.huntersfriend.eu\/de\/newsletter-danke\/","title":{"rendered":"Abonnieren &#8211; Vielen Dank"},"content":{"rendered":"<h1 data-start=\"164\" data-end=\"191\">Willkommen zur Jagd!<\/h1>\n<p data-start=\"193\" data-end=\"306\">Vielen Dank, dass Sie sich f\u00fcr den Newsletter von Hunters Friend angemeldet haben. Sie sind nun Teil einer Gemeinschaft, die f\u00fcr das Leben in der Natur lebt und atmet.<\/p>\n<p data-start=\"308\" data-end=\"357\">Von nun an werden Sie als Erster \u00fcber Folgendes informiert:<\/p>\n<ul data-start=\"358\" data-end=\"502\">\n<li data-start=\"358\" data-end=\"402\">\n<p data-start=\"360\" data-end=\"402\">\ud83e\udd8c Neue Jagdausr\u00fcstung und Produkteinf\u00fchrungen<\/p>\n<\/li>\n<li data-start=\"403\" data-end=\"463\">\n<p data-start=\"405\" data-end=\"463\">\ud83c\udfaf Tipps, Anleitungen und Inspiration f\u00fcr Ihr n\u00e4chstes Abenteuer<\/p>\n<\/li>\n<li data-start=\"464\" data-end=\"502\">\n<p data-start=\"466\" data-end=\"502\">\ud83d\udd25 Exklusive Angebote ausschlie\u00dflich f\u00fcr Abonnenten<\/p>\n<\/li>\n<\/ul>\n<p data-start=\"504\" data-end=\"587\">Wir sind stolz darauf, <em data-start=\"522\" data-end=\"548\">Ihr bester Freund bei der Jagd<\/em> zu sein \u2014 und wir werden es mit jeder E-Mail unter Beweis stellen.<\/p>\n<p data-start=\"589\" data-end=\"635\"><strong data-start=\"589\" data-end=\"607\">Weidmannsheil,<\/strong><br data-start=\"607\" data-end=\"610\">Das Team von Hunters Friend<br \/>\nP.S. Sie k\u00f6nnen sich jederzeit abmelden (aber wir hoffen, dass Sie uns erhalten bleiben).<\/p>\n","protected":false},"excerpt":{"rendered":"<p>Willkommen zur Jagd! Vielen Dank, dass Sie sich f\u00fcr den Newsletter von Hunters Friend angemeldet haben. Sie sind nun Teil einer Gemeinschaft, die f\u00fcr das Leben in der Natur lebt und atmet. Von nun an werden Sie als Erster \u00fcber Folgendes informiert: \ud83e\udd8c Neue Jagdausr\u00fcstung und Produkteinf\u00fchrungen \ud83c\udfaf Tipps, Anleitungen und Inspiration f\u00fcr Ihr n\u00e4chstes [&#8230;]\n","protected":false},"author":50,"featured_media":0,"parent":0,"menu_order":0,"comment_status":"closed","ping_status":"closed","template":"","meta":{"footnotes":""},"class_list":["post-279164","page","type-page","status-publish","hentry"],"_links":{"self":[{"href":"https:\/\/www.huntersfriend.eu\/de\/wp-json\/wp\/v2\/pages\/279164","targetHints":{"allow":["GET"]}}],"collection":[{"href":"https:\/\/www.huntersfriend.eu\/de\/wp-json\/wp\/v2\/pages"}],"about":[{"href":"https:\/\/www.huntersfriend.eu\/de\/wp-json\/wp\/v2\/types\/page"}],"author":[{"embeddable":true,"href":"https:\/\/www.huntersfriend.eu\/de\/wp-json\/wp\/v2\/users\/50"}],"replies":[{"embeddable":true,"href":"https:\/\/www.huntersfriend.eu\/de\/wp-json\/wp\/v2\/comments?post=279164"}],"version-history":[{"count":2,"href":"https:\/\/www.huntersfriend.eu\/de\/wp-json\/wp\/v2\/pages\/279164\/revisions"}],"predecessor-version":[{"id":279502,"href":"https:\/\/www.huntersfriend.eu\/de\/wp-json\/wp\/v2\/pages\/279164\/revisions\/279502"}],"wp:attachment":[{"href":"https:\/\/www.huntersfriend.eu\/de\/wp-json\/wp\/v2\/media?parent=279164"}],"curies":[{"name":"wp","href":"https:\/\/api.w.org\/{rel}","templated":true}]}}