{"id":183060,"date":"2020-02-27T10:11:30","date_gmt":"2020-02-27T08:11:30","guid":{"rendered":"https:\/\/www.huntersfriend.eu\/we-can-help\/"},"modified":"2020-02-27T10:31:15","modified_gmt":"2020-02-27T08:31:15","slug":"wir-konnen-helfen","status":"publish","type":"page","link":"https:\/\/www.huntersfriend.eu\/de\/wir-konnen-helfen\/","title":{"rendered":"Wir K\u00f6nnen Helfen"},"content":{"rendered":"<div class=\"row row-collapse row-full-width\"  id=\"row-266909300\">\n\n\t<div id=\"col-2106243879\" class=\"col medium-6 small-12 large-6\"  >\n\t\t\t\t<div class=\"col-inner\"  >\n\t\t\t\n\t\t\t\n\n  <div class=\"banner has-hover\" id=\"banner-808946135\">\n          <div class=\"banner-inner fill\">\n        <div class=\"banner-bg fill\" >\n            <img decoding=\"async\" width=\"1020\" height=\"680\" src=\"https:\/\/www.huntersfriend.eu\/app\/uploads\/2018\/10\/AdobeStock_168218396-1024x683.jpg\" class=\"bg attachment-large size-large\" alt=\"\" \/>                                    \n                    <\/div>\n\t\t\n        <div class=\"banner-layers container\">\n            <div class=\"fill banner-link\"><\/div>            \n        <\/div>\n      <\/div>\n\n            \n<style>\n#banner-808946135 {\n  padding-top: 300px;\n}\n@media (min-width:550px) {\n  #banner-808946135 {\n    padding-top: 500px;\n  }\n}\n<\/style>\n  <\/div>\n\n\n\t\t<\/div>\n\t\t\t\t\t<\/div>\n\n\t\n\n\t<div id=\"col-830419334\" class=\"col medium-6 small-12 large-6\"  >\n\t\t\t\t<div class=\"col-inner\"  >\n\t\t\t\n\t\t\t\n\n  <div class=\"banner has-hover\" id=\"banner-1677598402\">\n          <div class=\"banner-inner fill\">\n        <div class=\"banner-bg fill\" >\n                                                \n                    <\/div>\n\t\t\n        <div class=\"banner-layers container\">\n            <div class=\"fill banner-link\"><\/div>            \n   <div id=\"text-box-1051790841\" class=\"text-box banner-layer x50 md-x50 lg-x50 y50 md-y50 lg-y50 res-text\">\n                                <div class=\"text-box-content text \">\n              \n              <div class=\"text-inner text-center\">\n                  \n<h2>Wie bestelle ich<\/h2>\n<p>Bei der Bestellung von Deinem neuen Compoundbogen musst Du einige Entscheidungen treffen. Manche dieser Entscheidungen sind lediglich pers\u00f6nlicher Geschmack (z.B. Farbe der Befiederung, Art des Diopters, Zubeh\u00f6r usw.), aber andere Entscheidungen beeinflussen direkt, wie gut Dein Bogen zu Dir passt. Deshalb ist es wesentlich, dass wir hier keine Fehler machen. Wenn Du nicht bereits ein Profi in Sachen modernes Bogenschie\u00dfen bist, empfehlen wird dringend diese Anleitung zu lesen, bevor Du bestellst. Wir f\u00fchren Dich durch die technischen Fachbegriffe und versuchen zu erkl\u00e4ren, worauf es wirklich ankommt und worauf nicht. Sollte irgendetwas unklar sein, oder solltest Du Hilfe ben\u00f6tigen, helfen wir gerne pers\u00f6nlich weiter.<\/p>\n<a href=\"https:\/\/www.huntersfriend.eu\/de\/wir-konnen-helfen\/wie-man-bestellt\/\" class=\"button primary\" >\n\t\t<span>WEITERLESEN<\/span>\n\t<\/a>\n\n              <\/div>\n           <\/div>\n                            \n<style>\n#text-box-1051790841 {\n  width: 100%;\n}\n#text-box-1051790841 .text-box-content {\n  font-size: 130%;\n}\n@media (min-width:550px) {\n  #text-box-1051790841 {\n    width: 85%;\n  }\n  #text-box-1051790841 .text-box-content {\n    font-size: 140%;\n  }\n}\n@media (min-width:850px) {\n  #text-box-1051790841 {\n    width: 80%;\n  }\n  #text-box-1051790841 .text-box-content {\n    font-size: 150%;\n  }\n}\n<\/style>\n    <\/div>\n \n        <\/div>\n      <\/div>\n\n            \n<style>\n#banner-1677598402 {\n  padding-top: 575px;\n  background-color: rgb(255,255,255);\n}\n@media (min-width:550px) {\n  #banner-1677598402 {\n    padding-top: 500px;\n  }\n}\n<\/style>\n  <\/div>\n\n\n\t\t<\/div>\n\t\t\t\t\t<\/div>\n\n\t\n<\/div>\n<div class=\"row row-collapse row-full-width\"  id=\"row-543355127\">\n\n\t<div id=\"col-1517252699\" class=\"col medium-6 small-12 large-6\"  >\n\t\t\t\t<div class=\"col-inner\"  >\n\t\t\t\n\t\t\t\n\n  <div class=\"banner has-hover\" id=\"banner-306255468\">\n          <div class=\"banner-inner fill\">\n        <div class=\"banner-bg fill\" >\n                                                \n                    <\/div>\n\t\t\n        <div class=\"banner-layers container\">\n            <div class=\"fill banner-link\"><\/div>            \n   <div id=\"text-box-1413414994\" class=\"text-box banner-layer x50 md-x50 lg-x50 y50 md-y50 lg-y50 res-text\">\n                                <div class=\"text-box-content text \">\n              \n              <div class=\"text-inner text-center\">\n                  \n<h2>Wann wird meine Bestellung versendet<\/h2>\n<p>Einer bis F\u00fcnf Arbeitstage: Der Gr\u00f6\u00dfte Teil (ungef\u00e4hr 94%) unserer Kunden Pro-Shop Bestellungen werden innerhalb von 2-4 Arbeitstagen bearbeitet, kontrolliert und verschickt. In den weniger hektischen Monaten (Januar-Juli) k\u00f6nnen wir diesen Durchschnitt oft um einen Tag unterbieten. In den stressigeren Monaten (August- Dezember) brauchen wir daf\u00fcr auch mal einen Tag l\u00e4nger. Unter Ber\u00fccksichtigung dieser Faktoren ist ein Versand innerhalb von 1-5 Werkstagen die fairste Sch\u00e4tzung, die wir angeben k\u00f6nnen. Wir wissen, dass unsere Kunden es kaum erwarten k\u00f6nnen ihre H\u00e4nde an ihre neusten Errungenschaften legen zu k\u00f6nnen und los zu legen, also legen wir uns ins Zeug damit die Bestellung so schnell wie m\u00f6glich ankommt. Trotzdem passiert manchmal etwas Unerwartetes (ein Lieferengp\u00e4sse, Extremwetter, Versagen von Maschinen, Zombie-Attacken, usw.). Wenn es also, aus welchen Gr\u00fcnden auch immer, zu Verz\u00f6gerungen kommen sollte, melden wir uns bei Dir. Ansonsten kannst Du damit rechnen, dass deine Bestellung innerhalb weniger Arbeitstage auf die Reise geht. Unser E-Mail-System wird Dich auf dem Laufenden halten welchen Status deine Bestellung gerade hat.<\/p>\n<a href=\"https:\/\/www.huntersfriend.eu\/de\/wir-konnen-helfen\/vorlaufzeiten\/\" class=\"button primary\" >\n\t\t<span>WEITERLESEN<\/span>\n\t<\/a>\n\n              <\/div>\n           <\/div>\n                            \n<style>\n#text-box-1413414994 {\n  width: 100%;\n}\n#text-box-1413414994 .text-box-content {\n  font-size: 130%;\n}\n@media (min-width:550px) {\n  #text-box-1413414994 {\n    width: 85%;\n  }\n  #text-box-1413414994 .text-box-content {\n    font-size: 140%;\n  }\n}\n@media (min-width:850px) {\n  #text-box-1413414994 {\n    width: 80%;\n  }\n  #text-box-1413414994 .text-box-content {\n    font-size: 150%;\n  }\n}\n<\/style>\n    <\/div>\n \n        <\/div>\n      <\/div>\n\n            \n<style>\n#banner-306255468 {\n  padding-top: 550px;\n  background-color: rgb(255,255,255);\n}\n@media (min-width:550px) {\n  #banner-306255468 {\n    padding-top: 500px;\n  }\n}\n<\/style>\n  <\/div>\n\n\n\t\t<\/div>\n\t\t\t\t\t<\/div>\n\n\t\n\n\t<div id=\"col-1491826905\" class=\"col medium-6 small-12 large-6 small-col-first\"  >\n\t\t\t\t<div class=\"col-inner\"  >\n\t\t\t\n\t\t\t\n\n  <div class=\"banner has-hover\" id=\"banner-1046038884\">\n          <div class=\"banner-inner fill\">\n        <div class=\"banner-bg fill\" >\n            <img decoding=\"async\" width=\"1020\" height=\"680\" src=\"https:\/\/www.huntersfriend.eu\/app\/uploads\/2018\/10\/AdobeStock_179879129-1024x683.jpg\" class=\"bg attachment-large size-large\" alt=\"\" \/>                                    \n                    <\/div>\n\t\t\n        <div class=\"banner-layers container\">\n            <div class=\"fill banner-link\"><\/div>            \n        <\/div>\n      <\/div>\n\n            \n<style>\n#banner-1046038884 {\n  padding-top: 300px;\n}\n@media (min-width:550px) {\n  #banner-1046038884 {\n    padding-top: 500px;\n  }\n}\n<\/style>\n  <\/div>\n\n\n\t\t<\/div>\n\t\t\t\t\t<\/div>\n\n\t\n<\/div>\n<div class=\"row row-collapse row-full-width\"  id=\"row-2013771149\">\n\n\t<div id=\"col-1912286813\" class=\"col medium-6 small-12 large-6\"  >\n\t\t\t\t<div class=\"col-inner\"  >\n\t\t\t\n\t\t\t\n\n  <div class=\"banner has-hover\" id=\"banner-311419026\">\n          <div class=\"banner-inner fill\">\n        <div class=\"banner-bg fill\" >\n            <img decoding=\"async\" width=\"1020\" height=\"680\" src=\"https:\/\/www.huntersfriend.eu\/app\/uploads\/2018\/09\/AdobeStock_182885434-1024x683.jpeg\" class=\"bg attachment-large size-large\" alt=\"\" \/>                                    \n                    <\/div>\n\t\t\n        <div class=\"banner-layers container\">\n            <div class=\"fill banner-link\"><\/div>            \n        <\/div>\n      <\/div>\n\n            \n<style>\n#banner-311419026 {\n  padding-top: 300px;\n}\n@media (min-width:550px) {\n  #banner-311419026 {\n    padding-top: 500px;\n  }\n}\n<\/style>\n  <\/div>\n\n\n\t\t<\/div>\n\t\t\t\t\t<\/div>\n\n\t\n\n\t<div id=\"col-1413731022\" class=\"col medium-6 small-12 large-6\"  >\n\t\t\t\t<div class=\"col-inner\"  >\n\t\t\t\n\t\t\t\n\n  <div class=\"banner has-hover\" id=\"banner-1978673774\">\n          <div class=\"banner-inner fill\">\n        <div class=\"banner-bg fill\" >\n                                                \n                    <\/div>\n\t\t\n        <div class=\"banner-layers container\">\n            <div class=\"fill banner-link\"><\/div>            \n   <div id=\"text-box-1860336856\" class=\"text-box banner-layer x50 md-x50 lg-x50 y50 md-y50 lg-y50 res-text\">\n                                <div class=\"text-box-content text \">\n              \n              <div class=\"text-inner text-center\">\n                  \n<h2>Bogen Hilfe<\/h2>\n<p>Das Anpassen eines Bogens ist eine der am meisten Diskutierten Fragen in unserem Gesch\u00e4ft. Compoundb\u00f6gen lassen sich nur innerhalb ihres spezifischen Spektrums einstellen und die physischen Anforderungen des Sch\u00fctzen m\u00fcssen in dieses Spektrum fallen. Das sollte einfach sein, zumindest in der Theorie. Aber in der Praxis kann es relativ schwierig werden. Einen pers\u00f6nlichen Compoundbogen anzupassen ist nicht so weinfach wie ein paar Stiefel anzupassen. Es gibt einige Aspekte, die ber\u00fccksichtig werden und viele Bogensch\u00fctzen haben eine falsche Vorstellung davon, was richtig ist und was nicht. Um etwas Klarheit zum Thema \u201eAnpassung eines Bogens\u201c zu bieten, haben wir in diesem Kapitel einige Mythen und Missverst\u00e4ndnisse adressiert.<\/p>\n<a href=\"https:\/\/www.huntersfriend.eu\/de\/wir-konnen-helfen\/compoundbogen-anpassungsleitfaden\/\" class=\"button primary\" >\n\t\t<span>WEITERLESEN<\/span>\n\t<\/a>\n\n              <\/div>\n           <\/div>\n                            \n<style>\n#text-box-1860336856 {\n  width: 100%;\n}\n#text-box-1860336856 .text-box-content {\n  font-size: 130%;\n}\n@media (min-width:550px) {\n  #text-box-1860336856 {\n    width: 85%;\n  }\n  #text-box-1860336856 .text-box-content {\n    font-size: 140%;\n  }\n}\n@media (min-width:850px) {\n  #text-box-1860336856 {\n    width: 80%;\n  }\n  #text-box-1860336856 .text-box-content {\n    font-size: 150%;\n  }\n}\n<\/style>\n    <\/div>\n \n        <\/div>\n      <\/div>\n\n            \n<style>\n#banner-1978673774 {\n  padding-top: 550px;\n  background-color: rgb(255,255,255);\n}\n@media (min-width:550px) {\n  #banner-1978673774 {\n    padding-top: 500px;\n  }\n}\n<\/style>\n  <\/div>\n\n\n\t\t<\/div>\n\t\t\t\t\t<\/div>\n\n\t\n<\/div>\n<div class=\"row row-collapse row-full-width\"  id=\"row-1606369405\">\n\n\t<div id=\"col-482462565\" class=\"col medium-6 small-12 large-6\"  >\n\t\t\t\t<div class=\"col-inner\"  >\n\t\t\t\n\t\t\t\n\n  <div class=\"banner has-hover\" id=\"banner-1631539737\">\n          <div class=\"banner-inner fill\">\n        <div class=\"banner-bg fill\" >\n                                                \n                    <\/div>\n\t\t\n        <div class=\"banner-layers container\">\n            <div class=\"fill banner-link\"><\/div>            \n   <div id=\"text-box-378484136\" class=\"text-box banner-layer x50 md-x50 lg-x50 y50 md-y50 lg-y50 res-text\">\n                                <div class=\"text-box-content text \">\n              \n              <div class=\"text-inner text-center\">\n                  \n<h2>Pfeil Hilfe<\/h2>\n<p>Dies ist die Pflichtlekt\u00fcre fr jeden, der Pfeile kaufen m\u00f6chte. Jeder Bogensch\u00fctze ist es sich selbst schuldig, die technischen Grundlagen von Pfeilen zu bestehen, da sie nicht nur die Pr\u00e4zision sondern auch die Sicherheit beeinflussen. Falsch bemessene Pfeile sind gef\u00e4hrlich! Wenn Du einer der vielen Bogenj\u00e4ger bist, die ihre Pfeile aussuchen, indem sie vor jeder Saison eine Hand voll Pfeile aus dem Pfeileimer im Lokalen Outdoorgesch\u00e4ft greifen, wirst Du \u00fcberrascht sein zu h\u00f6ren, dass Du Dich selbst betrogen und wom\u00f6glich sogar gef\u00e4hrdet hast. Es gibt f\u00fcr Pfeile keine Einheitsgr\u00f6\u00dfe, die allen passt. Die richtigen Pfeile zu schie\u00dfen verbessert Deine Genauigkeit und Deinen Erfolg wesentlich &#8211; und das f\u00fcr weniger Geld, als man meinen w\u00fcrde. In diesem umfangreichen sechsteiligen Kapitel erkl\u00e4ren wir Dir alles, was Du wissen musst.<\/p>\n<a href=\"https:\/\/www.huntersfriend.eu\/de\/wir-konnen-helfen\/pfeil-hilfe\/\" class=\"button primary\" >\n\t\t<span>WEITERLESEN<\/span>\n\t<\/a>\n\n              <\/div>\n           <\/div>\n                            \n<style>\n#text-box-378484136 {\n  width: 100%;\n}\n#text-box-378484136 .text-box-content {\n  font-size: 130%;\n}\n@media (min-width:550px) {\n  #text-box-378484136 {\n    width: 85%;\n  }\n  #text-box-378484136 .text-box-content {\n    font-size: 140%;\n  }\n}\n@media (min-width:850px) {\n  #text-box-378484136 {\n    width: 80%;\n  }\n  #text-box-378484136 .text-box-content {\n    font-size: 150%;\n  }\n}\n<\/style>\n    <\/div>\n \n        <\/div>\n      <\/div>\n\n            \n<style>\n#banner-1631539737 {\n  padding-top: 600px;\n  background-color: rgb(255,255,255);\n}\n@media (min-width:550px) {\n  #banner-1631539737 {\n    padding-top: 500px;\n  }\n}\n<\/style>\n  <\/div>\n\n\n\t\t<\/div>\n\t\t\t\t\t<\/div>\n\n\t\n\n\t<div id=\"col-1460321597\" class=\"col medium-6 small-12 large-6 small-col-first\"  >\n\t\t\t\t<div class=\"col-inner\"  >\n\t\t\t\n\t\t\t\n\n  <div class=\"banner has-hover\" id=\"banner-1687771917\">\n          <div class=\"banner-inner fill\">\n        <div class=\"banner-bg fill\" >\n            <img decoding=\"async\" width=\"1020\" height=\"680\" src=\"https:\/\/www.huntersfriend.eu\/app\/uploads\/2018\/10\/AdobeStock_179879129-1024x683.jpg\" class=\"bg attachment-large size-large\" alt=\"\" \/>                                    \n                    <\/div>\n\t\t\n        <div class=\"banner-layers container\">\n            <div class=\"fill banner-link\"><\/div>            \n        <\/div>\n      <\/div>\n\n            \n<style>\n#banner-1687771917 {\n  padding-top: 300px;\n}\n@media (min-width:550px) {\n  #banner-1687771917 {\n    padding-top: 500px;\n  }\n}\n<\/style>\n  <\/div>\n\n\n\t\t<\/div>\n\t\t\t\t\t<\/div>\n\n\t\n<\/div>\n<div class=\"row row-collapse row-full-width\"  id=\"row-1153287005\">\n\n\t<div id=\"col-1869470819\" class=\"col medium-6 small-12 large-6\"  >\n\t\t\t\t<div class=\"col-inner\"  >\n\t\t\t\n\t\t\t\n\n  <div class=\"banner has-hover\" id=\"banner-1513516053\">\n          <div class=\"banner-inner fill\">\n        <div class=\"banner-bg fill\" >\n            <img decoding=\"async\" width=\"1020\" height=\"680\" src=\"https:\/\/www.huntersfriend.eu\/app\/uploads\/2018\/10\/AdobeStock_168218396-1024x683.jpg\" class=\"bg attachment-large size-large\" alt=\"\" \/>                                    \n                    <\/div>\n\t\t\n        <div class=\"banner-layers container\">\n            <div class=\"fill banner-link\"><\/div>            \n        <\/div>\n      <\/div>\n\n            \n<style>\n#banner-1513516053 {\n  padding-top: 300px;\n}\n@media (min-width:550px) {\n  #banner-1513516053 {\n    padding-top: 500px;\n  }\n}\n<\/style>\n  <\/div>\n\n\n\t\t<\/div>\n\t\t\t\t\t<\/div>\n\n\t\n\n\t<div id=\"col-105020210\" class=\"col medium-6 small-12 large-6\"  >\n\t\t\t\t<div class=\"col-inner\"  >\n\t\t\t\n\t\t\t\n\n  <div class=\"banner has-hover\" id=\"banner-209919306\">\n          <div class=\"banner-inner fill\">\n        <div class=\"banner-bg fill\" >\n                                                \n                    <\/div>\n\t\t\n        <div class=\"banner-layers container\">\n            <div class=\"fill banner-link\"><\/div>            \n   <div id=\"text-box-303168435\" class=\"text-box banner-layer x50 md-x50 lg-x50 y50 md-y50 lg-y50 res-text\">\n                                <div class=\"text-box-content text \">\n              \n              <div class=\"text-inner text-center\">\n                  \n<h2>Unser Fachgesch\u00e4ft<\/h2>\n<p>Wenn Du Deine Ausr\u00fcstung noch nie professionell von einem Fachgesch\u00e4ft hast einstellen lassen, dann verpasst Du einiges. Ein \u201eSet Bogen\u201c aus der Fabrik ist weit davon entfernt ein einsatzbereiter Bogen zu sein. Leider werden Bogensport Produkte immer mehr darauf ausgerichtet im Massenmarkt verkauft zu werden. Das bedeutet, dass Kunden einfach nur das bekommen, was in der Packung ist und auf das Beste hoffen. Wir denken, das ist eine verantwortungslose Art Bogenausr\u00fcstung zu verkaufen, besonders wenn es um die Jagd auf Gro\u00dfwild geht. Wir verkaufen Ausr\u00fcstung nicht auf diese Art. Unsere St\u00e4rke liegt im Handwerk und im Service. Unser Team beginnt jeden Morgen um 6:30 Uhr damit B\u00f6gen zu bauen und Pfeile zu befiedern, es ist also keine au\u00dfergew\u00f6hnliche Aufgabe f\u00fcr uns einen Bogen f\u00fcr unsere Kunden zu montieren, einzustellen, zu testen und einzuschie\u00dfen.<\/p>\n<a href=\"https:\/\/www.huntersfriend.eu\/de\/wir-konnen-helfen\/our-pro-shop\/\" class=\"button primary\" >\n\t\t<span>WEITERLESEN<\/span>\n\t<\/a>\n\n              <\/div>\n           <\/div>\n                            \n<style>\n#text-box-303168435 {\n  width: 100%;\n}\n#text-box-303168435 .text-box-content {\n  font-size: 130%;\n}\n@media (min-width:550px) {\n  #text-box-303168435 {\n    width: 85%;\n  }\n  #text-box-303168435 .text-box-content {\n    font-size: 140%;\n  }\n}\n@media (min-width:850px) {\n  #text-box-303168435 {\n    width: 80%;\n  }\n  #text-box-303168435 .text-box-content {\n    font-size: 150%;\n  }\n}\n<\/style>\n    <\/div>\n \n        <\/div>\n      <\/div>\n\n            \n<style>\n#banner-209919306 {\n  padding-top: 600px;\n  background-color: rgb(255,255,255);\n}\n@media (min-width:550px) {\n  #banner-209919306 {\n    padding-top: 500px;\n  }\n}\n<\/style>\n  <\/div>\n\n\n\t\t<\/div>\n\t\t\t\t\t<\/div>\n\n\t\n<\/div>\n","protected":false},"excerpt":{"rendered":"","protected":false},"author":1,"featured_media":0,"parent":0,"menu_order":0,"comment_status":"closed","ping_status":"closed","template":"","meta":{"footnotes":""},"class_list":["post-183060","page","type-page","status-publish","hentry"],"_links":{"self":[{"href":"https:\/\/www.huntersfriend.eu\/de\/wp-json\/wp\/v2\/pages\/183060","targetHints":{"allow":["GET"]}}],"collection":[{"href":"https:\/\/www.huntersfriend.eu\/de\/wp-json\/wp\/v2\/pages"}],"about":[{"href":"https:\/\/www.huntersfriend.eu\/de\/wp-json\/wp\/v2\/types\/page"}],"author":[{"embeddable":true,"href":"https:\/\/www.huntersfriend.eu\/de\/wp-json\/wp\/v2\/users\/1"}],"replies":[{"embeddable":true,"href":"https:\/\/www.huntersfriend.eu\/de\/wp-json\/wp\/v2\/comments?post=183060"}],"version-history":[{"count":10,"href":"https:\/\/www.huntersfriend.eu\/de\/wp-json\/wp\/v2\/pages\/183060\/revisions"}],"predecessor-version":[{"id":183093,"href":"https:\/\/www.huntersfriend.eu\/de\/wp-json\/wp\/v2\/pages\/183060\/revisions\/183093"}],"wp:attachment":[{"href":"https:\/\/www.huntersfriend.eu\/de\/wp-json\/wp\/v2\/media?parent=183060"}],"curies":[{"name":"wp","href":"https:\/\/api.w.org\/{rel}","templated":true}]}}