{"id":182878,"date":"2020-02-11T14:48:47","date_gmt":"2020-02-11T12:48:47","guid":{"rendered":"https:\/\/www.huntersfriend.eu\/?page_id=182878"},"modified":"2025-06-18T07:27:27","modified_gmt":"2025-06-18T05:27:27","slug":"compoundbogen-anpassungsleitfaden","status":"publish","type":"page","link":"https:\/\/www.huntersfriend.eu\/de\/wir-konnen-helfen\/compoundbogen-anpassungsleitfaden\/","title":{"rendered":"Bogenschie\u00dfhilfe"},"content":{"rendered":"\n\t<section class=\"section\" id=\"section_1220635660\">\n\t\t<div class=\"section-bg fill\" >\n\t\t\t\t\t\t\t\t\t\n\t\t\t\n\n\t\t<\/div>\n\n\t\t\n\n\t\t<div class=\"section-content relative\">\n\t\t\t\n\t<div id=\"gap-81052000\" class=\"gap-element clearfix\" style=\"display:block; height:auto;\">\n\t\t\n<style>\n#gap-81052000 {\n  padding-top: 20px;\n}\n<\/style>\n\t<\/div>\n\t\n<div class=\"container section-title-container\" ><h1 class=\"section-title section-title-center\"><b aria-hidden=\"true\"><\/b><span class=\"section-title-main\" >Anpassungsleitfaden f\u00fcr Compoundb\u00f6gen<\/span><b aria-hidden=\"true\"><\/b><\/h1><\/div>\n<div class=\"row align-center\"  id=\"row-669447397\">\n\n\t<div id=\"col-1883692364\" class=\"col medium-12 small-12 large-8\"  >\n\t\t\t\t<div class=\"col-inner\"  >\n\t\t\t\n\t\t\t\n<h2>Dies ist pers\u00f6nlich: Auszugsl\u00e4nge<\/h2>\n<p><strong>Was ist eine Auszugsl\u00e4nge? <\/strong>Compoundb\u00f6gen unterscheiden sich etwas von traditionellen Recurve- und Langb\u00f6gen. Im Gegensatz zu traditionellen B\u00f6gen, die praktisch \u00fcber jede beliebige Distanz ausgezogen werden k\u00f6nnen, sind Compoundb\u00f6gen so konstruiert, dass sie nur bis zu einem bestimmten Punkt ausgezogen werden k\u00f6nnen &#8211; und dann stoppen. Diese Distanz ist als \u201eAuszugsl\u00e4nge\u201c des Bogens bekannt &#8211; und wird durch die mechanischen Systeme am Bogen kontrolliert. Der entscheidende Punkt ist, dass die mechanische Einstellung des Bogens und die physische Gr\u00f6\u00dfe des Sch\u00fctzen \u00fcbereinstimmen m\u00fcssen. Wenn Ihre k\u00f6rperliche Gr\u00f6\u00dfe einen Bogen mit einer Auszugsl\u00e4ngeneinstellung von beispielsweise 29 Zoll erfordert, kann man sagen, dass \u201eIhre Auszugsl\u00e4nge\u201c 29 Zoll betr\u00e4gt. Sowohl SIE als auch der BOGEN haben also eine Auszugsl\u00e4nge, die \u00fcbereinstimmen muss. Die Bestimmung der Auszugsl\u00e4nge beginnt mit der Vermessung der Person (dazu sp\u00e4ter mehr) und anschlie\u00dfend der Suche nach einem Bogen, der an diese Person angepasst werden kann &#8211; nicht umgekehrt.      <\/p>\n<p><strong>Was bedeutet voller Auszug? <\/strong>Es ist wichtig zu beachten, dass Compoundb\u00f6gen daf\u00fcr konzipiert sind, nur aus der Position des vollen Auszugs geschossen zu werden &#8211; das hei\u00dft, wenn der Bogen vollst\u00e4ndig ausgezogen ist (bis zum Anschlag). Wenn ein Compoundbogen beispielsweise auf eine \u201eAuszugsl\u00e4nge von 29 Zoll eingestellt ist, sollte er immer auf volle 29 Zoll ausgezogen\u201c und dann aus dieser Position geschossen werden. Man sollte niemals versuchen, aus der Mitte des Krafthubs zu schie\u00dfen. Sie schie\u00dfen erst, nachdem Sie den vollen Auszug erreicht haben. Wenn Sie noch nie einen Compoundbogen geschossen haben, keine Sorge. Es ist viel einfacher zu \u201ef\u00fchlen\u201c als zu erkl\u00e4ren. Es ist fast wie das \u00d6ffnen einer Autot\u00fcr. Man wei\u00df einfach, wann die T\u00fcr ganz offen ist und wann man aufh\u00f6ren muss zu dr\u00fccken, richtig? Genauso ist es bei einem Bogen. Sie werden wissen, wann Sie den vollen Auszug erreicht haben; es ist ziemlich offensichtlich. Sie ziehen den Bogen zur\u00fcck, bis Sie den mechanischen Anschlag sp\u00fcren &#8211; dann zielen Sie &#8211; dann schie\u00dfen Sie! Einfach.           <\/p>\n<p><strong>\u00dcberziehen des Bogens? <\/strong>Bei den meisten Compoundb\u00f6gen ist der mechanische Anschlag beim vollen Auszug sehr fest. Sobald Sie den Anschlag erreichen, ist es \u00e4u\u00dferst schwierig, den Bogen noch weiter zu ziehen (und Sie sollten es nicht versuchen). Ein Bogen, der auf 29 Zoll Auszug eingestellt ist, kann nicht auf 30 oder 31 Zoll ausgezogen werden, ohne die mechanische Einstellung des Bogens zu ver\u00e4ndern. Versuchen Sie niemals, einen Bogen gewaltsam \u00fcber den mechanischen Anschlag hinaus zu \u00fcberziehen. Ziehen Sie Ihren Bogen langsam und kontrolliert aus. Kurz nachdem Ihr Bogen die volle Entspannung erreicht hat, werden Sie das Auftreffen an der &#8222;Wand&#8220; sp\u00fcren. Das war&#8217;s. Sie sind bereit zu schie\u00dfen. Die meisten modernen Compoundb\u00f6gen ben\u00f6tigen weniger als 9 kg Druck, um bei vollem Auszug gehalten zu werden. Wenn Sie also bei vollem Auszug immer noch \u00e4chzen und sich anstrengen, versuchen Sie, den Bogen gewaltsam zu \u00fcberziehen (was Sie und den Bogen besch\u00e4digen kann). Bleiben Sie also ruhig. Wenn Sie den vollen Auszug erreichen, entspannen Sie sich. Sie haben es geschafft.<\/p>\n<p><strong>Was ist eine \u201ekorrekten\u201c Auszugsl\u00e4nge? <\/strong>Fragen Sie zehn verschiedene Bogenschie\u00dfexperten nach Rat zu Ihrer Auszugsl\u00e4nge, und Sie werden wahrscheinlich zehn verschiedene Antworten erhalten. Es gibt eine Reihe von Methoden und Ger\u00e4ten, die \u00fcblicherweise verwendet werden, um eine \u201ekorrekte\u201c Auszugsl\u00e4nge zu bestimmen &#8211; von denen nur wenige \u00fcbereinstimmen. Die Wahrheit ist&#8230; Ihre \u201ekorrekte\u201c Auszugsl\u00e4nge ist diejenige, bei der Sie sich am wohlsten f\u00fchlen und am genauesten schie\u00dfen. Unabh\u00e4ngig davon, was eine Tabelle oder ein Ger\u00e4t (oder ein Experte) sagt, wenn Sie bei einer bestimmten Auszugsl\u00e4nge am besten schie\u00dfen&#8230; DAS ist Ihre perfekte Auszugsl\u00e4nge. Einige Sch\u00fctzen experimentieren ein wenig und \u201ejustieren\u201c ihre Auszugsl\u00e4ngen nach oben oder unten, w\u00e4hrend sich ihre Technik entwickelt, aber die meisten Erwachsenen finden einfach eine komfortable Auszugsl\u00e4nge und bleiben dabei. Wenn Sie neu in diesem Sport sind, machen Sie sich keine Sorgen. Wir werden Ihnen helfen, einen guten Ausgangspunkt zu sch\u00e4tzen.       <\/p>\n<p><img decoding=\"async\" class=\"aligncenter\" src=\"https:\/\/www.huntersfriend.com\/assets\/images\/armspan1.jpg\" alt=\"Wie man seine Auszugsl\u00e4nge f\u00fcr einen Compoundbogen misst\" align=\"right\" border=\"1\"><strong>Die Armspannmethode funktioniert! <\/strong>Hier ist eine zuverl\u00e4ssige Messmethode, die wir seit f\u00fcnfzehn Jahren anwenden&#8230; die bew\u00e4hrte Armspann\/2,5-Methode. Um Ihre Auszugsl\u00e4nge zu messen, bestimmen Sie die L\u00e4nge Ihrer Armspannweite in Zoll. Stehen Sie mit ausgestreckten Armen und nach vorne gerichteten Handfl\u00e4chen. Strecken Sie sich beim Messen nicht. Stehen Sie einfach nat\u00fcrlich. Lassen Sie sich von jemand anderem helfen und messen Sie von der Spitze des einen Mittelfingers zur anderen. Teilen Sie diese Zahl dann einfach durch 2,5. Der Quotient ist Ihre ungef\u00e4hre Auszugsl\u00e4nge (in Zoll) f\u00fcr Ihre K\u00f6rpergr\u00f6\u00dfe. Wenn Sie eine Person mit durchschnittlichen Proportionen sind, wird Ihre Armspannweite ungef\u00e4hr gleich Ihrer K\u00f6rpergr\u00f6\u00dfe (in Zoll) sein. Es gibt also oft eine direkte Korrelation zwischen der K\u00f6rpergr\u00f6\u00dfe einer Person und ihrer Auszugsl\u00e4nge, so dass Sie, wenn Sie m\u00f6chten, die unten stehende Skala verwenden k\u00f6nnen. Aber wenn Sie besonders schlank, st\u00e4mmig usw. sind, wird die Armspann\/2,5-Methode wahrscheinlich die zuverl\u00e4ssigste Sch\u00e4tzung ergeben.          <\/p>\n<p><img decoding=\"async\" class=\"aligncenter\" src=\"https:\/\/www.huntersfriend.com\/assets\/images\/scale5.jpg\" alt=\"K\u00f6rpergr\u00f6\u00dfe vs. Auszugsl\u00e4nge f\u00fcr einen Compoundbogen\" align=\"middle\" border=\"0\"><\/p>\n<p><strong>Geschwindigkeitsfanatiker aufgepasst! <\/strong>Die meisten Sch\u00fctzen neigen dazu, ihre B\u00f6gen auf eine zu gro\u00dfe Auszugsl\u00e4nge einzustellen &#8211; insbesondere M\u00e4nner. Dies k\u00f6nnte eine Nebenwirkung des m\u00e4nnlichen Machismo sein (wir alle denken, wir seien ein wenig gr\u00f6\u00dfer, als wir tats\u00e4chlich sind), aber manchmal ist es eine bewusste Entscheidung, um mehr Geschwindigkeit und Kraft zu gewinnen. Je l\u00e4nger Ihre Auszugsl\u00e4nge ist, desto l\u00e4nger wird der Krafthub Ihres Bogens sein &#8211; und desto schneller wird Ihr Bogen schie\u00dfen. Als Faustregel gilt: 1 Zoll Auszugsl\u00e4nge entspricht etwa 10 Fu\u00df pro Sekunde Pfeilgeschwindigkeit. B\u00f6gen werden mit einer IBO-Geschwindigkeit bei 30 Zoll Auszugsl\u00e4nge bewertet. Wenn also Ihr spezieller Bogen eine IBO-Geschwindigkeit von 340 fps hat und Sie beabsichtigen, den Bogen mit 27 Zoll Auszugsl\u00e4nge zu schie\u00dfen, sollten Sie von vornherein mit einem Geschwindigkeitsverlust von etwa 30 fps rechnen (maximal 310 fps). Dies ist einer der Gr\u00fcnde, warum so viele Bogensch\u00fctzen &#8211; insbesondere kleinere M\u00e4nner &#8211; unangemessen lange Auszugsl\u00e4ngen w\u00e4hlen. Wir raten dringend von dieser Praxis ab, da die zus\u00e4tzliche Geschwindigkeit ein schlechter Kompromiss f\u00fcr den Verlust an Komfort und Kontrolle ist. Ein schneller Pfeil n\u00fctzt nichts, wenn Sie ihn nicht zuverl\u00e4ssig ins Ziel bringen k\u00f6nnen. Lassen Sie sich meinetwegen ein Stacheldraht-Tattoo stechen, aber begehen Sie nicht den machohaften Fehler, mit einer gr\u00f6\u00dferen Auszugsl\u00e4nge zu schie\u00dfen, als Sie ben\u00f6tigen.        <\/p>\n<p><strong>Erh\u00f6ht eine Bogensehnen-Schlaufe die Auszugsl\u00e4nge? <\/strong>Es scheint unter Bogensch\u00fctzen allgemein bekannt zu sein, dass eine Bogensehnen-Schlaufe einem zus\u00e4tzlichen halben Zoll Auszugsl\u00e4nge entspricht. Um ehrlich zu sein, w\u00e4re es einfacher, dem zuzustimmen und weiterzumachen, aber das ist technisch nicht korrekt. Verzeihen Sie uns, dass wir hier die Industrieblase zum Platzen bringen, aber hier ist der Sachverhalt: Die AMO\/ATA-Spezifikationen f\u00fcr die Messung der Auszugsl\u00e4nge beziehen sich auf die tats\u00e4chliche Bogensehne an ihrem Nockpunkt &#8211; nicht notwendigerweise auf den Befestigungspunkt, von dem aus sie gezogen wird. Wenn Sie einen Compoundbogen vollst\u00e4ndig ausziehen, wird die offizielle Auszugsl\u00e4nge ermittelt, indem man den Abstand vom Nockpunkt auf der Sehne in einer Linie senkrecht zur Mittellinie des Bogens zu einem imagin\u00e4ren Punkt \u00fcber dem Drehpunkt des Griffs misst und 1,75 Zoll hinzuf\u00fcgt. Haben Sie das verstanden? Wenn nicht, k\u00f6nnen Sie sich sp\u00e4ter in unserem Compoundbogen-Auswahlratgeber \u00fcber weitere technische Details des Compoundbogens informieren. Tatsache ist jedoch, dass eine Bogensehnen-Schlaufe &#8211; oder das Fehlen einer solchen &#8211; nichts mit der (offiziellen) mechanischen Auszugsl\u00e4nge eines Compoundbogens zu tun hat &#8230; aber &#8230;      <\/p>\n<p><strong>Ver\u00e4ndert eine Bogensehnen-Schlaufe das \u201eGef\u00fchl\u201c meiner Auszugsl\u00e4nge? <\/strong>Aha! Das ist die bessere Frage. Die Antwort lautet: m\u00f6glicherweise. Bei vollem Auszug sollte Ihr Ankerpunkt aus mehreren Schl\u00fcsselreferenzpunkten bestehen (physische Verbindungen zwischen Ihnen und dem Bogen), welche auch immer Sie bevorzugen. \u00dcbliche Referenzpunkte sind Nase an Sehne, Pfeilnocke am Mundwinkel, Kisser-Button ber\u00fchrt die Lippe, Hand an der Wange, Kn\u00f6chel im Ohr usw. Eine Bogensehnen-Schlaufe hat KEINEN Einfluss darauf, wie die Sehne Ihre Nase ber\u00fchrt oder wie die Nocke des Pfeils Ihren Mundwinkel ber\u00fchrt, aber eine Bogensehnen-Schlaufe wird Ihre Ausl\u00f6sehand etwa 1\/2 Zoll weiter hinten an Ihrer Wange positionieren. Wenn Sie sich dadurch so <q id=\"q-first-1\">f\u00fchlen<\/q>, als h\u00e4tten Sie eine l\u00e4ngere Auszugsl\u00e4nge, dann ja. Ansonsten nein.      <\/p>\n<p><strong>Ein abschlie\u00dfender Gedanke zu Auszugsl\u00e4ngen: <\/strong>Wenn Sie neu in diesem Sport sind, sollten Sie sich nicht zu sehr damit besch\u00e4ftigen, sich bis auf den Mikrometer genau zu analysieren. Sie werden mehr Erfolg haben, wenn Sie einfach die Durchschnittswerte ber\u00fccksichtigen und eine anf\u00e4ngliche Auszugsl\u00e4nge w\u00e4hlen, die \u00e4hnlich ist wie die anderer Personen mit Ihrer Gr\u00f6\u00dfe und Statur. Gl\u00fccklicherweise ist bei den meisten B\u00f6gen eine geringf\u00fcgige \u00c4nderung der Auszugsl\u00e4nge recht einfach. Es ist also zu Beginn keine Entscheidung \u00fcber Leben und Tod. Wenn Sie jedoch tiefer in den Sport eintauchen und beginnen, Ihr Spiel zu \u201everfeinern\u201c, m\u00f6chten Sie vielleicht ein wenig mit Ihrer Auszugsl\u00e4nge experimentieren.    <\/p>\n<h2>Eine gewichtige Entscheidung: das Zuggewicht<\/h2>\n<p><strong>Was ist das Zuggewicht? <\/strong>Das Zuggewicht eines Compoundbogens ist die Zugkraft, die erforderlich ist, um die Sehne zur\u00fcckzuziehen &#8211; einfach genug. Beachten Sie jedoch, dass das Zuggewicht eines Compoundbogens weder statisch noch linear ist. Das hei\u00dft, es ist nicht wie das Ziehen an einem Seil mit einem toten Gewicht am Ende &#8211; und das Zuggewicht wird auch nicht progressiv schwerer, je weiter Sie den Bogen zur\u00fcckziehen (wie bei einem Langbogen). Das Zuggewicht eines Compoundbogens wird durch die Geometrie des Nockensystems gesteuert, sodass die erforderliche Anstrengung w\u00e4hrend des Zugzyklus steigt und dann f\u00e4llt. Das macht einen Compoundbogen gewisserma\u00dfen \u201ezusammengesetzt\u201c. Der Zugzyklus wird mechanisch manipuliert, um die Energiespeicherung zu maximieren und uns einige ergonomische Vorteile zu verschaffen, die traditionelle Ausr\u00fcstung nicht bieten kann. In der Regel ist am Anfang und am Ende des Compoundbogen-Zughubes weniger Anstrengung erforderlich, und irgendwo in der Mitte erreichen Sie das gef\u00fcrchtete \u201eSpitzengewicht\u201c &#8211; den H\u00f6hepunkt &#8211; den Punkt, an dem Ihre maximale Anstrengung erforderlich ist. Hier wird das Zuggewicht eines Compoundbogens gemessen &#8211; am schwersten Punkt des Zyklus. Bei der Auswahl eines Zuggewichts sollten Sie sich auf diese Marke konzentrieren.        <\/p>\n<p><strong>Komfort ist der Schl\u00fcssel: <\/strong>Es gibt hier mehrere Faktoren zu ber\u00fccksichtigen, die \u00fcber die reine Kraft hinausgehen. Zuallererst empfehlen wir nachdr\u00fccklich, dass Sie ein Zuggewicht w\u00e4hlen, das f\u00fcr Sie KOMFORTABEL ist und Ihrem spezifischen Zweck entspricht. Bei Freizeitbogenschie\u00dfen wird ein Bogen mit zu hohem Zuggewicht Sie einfach weniger erfolgreich machen und den Sport f\u00fcr Sie weniger angenehm gestalten. Eine gute Faustregel ist, ein Zuggewicht zu w\u00e4hlen, das etwa 75% Ihrer \u201emaximalen\u201c Kraft erfordert. Wenn Ihr Bogen zu schwer zum Spannen ist (\u00fcberbogen) und Sie nur wenige Male schie\u00dfen k\u00f6nnen, bevor Sie erm\u00fcden, werden Sie z\u00f6gerlich sein zu \u00fcben und Ihr Spiel zu verbessern. Allerdings m\u00f6chten Sie auch, dass Ihr Bogen mit m\u00f6glichst viel Kraft schie\u00dft, insbesondere wenn Sie Gro\u00dfwild jagen, also sollten Sie auch nicht zu wenig Gewicht w\u00e4hlen (unterbogen). Nochmals, das richtige Gleichgewicht zwischen Komfort und Leistung liegt wahrscheinlich bei Ihrer \u201e75%\u201c-Marke.      <\/p>\n<p><img decoding=\"async\" src=\"https:\/\/www.huntersfriend.com\/assets\/images\/macho1.jpg\" alt=\"\u00fcberbogen mit zu hohem Zuggewicht\" align=\"right\" border=\"1\"><strong>Es lebe der Macho-Mann! <\/strong>Wir Bogenj\u00e4ger neigen dazu, harte Kerle zu sein &#8211; und einige von uns k\u00f6nnen einfach nicht widerstehen, Schwergewichtsb\u00f6gen (+75 lb. Spitzengewicht) zu w\u00e4hlen. Leider erweist sich die Wahl eines Schwergewichtsbogens meist als Fehler. Nur weil Sie Ihr P90X DVD-Set abgeschlossen haben und Ihr Ziegenbart voll gewachsen ist, bedeutet das nicht unbedingt, dass Sie \u00fcber die R\u00fccken- und Oberk\u00f6rperkraft verf\u00fcgen, um bequem einen 80# Hartkam-Bogen zu handhaben. Das k\u00f6nnen nur wenige. Wenn Sie nicht Hunderte und Aberhunderte von Pfeilen pro Woche geschossen und sich nicht speziell darauf konditioniert haben, einen Schwergewichtsbogen zu benutzen, empfehlen wir Ihnen, die Finger von den Schwergewichten zu lassen. Ein kraftvolles Zuggewicht klingt zwar glamour\u00f6s, wird aber wahrscheinlich nur Ihr Erlebnis ruinieren. Wenn Sie noch nie zuvor einen Compoundbogen benutzt haben und keine Ahnung haben, wo Sie anfangen sollen, hier einige allgemeine Richtlinien. Sie sollten Ihren gesunden Menschenverstand anwenden und diese Tabelle unter geb\u00fchrender Ber\u00fccksichtigung Ihres eigenen Alters und Ihrer allgemeinen k\u00f6rperlichen Verfassung interpretieren.       <\/p>\n<p>65-75#: Gro\u00dfrahmige M\u00e4nner (180+ lbs.)<br \/>\n55-65#: Mittelrahmige M\u00e4nner (150-180 lbs.)<br \/>\n45-55#: Gro\u00dfrahmige Frauen (160+ lbs.)<br \/>\n45-55#: Kleinrahmige M\u00e4nner (120-150 lbs.)<br \/>\n40-50#: Athletische \u00e4ltere Jungen (130-150 lbs.)<br \/>\n30-40#: Mittelrahmige Frauen (130-160 lbs.)<br \/>\n25-35#: Kleinrahmige Frauen (100-130 lbs.)<br \/>\n25-35#: Gr\u00f6\u00dfere Kinder (100-130 lbs.)<br \/>\n15-25#: Kleine Kinder (70-100 lbs.)  <\/p>\n<p><strong>Was ist mit der Geschwindigkeit? <\/strong>Entgegen der landl\u00e4ufigen Meinung f\u00fchrt ein h\u00f6heres Zuggewicht nicht automatisch zu einer signifikanten Erh\u00f6hung der Jagdpfeilgeschwindigkeiten &#8211; insbesondere bei Zuggewichten \u00fcber 60 lb. Spitzengewicht. Da Industriestandards mindestens 5 Grain Pfeilmasse pro Pfund Zuggewicht erfordern, ben\u00f6tigt ein 60# Spitzenbogen nur einen 300 Grain (5 x 60) Pfeil. Ein 70# Spitzenbogen erfordert einen 350 Grain (5 x 70) Pfeil und ein 80# Spitzenbogen einen 400 Grain (5 x 80) Pfeil. Obwohl der schwerere Bogen also mehr KE (Durchdringung) am Ziel erzeugt, gleichen die erh\u00f6hten Pfeilmasseanforderungen die potentiellen Geschwindigkeitsgewinne des Schie\u00dfens mit mehr Zuggewicht tendenziell aus. Wenn Sie sich also entscheiden, 20% mehr Zuggewicht zu ziehen, werden Sie wahrscheinlich nicht 20% mehr Pfeilgeschwindigkeit erhalten. Ein verantwortungsbewusster Pro-Shop richtet einen Bogen niemals so ein, dass er mit zu leichten Pfeilen schie\u00dft. Die 5-Grain-pro-Pfund-Regel muss aus Sicherheitsgr\u00fcnden immer eingehalten werden.       <\/p>\n<p><strong>Gef\u00e4hrliches Wild! <\/strong>Bei all dem Gesagten mag es einige spezifische Anwendungen geben, bei denen Schwergewichtsb\u00f6gen tats\u00e4chlich erforderlich sind (Afrikanischer Elefant, Spitzmaulnashorn, Kaffernb\u00fcffel, Nilkrokodil, etc.). Nat\u00fcrlich, wenn Sie vorhaben, DIESE Tiere mit einem Bogen zu jagen, sollten Sie wirklich ein Macho-Mann sein. Wenn Sie auf eine spezielle Jagd auf gef\u00e4hrliches Wild gehen, bringen Sie auf jeden Fall die Feuerkraft mit, die Ihr Ausr\u00fcster verlangt. Aber f\u00fcr nordamerikanisches Gro\u00dfwild ist ein Schwergewichtsbogen v\u00f6llig unn\u00f6tig, obwohl wir anmerken sollten, dass einige Staaten vorschreiben, dass ein Compoundbogen bestimmte Mindest-Zuggewichte erf\u00fcllen muss (normalerweise um die 40#), um Gro\u00dfwild wie Wei\u00dfwedelhirsche zu jagen. Erkundigen Sie sich bei den zust\u00e4ndigen Beh\u00f6rden Ihres Staates und beachten Sie stets die Regeln und Vorschriften f\u00fcr die legale Erlegung von Wild in Ihrem Staat.    <\/p>\n<p><strong>Pumpen Sie es auf! <\/strong>Wenn Sie sich immer noch nicht gut f\u00fchlen bez\u00fcglich Ihres Niveaus an Bogenj\u00e4gerkraft und -st\u00e4rke, keine Sorge. Die \u201eBogenschie\u00dfmuskeln\u201c, die zum Spannen eines Bogens verwendet werden, sind haupts\u00e4chlich gro\u00dfe Muskelgruppen in Ihrem oberen R\u00fccken (die gleichen Muskeln, die Sie zum Rudern eines Bootes oder zum Seilzugstart eines Rasenm\u00e4hers verwenden). Die meisten Menschen trainieren diese Muskeln nicht gezielt. Sie werden also wahrscheinlich feststellen, dass, sobald Sie sie in Anspruch nehmen, Ihre \u201eBogenschie\u00dfmuskeln\u201c schnell an Kraft gewinnen und das Spannen Ihres Bogens mit der Zeit leichter wird. Gl\u00fccklicherweise kommen die meisten B\u00f6gen mit mindestens 10 lbs. Zuggewichtseinstellung. Wenn Sie also ein neuer Sch\u00fctze sind, m\u00f6chten Sie vielleicht mit einem niedrigeren Zuggewicht beginnen &#8211; und das Zuggewicht allm\u00e4hlich \u201eerh\u00f6hen\u201c, w\u00e4hrend Sie konditionierter werden.      <\/p>\n\t\t<\/div>\n\t\t\t\t\t<\/div>\n\n\t\n\n<style>\n#row-669447397 > .col > .col-inner {\n  padding: 0px 0px 0px 0px;\n}\n@media (min-width:850px) {\n  #row-669447397 > .col > .col-inner {\n    padding: 0px 0px 50px 0px;\n  }\n}\n<\/style>\n<\/div>\n\t\t<\/div>\n\n\t\t\n<style>\n#section_1220635660 {\n  padding-top: 20px;\n  padding-bottom: 20px;\n}\n@media (min-width:550px) {\n  #section_1220635660 {\n    padding-top: 20px;\n    padding-bottom: 20px;\n  }\n}\n<\/style>\n\t<\/section>\n\t\n","protected":false},"excerpt":{"rendered":"","protected":false},"author":1,"featured_media":0,"parent":183060,"menu_order":0,"comment_status":"closed","ping_status":"closed","template":"","meta":{"footnotes":""},"class_list":["post-182878","page","type-page","status-publish","hentry"],"_links":{"self":[{"href":"https:\/\/www.huntersfriend.eu\/de\/wp-json\/wp\/v2\/pages\/182878","targetHints":{"allow":["GET"]}}],"collection":[{"href":"https:\/\/www.huntersfriend.eu\/de\/wp-json\/wp\/v2\/pages"}],"about":[{"href":"https:\/\/www.huntersfriend.eu\/de\/wp-json\/wp\/v2\/types\/page"}],"author":[{"embeddable":true,"href":"https:\/\/www.huntersfriend.eu\/de\/wp-json\/wp\/v2\/users\/1"}],"replies":[{"embeddable":true,"href":"https:\/\/www.huntersfriend.eu\/de\/wp-json\/wp\/v2\/comments?post=182878"}],"version-history":[{"count":7,"href":"https:\/\/www.huntersfriend.eu\/de\/wp-json\/wp\/v2\/pages\/182878\/revisions"}],"predecessor-version":[{"id":279500,"href":"https:\/\/www.huntersfriend.eu\/de\/wp-json\/wp\/v2\/pages\/182878\/revisions\/279500"}],"up":[{"embeddable":true,"href":"https:\/\/www.huntersfriend.eu\/de\/wp-json\/wp\/v2\/pages\/183060"}],"wp:attachment":[{"href":"https:\/\/www.huntersfriend.eu\/de\/wp-json\/wp\/v2\/media?parent=182878"}],"curies":[{"name":"wp","href":"https:\/\/api.w.org\/{rel}","templated":true}]}}