{"id":182876,"date":"2020-02-11T14:39:15","date_gmt":"2020-02-11T12:39:15","guid":{"rendered":"https:\/\/www.huntersfriend.eu\/?page_id=182876"},"modified":"2025-06-18T07:26:43","modified_gmt":"2025-06-18T05:26:43","slug":"vorlaufzeiten","status":"publish","type":"page","link":"https:\/\/www.huntersfriend.eu\/de\/wir-konnen-helfen\/vorlaufzeiten\/","title":{"rendered":"Lieferzeiten"},"content":{"rendered":"\n\t<section class=\"section\" id=\"section_1801116509\">\n\t\t<div class=\"section-bg fill\" >\n\t\t\t\t\t\t\t\t\t\n\t\t\t\n\n\t\t<\/div>\n\n\t\t\n\n\t\t<div class=\"section-content relative\">\n\t\t\t\n\t<div id=\"gap-1496531351\" class=\"gap-element clearfix\" style=\"display:block; height:auto;\">\n\t\t\n<style>\n#gap-1496531351 {\n  padding-top: 20px;\n}\n<\/style>\n\t<\/div>\n\t\n<div class=\"container section-title-container\" ><h1 class=\"section-title section-title-center\"><b aria-hidden=\"true\"><\/b><span class=\"section-title-main\" >Compoundbogen-Paketprogramm<\/span><b aria-hidden=\"true\"><\/b><\/h1><\/div>\n<div class=\"row align-center\"  id=\"row-2030708553\">\n\n\t<div id=\"col-1783979487\" class=\"col medium-12 small-12 large-8\"  >\n\t\t\t\t<div class=\"col-inner\"  >\n\t\t\t\n\t\t\t\n<h2>Die Kurzfassung<\/h2>\n<p><strong><img decoding=\"async\" class=\"alignright\" src=\"https:\/\/www.huntersfriend.com\/assets\/images\/leadtime1.jpg\" alt=\"\" border=\"0px\">EIN BIS F\u00dcNF ARBEITSTAGE:<\/strong> Die Mehrheit (etwa 94%) unserer kundenspezifischen Pro-Shop-Bestellungen wird innerhalb von 2-4 Arbeitstagen bearbeitet, gebaut, inspiziert und versandt. In den ruhigeren Monaten (Januar bis Mai) \u00fcbertreffen wir diesen Durchschnitt in der Regel um einen Tag. In den gesch\u00e4ftigeren Monaten (Juni bis Dezember) tendieren wir dazu, einen zus\u00e4tzlichen Tag zu ben\u00f6tigen.   Am realistischsten ist eine Durchlaufzeit von 1 bis 5 Tagen. Wir wissen, dass unsere Kunden darauf bedacht sind, die Pfeile so schnell wie m\u00f6glich in die H\u00e4nde zu nehmen und loszulegen. Deshalb erledigen wir unsere Bestellungen so schnell wie m\u00f6glich. Nichtsdestotrotz sto\u00dfen wir gelegentlich auf Hindernisse (eine sporadische R\u00fcckstandsbestellung, ung\u00fcnstige Wetterbedingungen, Ger\u00e4teausf\u00e4lle, Zombieangriffe, etc.). Sollte dies der Fall sein, werden wir Sie umgehend informieren. Andernfalls k\u00f6nnen Sie davon ausgehen, dass Ihre kundenspezifische Pro-Shop-Bestellung innerhalb weniger Arbeitstage auf dem Weg zu Ihnen sein wird.   Unser Email-Kundenservice informiert Sie w\u00e4hrenddessen \u00fcber Ihren Bestellstatus. Dies ist die Kurzfassung.<\/p>\n<h2>Die ausf\u00fchrliche Erl\u00e4uterung<\/h2>\n<p><strong><img decoding=\"async\" class=\"alignright\" src=\"https:\/\/www.huntersfriend.com\/assets\/images\/leadtime2.jpg\" alt=\"\" border=\"0px\">SERVICELEISTUNGEN SIND UNSER KERNGESCH\u00c4FT:<\/strong> Wir vertreiben B\u00f6gen nicht wie die Mehrheit der Internet- und Versandh\u00e4ndler f\u00fcr Bogensportartikel. Nahezu alles, was wir verkaufen, wird vor dem Versand in unserer Einrichtung gewartet. Weniger als 1% der von uns verkauften B\u00f6gen sind \u201enackte B\u00f6gen\u201c in versiegelten Kartons. Wir erachten dies als eine nachl\u00e4ssige und unverantwortliche Art, diese Art von Ausr\u00fcstung zu verkaufen. Unser Pro-Shop stellt j\u00e4hrlich \u00fcber 4.000 ma\u00dfgeschneiderte Compoundbogen-Pakete und \u00fcber 10.000 S\u00e4tze individuell angefertigter Pfeile zusammen, und jeder einzelne Bogen sowie jedes individuelle Pfeilset, das wir vorbereiten &#8211; vom preisg\u00fcnstigsten bis zum kostspieligsten &#8211; erh\u00e4lt unseren bestm\u00f6glichen Service und Support. Sie werden uns niemals dabei ertappen, wie wir uns wie ein \u201eGro\u00dfh\u00e4ndler\u201c verhalten. Wir sind kein Vertriebszentrum, kein Massenwarenh\u00e4ndler, kein Lagerbetrieb oder eine Art \u201ePower Seller\u201c. Wir sind schlicht ein engagierter Archery Pro-Shop, und wir bem\u00fchen uns intensiv darum, die Dinge beim ersten Mal korrekt zu erledigen. Selbstverst\u00e4ndlich sind wir auch bestrebt, z\u00fcgig zu arbeiten, doch die Ausf\u00fchrung qualitativ hochwertiger Arbeit hat stets Vorrang.        <\/p>\n<p><strong><img decoding=\"async\" class=\"alignright\" src=\"https:\/\/www.huntersfriend.com\/assets\/images\/leadtime3.jpg\" alt=\"\" border=\"0px\">NACH MA\u00df GEFERTIGT, NIEMALS VORGEFERTIGT:<\/strong> Unser Pro-Shop fertigt ein Bogensystem F\u00dcR SIE &#8211; gem\u00e4\u00df Ihren Spezifikationen, Gr\u00f6\u00dfen und Pr\u00e4ferenzen. Wir stellen keine Baugruppen im Voraus her. Wie Sie sehen werden, umfasst unser Prozess zahlreiche Schritte und kann nicht nachl\u00e4ssig durchgef\u00fchrt werden, wenn wir gute Resultate erzielen m\u00f6chten. Wir haben im Laufe der Jahre zehntausende neue Bogenj\u00e4ger ausgestattet, und wir nehmen uns die Zeit, um sicherzustellen, dass IHRE Ausr\u00fcstung korrekt zusammengestellt wird. Sobald Sie Ihre Auswahl getroffen haben, ist es an der Zeit f\u00fcr uns, mit der Arbeit zu beginnen. Wir beginnen mit dem Rohbogen und justieren ihn auf das pr\u00e4zise Zuggewicht und die Auszugsl\u00e4nge, die Sie gew\u00e4hlt haben. Wir \u00fcberpr\u00fcfen jeden Bogen auf korrekte Nockenrad-Synchronisation und korrigieren die \u00fcblichen Werksvers\u00e4umnisse (Nockenradneigung, nachl\u00e4ssige Achsabstandhalter, unsaubere Wicklungen, etc.). Anschlie\u00dfend installieren wir fachgerecht all Ihr Zubeh\u00f6r, Sehneneinlagen und zus\u00e4tzliche Vorrichtungen. Unser Gesch\u00e4ft ist mit modernen Fingerdruckbogenpressen ausgestattet, um die heutigen parallelen und \u00fcberparallelen Bogenmodelle handhaben zu k\u00f6nnen. Wir verwenden ausschlie\u00dflich kalibrierte digitale Gewichtswaagen und spezifizieren jede Auszugsl\u00e4nge nach der offiziellen AMO-Methode. Wir raten nicht einfach oder \u201eorientieren uns\u201c an dem, was auf dem Werksaufkleber der Wurfarme steht. WIR MESSEN UND VERIFIZIEREN TATS\u00c4CHLICH JEDE EINSTELLUNG.           <\/p>\n<p><strong>MASSGESCHNEIDERTE PFEILE UND GRUNDLEGENDE PFEILFLUGBAHN:<\/strong> Jedes Bogenpaket wird mit Pfeilen geliefert. Wir fertigen die meisten Pfeile speziell f\u00fcr Ihren individuellen Bogen an &#8211; wobei wir die Pfeilspine, das Gewicht, die L\u00e4nge und den FOC-Wert an die Leistungsmerkmale Ihres Bogens anpassen. Sobald die Pfeile fertiggestellt und unser anf\u00e4nglicher Montageprozess abgeschlossen ist, wird der Bogen zur Sehnendehnung vorbelastet und anschlie\u00dfend in unseren Einschie\u00dfraum gebracht, wo wir unsere grundlegenden Papiertuning-Verfahren durchf\u00fchren, um die Pfeilauflage-Ausrichtung und die grundlegende Pfeilflugbahn zu untersuchen. Wenn ein Bogensystem keinen sauberen \u201eEinschuss\u201c erzielen kann, ist es nicht bereit f\u00fcr den n\u00e4chsten Schritt. Wir h\u00f6ren nicht auf, bis wir es erreicht haben. Tats\u00e4chlich schneiden wir buchst\u00e4blich den tats\u00e4chlichen Einschuss-Papierbeweis aus unserem Einschie\u00dfraum aus und senden ihn an jeden Kunden &#8211; so ernst nehmen wir unseren Tuning-Prozess. Doch glauben Sie es oder nicht, das Papiertuning ist erst der Anfang.     <\/p>\n<p><strong><img decoding=\"async\" class=\"alignright\" src=\"https:\/\/www.huntersfriend.com\/assets\/images\/leadtime4.jpg\" alt=\"\" border=\"0px\">SCHIESSSTANDTESTS: <\/strong>Das Papiertuning ist nur der Beginn. Nachdem der Bogen nun relativ eingestellt ist, f\u00fchren wir Schie\u00dfstandtests (Gruppentuning) f\u00fcr jedes Bogensystem durch, um die Genauigkeit auf Distanz zu \u00fcberpr\u00fcfen &#8211; wobei wir bei Bedarf geringf\u00fcgige Anpassungen vornehmen, bis jeder Pfeil lasergerade fliegt. Wir beschie\u00dfen jedes neue System buchst\u00e4blich Dutzende Male, bis wir davon \u00fcberzeugt sind, dass der Bogen die Pfeile gut gruppiert und einwandfrei funktioniert. Dies gibt uns auch die Gelegenheit, Ger\u00e4uschprobleme zu beheben, Peep-Ausrichtungsfragen zu kl\u00e4ren, geringf\u00fcgige Befiederungskontakte zu beseitigen und all die anderen kleinen Unannehmlichkeiten zu beheben, die Bogensch\u00fctzen in den Wahnsinn treiben. Wir k\u00fcmmern uns f\u00fcr Sie darum. Wir glauben nicht an das Modell des \u201egerade gut genug\u201c. Wir arbeiten so lange weiter, bis es stimmt, damit Sie Ihre Zeit damit verbringen k\u00f6nnen, den Sport zu genie\u00dfen, anstatt an Ihrer Ausr\u00fcstung herumzubasteln.<\/p>\n<p><strong>VOREINSTELLUNG UND SPEZIFIZIERUNG DES SYSTEMS:<\/strong> Sobald der Bogen auf Distanz ordnungsgem\u00e4\u00df gruppiert, stellen unsere Mitarbeiter im Schie\u00dfstand Ihren obersten Visierpunkt manuell f\u00fcr einen 20-Yard-Schuss ein. Nat\u00fcrlich ist jeder Sch\u00fctze ein wenig anders. Was f\u00fcr eine Person absolut pr\u00e4zise ist, k\u00f6nnte f\u00fcr eine andere leicht abweichen &#8211; daher werden Ihre feinen Pin-Einstellungen Ihnen obliegen (klare Anleitungen sind beigef\u00fcgt). Aber unser Prozess bringt Sie komfortabel \u201eaufs Papier\u201c, sodass Sie nicht von Grund auf mit dem Einschie\u00dfen beginnen m\u00fcssen. Viele unserer Kunden ver\u00e4ndern ihre Visiereinstellungen nie von dem Punkt, an dem wir sie urspr\u00fcnglich eingestellt haben, und fast alle anderen berichten, dass ihre ersten Sch\u00fcsse innerhalb weniger Zentimeter vom Bullseye entfernt sind. In jedem Fall k\u00f6nnen Sie zuversichtlich davon ausgehen, dass Ihre ersten Sch\u00fcsse auf der Zielscheibe landen werden. Nach Abschluss der Leistungstests wiegen und spezifizieren wir die ma\u00dfgefertigten Pfeile, messen die tats\u00e4chlichen Pfeilgeschwindigkeiten f\u00fcr das System mit einem Chronographen, berechnen die verifizierte kinetische Energie-Leistung und dokumentieren die Einstellungen, endg\u00fcltigen Spezifikationen und Seriennummern des Bogensystems. Sie erhalten eine Kopie dieses Werkstattauftrags- und Testberichts &#8211; buchst\u00e4blich das \u201etechnische Zeugnis\u201c Ihres Bogens &#8211; damit Sie genau wissen, wie alles ausgefallen ist. Wir empfehlen Ihnen, diesen Bericht f\u00fcr zuk\u00fcnftige Referenzen und zu Versicherungszwecken aufzubewahren.<\/p>\n<p><strong><img decoding=\"async\" class=\"alignright\" src=\"https:\/\/www.huntersfriend.com\/assets\/images\/leadtime5.jpg\" alt=\"\" border=\"0px\">QUALIT\u00c4TSKONTROLLINSPEKTION UND VERPACKUNG:<\/strong> Nach Abschluss unseres Einrichtungsprozesses legt der Techniker das Bogenpaket dem QS-Inspektor zur Abnahme vor. Alles wird doppelt \u00fcberpr\u00fcft, einschlie\u00dflich der Drehmomente der Befestigungselemente und kritischer Abst\u00e4nde. Wenn der Bogen die Inspektion besteht, geht er zur Verpackung weiter, wo die Einstellungen, Spezifikationen und Zubeh\u00f6rteile ein letztes Mal \u00fcberpr\u00fcft werden. Anschlie\u00dfend werden der fertige Bogen, die Pfeile und alle losen Komponenten in einen Bogenkoffer geladen, um einen sicheren Transport zu Ihnen nach Hause zu gew\u00e4hrleisten.<\/p>\n<p><strong>ZUFRIEDENSTELLUNG? JA. SOFORT? NEIN:<\/strong> Wir verwenden diesen Prozess seit \u00fcber einem Jahrzehnt. Er funktioniert, aber er ben\u00f6tigt etwas Zeit. Und wenn es ein einzelnes Problem gibt, das uns bei unseren Kunden best\u00e4ndig in Schwierigkeiten bringt, dann ist es die Zeit. Menschen hassen es zu warten. Es ist ein Markt der sofortigen Befriedigung da drau\u00dfen &#8211; das verstehen wir. Kunden wollen es gestern haben. Nichtsdestotrotz werden wir weiterhin gute Handwerkskunst an erste Stelle setzen &#8211; denn das ist das Gr\u00fcndungsprinzip unseres Gesch\u00e4fts. Wir erfreuen uns einer au\u00dfergew\u00f6hnlich niedrigen R\u00fccksendequote (unter 1%) und eines ausgezeichneten Rufs f\u00fcr Kundenzufriedenheit (plus einer A+ Bewertung beim Better Business Bureau). Nochmals, wir sind bestrebt, Ihre Bestellung so schnell wie m\u00f6glich vorzubereiten und zu versenden, aber wir versuchen nicht, die Schnellsten zu sein. Wir wollen einfach die Besten sein. Wir bitten respektvoll um Ihre Geduld und hoffen, dass Sie uns die Zeit gew\u00e4hren, die wir ben\u00f6tigen, um Ihre Ausr\u00fcstung beim ersten Mal richtig vorzubereiten. Langfristig, denken wir, werden Sie zustimmen. Es ist die kl\u00fcgste Wahl f\u00fcr alle Beteiligten.<\/p>\n\t\t<\/div>\n\t\t\t\t\t<\/div>\n\n\t\n\n<style>\n#row-2030708553 > .col > .col-inner {\n  padding: 0px 0px 0px 0px;\n}\n@media (min-width:850px) {\n  #row-2030708553 > .col > .col-inner {\n    padding: 0px 0px 50px 0px;\n  }\n}\n<\/style>\n<\/div>\n\t\t<\/div>\n\n\t\t\n<style>\n#section_1801116509 {\n  padding-top: 20px;\n  padding-bottom: 20px;\n}\n@media (min-width:550px) {\n  #section_1801116509 {\n    padding-top: 20px;\n    padding-bottom: 20px;\n  }\n}\n<\/style>\n\t<\/section>\n\t\n","protected":false},"excerpt":{"rendered":"","protected":false},"author":50,"featured_media":0,"parent":183060,"menu_order":0,"comment_status":"closed","ping_status":"closed","template":"","meta":{"footnotes":""},"class_list":["post-182876","page","type-page","status-publish","hentry"],"_links":{"self":[{"href":"https:\/\/www.huntersfriend.eu\/de\/wp-json\/wp\/v2\/pages\/182876","targetHints":{"allow":["GET"]}}],"collection":[{"href":"https:\/\/www.huntersfriend.eu\/de\/wp-json\/wp\/v2\/pages"}],"about":[{"href":"https:\/\/www.huntersfriend.eu\/de\/wp-json\/wp\/v2\/types\/page"}],"author":[{"embeddable":true,"href":"https:\/\/www.huntersfriend.eu\/de\/wp-json\/wp\/v2\/users\/50"}],"replies":[{"embeddable":true,"href":"https:\/\/www.huntersfriend.eu\/de\/wp-json\/wp\/v2\/comments?post=182876"}],"version-history":[{"count":5,"href":"https:\/\/www.huntersfriend.eu\/de\/wp-json\/wp\/v2\/pages\/182876\/revisions"}],"predecessor-version":[{"id":279494,"href":"https:\/\/www.huntersfriend.eu\/de\/wp-json\/wp\/v2\/pages\/182876\/revisions\/279494"}],"up":[{"embeddable":true,"href":"https:\/\/www.huntersfriend.eu\/de\/wp-json\/wp\/v2\/pages\/183060"}],"wp:attachment":[{"href":"https:\/\/www.huntersfriend.eu\/de\/wp-json\/wp\/v2\/media?parent=182876"}],"curies":[{"name":"wp","href":"https:\/\/api.w.org\/{rel}","templated":true}]}}