{"id":182746,"date":"2020-01-30T10:34:39","date_gmt":"2020-01-30T08:34:39","guid":{"rendered":"https:\/\/www.huntersfriend.eu\/uber-uns\/"},"modified":"2025-06-18T07:26:19","modified_gmt":"2025-06-18T05:26:19","slug":"uber-uns","status":"publish","type":"page","link":"https:\/\/www.huntersfriend.eu\/de\/uber-uns\/","title":{"rendered":"\u00dcber uns"},"content":{"rendered":"<div class=\"row row-full-width align-center\"  id=\"row-825586727\">\n\n\t<div id=\"col-714420915\" class=\"col medium-8 small-12 large-8\"  >\n\t\t\t\t<div class=\"col-inner text-left\"  >\n\t\t\t\n\t\t\t\n<h1>\u00dcber uns<\/h1>\n<p><strong>Hauptkontakt: Dana Worster, Jr. <\/strong><br \/>\nE-Mail: dana@huntersfriend.eu<\/p>\n<div class=\"is-divider divider clearfix\" style=\"margin-top:2.0em;margin-bottom:2.0em;max-width:100%;height:1px;\"><\/div>\n<div class=\"row row-large\"  id=\"row-1307693010\">\n\n\t<div id=\"col-80525391\" class=\"col medium-6 small-12 large-6\"  >\n\t\t\t\t<div class=\"col-inner\"  >\n\t\t\t\n\t\t\t\n<p><strong>Hauptshop Standort &amp; Lager:<\/strong><br \/>Hunter es Friend Europa \/ Uittokalusto Oy<\/p>\n<p>+358 15 555 0402 \/ Kundenservice<br \/>+358 45 208 6292 \/ Dana<br \/>info@huntersfriend.eu<\/p>\n<p>Taitajantie 2<br \/>57210 Savonlinna, Finnland<br \/>Mo-Fr 8.00 &#8211; 16.00 Uhr (MEZ +1 Stunde)<\/p>\n\t\t<\/div>\n\t\t\t\t\t<\/div>\n\n\t\n\n\t<div id=\"col-885827474\" class=\"col medium-6 small-12 large-6\"  >\n\t\t\t\t<div class=\"col-inner\"  >\n\t\t\t\n\t\t\t\n\t\t<\/div>\n\t\t\t\t\t<\/div>\n\n\t\n<\/div>\n<div class=\"is-divider divider clearfix\" style=\"margin-top:2.0em;margin-bottom:2.0em;max-width:100%;height:1px;\"><\/div>\n<p>Hunter es Friend LLC wurde 1999 in Kentucky, USA gegr\u00fcndet und entwickelte sich schnell zu einem der gr\u00f6\u00dften eigenst\u00e4ndigen Archery Pro-Shops Amerikas. Sie haben Bogenj\u00e4ger und Bogensch\u00fctzen-Enthusiasten in jedem Staat und in den meisten L\u00e4ndern auf der ganzen Welt gedient.<\/p>\n<p>Hunter es Friend Europe Oy wurde 2010 gegr\u00fcndet und ist ein Unternehmen mit Sitz im bogenjagdverr\u00fcckten Finnland. Die wichtigsten Mitarbeiter von HFE verf\u00fcgen zusammen \u00fcber mehr als 55 Jahre Erfahrung im Bogengesch\u00e4ft und lebenslange Erfahrung in der Jagd in den W\u00e4ldern Europas und Nordamerikas. Wir wurden speziell von Hunter es Friend USA ausgew\u00e4hlt, um das Hunter es Friend-Konzept nach Europa zu bringen und die spezifischen Bed\u00fcrfnisse seiner europ\u00e4ischen Bowhunting-Kunden zu bedienen. Hunter es Friend Europe, Oy (HFE) ist jetzt ein autorisiertes Franchise von Hunter es Friend LLC.<\/p>\n<p>Das Konzept ist einfach. <strong>Bogensch\u00fctzen sollten sich nicht entscheiden m\u00fcssen, ob sie guten Service erhalten oder einen fairen Preis erhalten.<\/strong> Die Europ\u00e4er sollten auch nicht den ganzen Weg \u00fcber den Ozean gehen m\u00fcssen, nur um ein besseres Abkommen zu erzielen. Bogensch\u00fctzen-Konsumenten hatten traditionell zwei M\u00f6glichkeiten: viel Geld bezahlen, um von einem lokalen Pro-Shop zu kaufen, wo Sie technischen Service erhalten k\u00f6nnen, oder versuchen, Geld zu sparen, um Geld zu kaufen Kauf von einem Discount-Versandh\u00e4ndler, die Sie &#8222;auf eigene Faust&#8220; in Bezug auf Setup und Tuning verl\u00e4sst. Wir glauben, dass Bogenj\u00e4ger und Bogensch\u00fctzen nicht das eine oder andere w\u00e4hlen m\u00fcssen. Sie sollten in der Lage sein, einen guten technischen Service und einen fairen Preis zu erhalten. Das ist unser Ziel.<\/p>\n<p>Wir haben also hart daran gearbeitet, die L\u00fccke zwischen den Konzepten des lokalen und des Versandhandels zu \u00fcberbr\u00fccken. Wir verkaufen keine B\u00f6gen wie die meisten Internet- und Versandhandels-Bogenschie\u00dfen-Anbieter. Weniger als 5 der B\u00f6gen, die wir \u00fcber unsere Webseiten verkaufen, sind &#8222;bare B\u00f6gen&#8220;. Die anderen 95 sind &#8222;Ready-to-Hunt&#8220; B\u00f6gen, die wir zuerst in unserem Pro-Shop einrichten und warten. Und dank unserer benutzerdefinierten Einrichtungs- und Messmethodik haben wir den Mythos weitgehend zerstreut, dass Sie physisch in ein Gesch\u00e4ft gehen m\u00fcssen, um sicherzustellen, dass Ihre Bogenschie\u00dfausr\u00fcstung richtig ausgestattet und eingerichtet ist. Hunter es Friend USA hat Tausende von Bogenj\u00e4gern in Europa \u00fcber das Ready-to-Hunt-Programm aus Amerika ausgestattet, und seit 2010 tut Hunter es Friend Europe dies von innerhalb der EU auf dem gleichen Niveau des Erfolgs. Wir w\u00fcrden uns freuen, Ihnen zu beweisen, dass wir jetzt, da wir in Europa sind, einen noch besseren Job machen k\u00f6nnen, indem wir einen zug\u00e4nglichen Kundenservice zusammen mit unseren qualitativ hochwertigen Produkten und vern\u00fcnftigen Preisen anbieten.<\/p>\n<p>Heute sind wir bereits einer der gesch\u00e4ftigsten Bogenschie\u00df-Pro-Shops in ganz Europa und wir sind stolz darauf, der vertrauensw\u00fcrdige Partner von Hunter es Friend USA zu sein. So hat sich unser Pro-Shop in den letzten Jahren zu einem gesch\u00e4ftigen Ort entwickelt und wir werden rechtzeitig neue Standorte in ganz Europa er\u00f6ffnen, um diese Standards aufrecht zu erhalten.<\/p>\n<h2 class=\"lead\">Danke!<\/h2>\n<p>W\u00e4hrend wir nie davon getr\u00e4umt haben, dass unser Single Pro-Shop so erfolgreich sein k\u00f6nnte und zu dem wird, was er heute hat, sind wir allen Bogenj\u00e4gern, die eine Chance auf Hunter es Friend ergriffen haben, aufrichtig dankbar &#8211; und f\u00fcr die vielen treuen und wiederkehrenden Kunden, die ihre neuen Compoundb\u00f6gen kaufen fr om Hunter es Friend in Amerika und in Europa.<\/p>\n<p>Unsere Website ist derzeit nur in wenigen Sprachen verf\u00fcgbar. Wir arbeiten hart daran, mehr Sprachm\u00f6glichkeiten auf unserer Website hinzuzuf\u00fcgen. Bitte h\u00e4ngen Sie dort.<\/p>\n<p>Hunter es Friend Europe Oy ist Mitglied der Archery Trade Association (ATA).<\/p>\n\t\t<\/div>\n\t\t\t\t\t<\/div>\n\n\t\n<\/div>\n","protected":false},"excerpt":{"rendered":"","protected":false},"author":1,"featured_media":0,"parent":0,"menu_order":0,"comment_status":"closed","ping_status":"closed","template":"","meta":{"footnotes":""},"class_list":["post-182746","page","type-page","status-publish","hentry"],"_links":{"self":[{"href":"https:\/\/www.huntersfriend.eu\/de\/wp-json\/wp\/v2\/pages\/182746","targetHints":{"allow":["GET"]}}],"collection":[{"href":"https:\/\/www.huntersfriend.eu\/de\/wp-json\/wp\/v2\/pages"}],"about":[{"href":"https:\/\/www.huntersfriend.eu\/de\/wp-json\/wp\/v2\/types\/page"}],"author":[{"embeddable":true,"href":"https:\/\/www.huntersfriend.eu\/de\/wp-json\/wp\/v2\/users\/1"}],"replies":[{"embeddable":true,"href":"https:\/\/www.huntersfriend.eu\/de\/wp-json\/wp\/v2\/comments?post=182746"}],"version-history":[{"count":1,"href":"https:\/\/www.huntersfriend.eu\/de\/wp-json\/wp\/v2\/pages\/182746\/revisions"}],"predecessor-version":[{"id":279488,"href":"https:\/\/www.huntersfriend.eu\/de\/wp-json\/wp\/v2\/pages\/182746\/revisions\/279488"}],"wp:attachment":[{"href":"https:\/\/www.huntersfriend.eu\/de\/wp-json\/wp\/v2\/media?parent=182746"}],"curies":[{"name":"wp","href":"https:\/\/api.w.org\/{rel}","templated":true}]}}